{"id":48,"date":"2012-01-31T10:27:33","date_gmt":"2012-01-31T10:27:33","guid":{"rendered":"http:\/\/obratenykatolik.sk\/?page_id=48"},"modified":"2018-02-04T16:51:19","modified_gmt":"2018-02-04T16:51:19","slug":"maria-katolickej-cirkvi-a-zjavenia-marie","status":"publish","type":"page","link":"https:\/\/obratenykatolik.sk\/?page_id=48","title":{"rendered":"M\u00e1ria Katol\u00edckej cirkvi a zjavenia M\u00e1rie"},"content":{"rendered":"<p><strong>Porovn\u00e1vanie Biblie s\u00a0u\u010den\u00edm RKC a\u00a0zjaveniami M\u00e1rie<\/strong><\/p>\n<p>M\u00e1riu katol\u00edcke u\u010denie \u00a0a\u00a0zjavenia \u201eM\u00e1rie\u201c robia rovnou Kristovi.<\/p>\n<p>Biblia tvrd\u00ed, \u017ee Je\u017ei\u0161 je nov\u00fdm Adamom, zatia\u013e \u010do zjavenia a\u00a0RKC tvrdia, \u017ee M\u00e1ria je novou Evou.<\/p>\n<p>Biblia tvrd\u00ed, \u017ee Je\u017ei\u0161 bol vzat\u00fd na nebesia, zatia\u013e \u010do RKC a zjavenia tvrdia \u017ee M\u00e1ria bola vzat\u00e1 do neba vo svojom tele.<\/p>\n<p>Biblia tvrd\u00ed, \u017ee Je\u017ei\u0161 s\u00e1m zlomil skutky diabla na kr\u00ed\u017ei a\u00a0rozdrv\u00ed satanovu hlavu, zatia\u013e \u010do zjavenia a\u00a0RKC tvrdia, \u017ee M\u00e1ria rozdrv\u00ed satanovu hlavu svojou p\u00e4tou. \u00a0(Gn 3, 15)<\/p>\n<p>Biblia naz\u00fdva Je\u017ei\u0161a ako Rann\u00e1 hviezda, zatia\u013e \u010do Mari\u00e1nski ctitelia a\u00a0RKC naz\u00fdvaj\u00fa M\u00e1riu Rannou hviezdou.<\/p>\n<p>Biblia pripisuje jedine\u010dn\u00e9 vlastnosti Je\u017ei\u0161ovi a\u00a0zjavenia M\u00e1rie a\u00a0RKC ju pripisuj\u00fa aj pre M\u00e1riu.<\/p>\n<p>&nbsp;<\/p>\n<p><strong>Nasleduj\u00face tituly M\u00e1rie si zrovnajte s\u00a0Je\u017ei\u0161ov\u00fdmi titulmi ktor\u00e9 sa pripisuj\u00fa v\u00a0Biblii jedine jemu:<\/strong><\/p>\n<p>Je\u017ei\u0161 ako Spasite\u013e, Z\u00e1chranca Jn 4, 42; Sk 4,11-12; Hebr 14,25; Oz 13,4 \u2013 M\u00e1ria Z\u00e1chranky\u0148a<\/p>\n<p>Je\u017ei\u0161 ako trpiaci slu\u017eobn\u00edk Sk14,22; 1Pt2,21-24; Hebr 13,12 \u2013 M\u00e1ria trpiaca slu\u017eobnica<\/p>\n<p>Je\u017ei\u0161, dielo vyk\u00fapenia dokon\u010den\u00e9 Iz53,5; 1Pt3,18; Hebr10,12-14 \u2013 M\u00e1ria dielo vykupite\u013ea pokra\u010duje<\/p>\n<p>Je\u017ei\u0161 ako jedin\u00fd Prostredn\u00edk Iz 53,12; Rim8,34; Hebr8,6 a\u00a012,24 \u2013 M\u00e1ria Prostrednica<\/p>\n<p>Je\u017ei\u0161 Pr\u00edhovorca Iz53,12; Rim8,34 \u2013 M\u00e1ria Pr\u00edmluvnica<\/p>\n<p>Je\u017ei\u0161 Obh\u00e1jca 1Jn2,1-2; Hebr9,24 \u2013 M\u00e1ria Obh\u00e1jky\u0148a<\/p>\n<p>Je\u017ei\u0161 Vykupite\u013e \u017d31,5; Tit2,13-14; Zjv5,9 \u2013 M\u00e1ria Spoluvykupite\u013eka<\/p>\n<p>Je\u017ei\u0161 Bezhrie\u0161ny 2Kor5,21; Mt19,17; 1Jn3,5; Rim3,23 \u2013 M\u00e1ria Bezhrie\u0161na, Nepo\u0161kvrnen\u00e9 po\u010datie<\/p>\n<p>Je\u017ei\u0161 V\u0161adepr\u00edtomn\u00fd \u017d139,7-9; Hebr13,5; Mt28,20 \u2013 M\u00e1ria V\u0161adepr\u00edtomn\u00e1<\/p>\n<p>Je\u017ei\u0161 Bo\u017esk\u00fd \u017d 86,10; Iz 44,6; Jn 1, 1; Jn 1,14 \u2013 M\u00e1ria Bo\u017esk\u00e1<\/p>\n<p>Je\u017ei\u0161 Hoden uctievania Ex 20,4-5; Sk 10,24-26; Zjv 22,8-9 \u2013 M\u00e1ria Hodn\u00e1 uctievania<\/p>\n<p>Je\u017ei\u0161 Kr\u00e1\u013e pokoja Iz 9,6; Kol 1,19-20 &#8211; M\u00e1ria Kr\u00e1\u013eovn\u00e1 pokoja<\/p>\n<p>Je\u017ei\u0161 Kr\u00e1\u013e Kr\u00e1\u013eov 1Tim 6,15-16; Flp 2,9-11 \u2013 M\u00e1ria\u00a0 Kr\u00e1\u013eovn\u00e1 Kr\u00e1\u013eovien<\/p>\n<p>Je\u017ei\u0161 Nov\u00fd Adam 1kor 15,22; 1Kor 15,45 \u2013 M\u00e1ria Nov\u00e1 Eva<\/p>\n<p>Je\u017ei\u0161 vzat\u00fd do neba v\u00a0tele Jn 6,62; Ef 4,8-10; 1Kor 15,14 \u2013 M\u00e1ria vzat\u00e1 do neba v\u00a0tele<\/p>\n<p>Je\u017ei\u0161 Ochranca \u017d 59,11; \u017d 119,114; Pr\u00eds 3,5 \u2013 M\u00e1ria Ochranky\u0148a<\/p>\n<p>Je\u017ei\u0161 kon\u00e1 z\u00e1zraky Jn 20,30; Sk 2,22 \u2013 M\u00e1ria kon\u00e1 z\u00e1zraky<\/p>\n<p>Je\u017ei\u0161 Prorok Dt 18, 18-19; Iz 46,10; Jn 7,40 \u2013 M\u00e1ria Proroky\u0148a<\/p>\n<p>Je\u017ei\u0161 Rann\u00e1 Hviezda 2Pt, 1-19; Zjv 22,16 \u2013 M\u00e1ria Rann\u00e1 Hviezda<\/p>\n<p>Je\u017ei\u0161 rozmlia\u017edi \u00a0satana Rim 16,20; 1Jn 3,8 \u2013 M\u00e1ria rozmla\u017edi satana<\/p>\n<p>Je\u017ei\u0161 Kr\u00e1\u013e n\u00e1rodov Jer 10,7; Zjv 15,3 \u2013 M\u00e1ria matka v\u0161etk\u00fdch n\u00e1rodov<\/p>\n<p>Tieto v\u0161etky vymenovan\u00e9 tituly by mali sta\u010di\u0165, aby sa h\u013eadaj\u00facemu katol\u00edkovi vyjasnilo, kto je to vlastne M\u00e1ria, ktor\u00fa n\u00e1m prezentuje Katol\u00edcka cirkev a\u00a0zjavenia. Pre lep\u0161ie pochopenie polo\u017e\u00edm ot\u00e1zku:<\/p>\n<p><strong>Kto sa od po\u010diatku sveta sna\u017e\u00ed by\u0165 ako Boh?<\/strong><\/p>\n<p><strong>Kto od po\u010diatku sveta sa sna\u017e\u00ed odvr\u00e1ti\u0165 pozornos\u0165 \u010dloveka od Boha, ktor\u00e9mu \u00a0jedin\u00e9mu patr\u00ed \u00facta, moc a\u00a0sl\u00e1va?<\/strong><\/p>\n<p><strong>Niekto si tu privlast\u0148uje tituly a\u00a0\u00factu \u010dloveka, ktor\u00e1 patr\u00ed jedine Bohu. Kto je to t\u00e1 mimobiblick\u00e1 katol\u00edcka M\u00e1ria?<\/strong><\/p>\n<p>V Biblii, ke\u010f \u010d\u00edtame v Zjavenie apo\u0161tola J\u00e1na 4 a\u00a05 kapitolu nie je o tak \u010dasto spom\u00ednanej Kr\u00e1\u013eovnej neba \u017eiadna zmienka. J\u00e1n vid\u00ed koniec \u010dasov, koniec sveta, vid\u00ed ako je to okolo Bo\u017eieho tr\u00f3nu, v\u00a0nebi. NIKDE sa tam nespom\u00edna \u017eiadna Kr\u00e1\u013eovn\u00e1, nikde nespom\u00edna M\u00e1riu, tob\u00f4\u017e aby mala nejak\u00fa d\u00f4le\u017eit\u00fa funkciu v\u00a0nebi.<\/p>\n<p>Zjavenia M\u00e1rie prich\u00e1dzaj\u00fa ako Kr\u00e1\u013eovn\u00e1, ktor\u00e1 m\u00e1 v\u0161etku moc od Krista a\u00a0Kristove vlastnosti. Mnoho modlitieb k\u00a0M\u00e1rii poukazuj\u00fa na jej zvrchovanos\u0165 a rovnos\u0165\u00a0 s\u00a0Je\u017ei\u0161om Kristom. V\u00a0niektor\u00fdch modlitb\u00e1ch sa M\u00e1rii zveruje na\u0161e spasenie.<\/p>\n<p>Zjavenia M\u00e1rie s\u013eubuj\u00fa ve\u010dn\u00fd \u017eivot t\u00fdm, ktor\u00fd nosia \u0161kapuliar, alebo z\u00e1zra\u010dn\u00fa medailu&#8230;<\/p>\n<p>Teraz je medzi \u013eudom aj niektor\u00fdmi k\u0148azmi popul\u00e1rna modlitba k\u00a0M\u00e1rii Spoluvykupite\u013eke. Aj jeden z\u00a0najbli\u017e\u0161\u00edch \u010dlenov mojej rodiny sa ju denne modl\u00ed. S\u00fa tlaky, aby bola schv\u00e1len\u00e1 dogma Spoluvykupite\u013eky. P\u00ed\u0161e sa, \u017ee po schv\u00e1len\u00ed dogmy M\u00e1ria Spolovykupite\u013eka nastane doba pokoja a\u00a0mieru. Ale ak\u00e1 doba pokoja a\u00a0mieru nastane, ke\u010f Biblia predpoved\u00e1 na posledn\u00e9 \u010dasy len viac a\u00a0viac utrpenia a\u00a0bolest\u00ed:<\/p>\n<p><strong>(1Sol 5:1-3 [SSV])<\/strong><\/p>\n<p><em>O \u010dasoch a chv\u00ed\u013each v\u00e1m netreba, bratia, p\u00edsa\u0165,<strong><\/strong> lebo sami ve\u013emi dobre viete, \u017ee P\u00e1nov de\u0148 pr\u00edde ako zlodej v noci.<strong><\/strong> Ke\u010f bud\u00fa hovori\u0165: \u201eJe pokoj a istota,\u201c vtedy znenazdania pr\u00edde na nich z\u00e1huba ako bolesti na rodi\u010dku a neunikn\u00fa.<\/em><strong><\/strong><\/p>\n<p>Dogma Spoluvykupite\u013eky bude najv\u00e4\u010d\u0161ia v\u00fdhra Satana, lebo to bude tot\u00e1lne popretie vykupite\u013esk\u00e9ho diela Je\u017ei\u0161a Krista.<\/p>\n<p>&nbsp;<\/p>\n<p><strong>A\u00a0\u010do ovocie zjaven\u00ed?<\/strong><strong><\/strong><\/p>\n<p>Nemali by sme sa zamera\u0165 na premenen\u00e9 \u017eivoty a\u00a0dobr\u00e9 ovocie?<\/p>\n<p>Satan je otec l\u017ei a\u00a0nie je v\u00a0\u0148om pravda. A\u00a0najv\u00e4\u010d\u0161ie z\u00a0najv\u00e4\u010d\u0161\u00edch l\u017e\u00ed potom vypadaj\u00fa ako pravda. Zjavenia M\u00e1rie s\u00fa zmie\u0161anina pravdy a\u00a0l\u017ei. Evanjelium \u2013 radostn\u00e1 zves\u0165 o\u00a0sp\u00e1se je ve\u013emi jednoduch\u00e1 a\u00a0satan sa ju sna\u017e\u00ed zmari\u0165, urobi\u0165 komplikovanou.<strong><\/strong><\/p>\n<p><strong>S\u00e1m Satan pozn\u00e1 Bibliu a\u00a0pozn\u00e1 evanjelium o\u00a0sp\u00e1se. Preto nechce, aby \u010dlovek vlo\u017eil d\u00f4veru iba v\u00a0Je\u017ei\u0161a Krista samotn\u00e9ho.<\/strong><\/p>\n<p>Preto vymyslel naj\u013estivej\u0161\u00ed podvod na \u013eudstvo \u2013 M\u00e1riu, ak\u00fa Biblia nikde nespom\u00edna. Skazen\u00e1 \u013eudsk\u00e1 prirodzenos\u0165 si po\u010das celej svojej hist\u00f3rie k r\u00f4znym bo\u017estv\u00e1m v\u017edy prid\u00e1vala aj bohy\u0148u. Tak je to aj u\u00a0katol\u00edkov. Satan zneu\u017eil t\u00fato t\u00fa\u017ebu po bohyni a\u00a0predklad\u00e1 ju \u013eudstvu.<\/p>\n<p><strong>(Iz 42:8)<\/strong><\/p>\n<p><em>\u201eJa som Jahve, to je moje meno a svoju sl\u00e1vu in\u00e9mu ned\u00e1m, ani svoju chv\u00e1lu modl\u00e1m.<\/em><\/p>\n<p><strong>(2Kor 11:3-4)<\/strong><\/p>\n<p><em>Boj\u00edm sa v\u0161ak, aby sa va\u0161e zm\u00fd\u0161\u013eanie neskazilo a neodch\u00fdlilo od \u00faprimnej a \u010distej oddanosti Kristovi, ako ke\u010f had zviedol Evu svojou \u013estivos\u0165ou.<strong> <\/strong><strong>Lebo vy spokojne znesiete, ke\u010f niekto pr\u00edde a hl\u00e1sa in\u00e9ho Krista, ak\u00e9ho sme my nehl\u00e1sali, alebo prij\u00edmate in\u00e9ho Ducha, ak\u00e9ho ste nedostali, alebo in\u00e9 evanjelium, ak\u00e9 ste neprijali.<\/strong><\/em><strong><\/strong><\/p>\n<p>Boh u\u017e sa zjavil tomuto svetu. V\u0161etko potrebn\u00e9 je sp\u00edsan\u00e9 v\u00a0Biblii. Ak by aj nie\u010do zjavil, t\u00e1to spr\u00e1va by neprotire\u010dila Biblii. A\u00a0P\u00edsmo nemo\u017eno zru\u0161i\u0165 (Jn 10,35). Je\u017ei\u0161 Kristus\u00a0 sa nemen\u00ed, on je ten ist\u00fd v\u010dera, dnes a\u00a0naveky.<\/p>\n<p>M\u00e1ria zjaven\u00ed a\u00a0katol\u00edcka M\u00e1ria v\u017edy spom\u00ednaj\u00fa in\u00fd pl\u00e1n sp\u00e1sy \u2013 in\u00e9 evanjelium. Je to evanjelium skutkov, om\u0161\u00ed, prij\u00edman\u00ed, \u00facty ku k\u0148azom&#8230;<\/p>\n<p>Pod\u013ea Biblie s\u00fa to dva zdroje, ktor\u00e9 s\u00fa schopn\u00e9 posiela\u0165 spr\u00e1vy svetu. Bu\u010f s\u00fa to spr\u00e1vy od Boha a\u00a0jeho slu\u017eobn\u00edkov, alebo od Satana a\u00a0jeho slu\u017eobn\u00edkov.<\/p>\n<p>Predpoved\u00e1 Biblia podvodn\u00edkov? (2Kor 11,14-15; 1Kor 4,1-2; Mt 24,4-5)<\/p>\n<p>Je Kr\u00e1\u013eovn\u00e1 nebies zmienen\u00e1 v\u00a0Biblii? (Jer 7,18; Jer 44,9)<\/p>\n<p><strong>\u00a0(1Tim 4:1-7 [SSV])<\/strong><\/p>\n<p><em>Duch v\u00fdslovne hovor\u00ed, \u017ee v posledn\u00fdch \u010dasoch niektor\u00ed odpadn\u00fa od viery a bud\u00fa sa pridr\u017eiava\u0165 zvodn\u00fdch duchov a u\u010denia d\u00e9monov,<\/em><strong><em> <\/em><\/strong><em>zveden\u00ed pokrytectvom luh\u00e1rov, ktor\u00ed maj\u00fa na svedom\u00ed vyp\u00e1len\u00e9 znamenie;<\/em><strong><em> <\/em><\/strong><em>zabra\u0148uj\u00fa \u017eeni\u0165 sa a jes\u0165 pokrmy, ktor\u00e9 Boh stvoril, aby ich so vzd\u00e1van\u00edm v\u010faky po\u017e\u00edvali veriaci a t\u00ed, \u010do spoznali pravdu.<\/em><strong><em> <\/em><\/strong><em>Ve\u010f v\u0161etko, \u010do Boh stvoril, je dobr\u00e9 a nem\u00e1 sa zavrhova\u0165 ni\u010d, \u010do sa prij\u00edma so vzd\u00e1van\u00edm v\u010faky,<\/em><strong><em> <\/em><\/strong><em>lebo sa to posv\u00e4cuje Bo\u017e\u00edm slovom a modlitbou.<\/em><strong><em> <\/em><\/strong><em>Ak toto bude\u0161 predklada\u0165 bratom, bude\u0161 dobr\u00fdm slu\u017eobn\u00edkom Krista Je\u017ei\u0161a, \u017eiven\u00fdm slovami viery a dobr\u00e9ho u\u010denia, ktor\u00e9 si si osvojil.<\/em><strong><em> <\/em><\/strong><em>Svet\u00e1ckym a babsk\u00fdm b\u00e1jkam sa vyh\u00fdbaj. <\/em><strong><em><\/em><\/strong><\/p>\n<p>Existuje jedin\u00e1 cirkev, ktor\u00e1 zakazuje \u017eeni\u0165 sa (k\u0148azom, vyd\u00e1va\u0165 sa mn\u00ed\u0161kam) zakazuje jes\u0165 pokrmy (jes\u0165 m\u00e4so na popolcov\u00fa stredu a\u00a0ve\u013ek\u00fd piatok je \u0165a\u017ek\u00fdm hriechom , cez k\u00e1ntrov\u00e9 dni sa tie\u017e nem\u00e1 jes\u0165 m\u00e4so) . T\u00e1to cirkev nie je \u017eiven\u00e1 slovami viery a\u00a0dobr\u00e9ho u\u010denia. Prid\u0155\u017ea sa okrem trad\u00edcie aj babsk\u00fdch b\u00e1jok (napr.: uznan\u00e9 zjavenia M\u00e1rie \u2013 Fatima, Lurdy).<\/p>\n<p>Ke\u010f som mojej mame a\u00a0rodine zvestoval Bo\u017eie slovo, v\u017edy sa do m\u0148a opreli cit\u00e1tmi zjaven\u00ed, cit\u00e1tmi katol\u00edckych sv\u00e4t\u00fdch. Ke\u010f u\u017e moja mama nemohla oponova\u0165 Biblick\u00fdmi cit\u00e1tmi, za\u010dala mi citova\u0165 Valtortu (vlastn\u00ed v\u0161etk\u00fdch desa\u0165 dielov), kde jej Je\u017ei\u0161 a\u00a0M\u00e1ria zjavili &#8222;pravdy&#8220;\u00a0 Je\u017ei\u0161ovho \u017eivota&#8230; Zjavenia \u2013 babsk\u00e9 b\u00e1jky pokladaj\u00fa za viac ako Bo\u017eie slovo.<\/p>\n<p><em>(M\u00e1ria Valtorta: Evanjelium, ako mi bolo zjaven\u00e9, 10 dielov, v\u00a0s\u00fa\u010dasnosti ob\u013e\u00faben\u00e9 \u010d\u00edtanie niektor\u00fdch zbo\u017en\u00fdch katol\u00edkov.)<\/em><\/p>\n<p>Odpadnutie od viery v\u00a0posledn\u00fdch \u010dasoch je najviac vidite\u013en\u00e9 v\u00a0dne\u0161n\u00fdch \u010dasoch.\u00a0 Slovo Kristus znamen\u00e1 Pomazan\u00fd. Ten, kto prich\u00e1dza v\u00a0jeho mene prehlasuje \u017ee prich\u00e1dza s\u00a0Je\u017ei\u0161ovou autoritou a\u00a0tvrd\u00ed, \u017ee je Bohom pomazan\u00fd pre d\u00f4le\u017eit\u00fa \u00falohu. A\u00a0to tvrd\u00ed \u201eM\u00e1ria\u201c v\u00a0zjaveniach v\u00a0teraj\u0161\u00edch \u010dasoch. Kon\u00e1 z\u00e1zraky:<\/p>\n<p><strong>(2Sol 2:8-10 )<\/strong><\/p>\n<p><em>Potom sa zjav\u00ed ten <strong>zlo\u010dinec<\/strong>, ktor\u00e9ho P\u00e1n Je\u017ei\u0161 <strong>zabije dychom svojich \u00fast<\/strong> a zni\u010d\u00ed jasom svojho pr\u00edchodu<strong>; <\/strong>toho, ktor\u00fd pr\u00edde p\u00f4soben\u00edm satana so v\u0161etkou mocou, znameniami a klamn\u00fdmi z\u00e1zrakmi<strong> <\/strong>a s ka\u017ed\u00fdm zvodom do nepr\u00e1vosti pre t\u00fdch, \u010do id\u00fa do z\u00e1huby, lebo neprijali l\u00e1sku k pravde, aby mohli by\u0165 spasen\u00ed.<\/em><\/p>\n<p>Boh n\u00e1m predpovedal v\u00a0Biblii bud\u00facnos\u0165, posledn\u00e9 \u010dasy. On je nad\u010dasov\u00fd. Ale je tu aj Satan, ktor\u00fd pozn\u00e1 Bibliu a\u00a0sna\u017e\u00ed sa napodobni\u0165 a\u00a0sfal\u0161ova\u0165 z\u00e1zraky. (Pozri si 13 kapitolu Deuteron\u00f3mia).<\/p>\n<p><strong>Ot\u00e1zkou je, \u017ee \u010di t\u00ed, ktor\u00ed poznaj\u00fa katol\u00edcku M\u00e1riu a\u00a0nasleduj\u00fa zjavenia M\u00e1rie poznaj\u00fa aj Bibliu.<\/strong><\/p>\n<p>Preto\u017ee Biblia varuje u\u017e 2000 rokov pred mas\u00edvnym klamom.<\/p>\n<p>Mnoho posledn\u00fdch nebesk\u00fdch zjaven\u00ed tvrd\u00ed, \u017ee pr\u00edde zjednotenie n\u00e1bo\u017eenstiev v\u00a0jedno n\u00e1bo\u017eenstvo. Napr\u00edklad: Don Gobbi \u2013 Mari\u00e1nske ve\u010deradlo. Ve\u010deradlo na Slovensku je tak rozmno\u017een\u00e9, \u017ee sa modl\u00ed s\u00a0k\u0148azom skoro v\u00a0ka\u017edej farnosti. Aj v\u00a0na\u0161ej. M\u00e1ria sa tu vyhlasuje za cestu k\u00a0jednote, hovor\u00ed o\u00a0triumfe svojho Nepo\u0161kvrnen\u00e9ho srdca,\u00a0 \u017ee v\u0161etky kres\u0165ansk\u00e9 n\u00e1bo\u017eenstv\u00e1 sa zjednotia v\u00a0katol\u00edckej cirkvi&#8230;<\/p>\n<p>Kr\u00e1\u013eovn\u00e1 Nebies poukazuje skoro v\u0161ade, \u017ee sa udej\u00fa vidite\u013en\u00e9 znamenia pre cel\u00fd svet, aby M\u00e1ria dok\u00e1zala pravdivos\u0165 t\u00fdchto &#8222;nebesk\u00fdch&#8220; zjaven\u00ed.<\/p>\n<p>Naj\u010dastej\u0161ou spr\u00e1vou je, \u017ee \u201eM\u00e1ria\u201c zahajuje pr\u00edpravu na druh\u00fd Kristov pr\u00edchod. Triumf Nepo\u0161kvrnen\u00e9ho srdca bude v\u00a0neust\u00e1lom uctievan\u00ed eucharistick\u00e9ho Je\u017ei\u0161a.<\/p>\n<p>Predpoved\u00e1 toto Biblia?<\/p>\n<p><strong>Kr\u00e1\u013eovnin osud:<\/strong><\/p>\n<p>Zjavenie apo\u0161tola J\u00e1na 17 a\u00a018 kapitola konkr\u00e9tne Zjv 18,7<\/p>\n<p>Zachari\u00e1\u0161 5 kapitola<\/p>\n<p>Zjv 16 kapitola: tajomstvo Babylonu<\/p>\n<p>Izai\u00e1\u0161, kapitola 47 (Matka v\u0161etk\u00fdch n\u00e1rodov)<\/p>\n<p>&nbsp;<\/p>\n<p>Aj aj som padol v\u00a0minulosti do tejto pasce \u2013 falo\u0161nej Mari\u00e1nskej \u00facty. Bol som trikr\u00e1t v\u00a0Litmanovej, osemkr\u00e1t v\u00a0Med\u017eugorii, a\u00a0na in\u00fdch Mari\u00e1nskych miestach.\u00a0 Horlivo som roz\u0161iroval M\u00e1rijine posolstv\u00e1 a\u00a0\u010dasopisy, vyd\u00e1val svedectv\u00e1 o\u00a0t\u00fdchto miestach, aby tam \u013eudia i\u0161li. Horlivo som \u0161tudoval aj in\u00e9 Mari\u00e1nske zjavenia, ich posolstv\u00e1 a\u00a0spr\u00e1vy o\u00a0posledn\u00fdch \u010dasoch&#8230; Ke\u010f som nesk\u00f4r po uveren\u00ed iba v\u00a0Je\u017ei\u0161a Krista, iba v\u00a0dostato\u010dnos\u0165 Biblie spoznal pravdu, vyznal som tento hriech pred P\u00e1nom.<\/p>\n<p><strong>\u00a0<\/strong><\/p>\n<p><strong>(Iz 42:8 [SSV])<\/strong><\/p>\n<p><em>\u201eJa som Jahve, to je moje meno a svoju sl\u00e1vu in\u00e9mu ned\u00e1m, ani svoju chv\u00e1lu modl\u00e1m.<\/em><strong><\/strong><\/p>\n<p><strong>In\u00e9 preklady:<\/strong><\/p>\n<p><strong>(Iz 42:8 [CzeB21])<\/strong><\/p>\n<p>J\u00e1 jsem Hospodin &#8211; tak se jmenuji, o svoji sl\u00e1vu se s jin\u00fdm ned\u011bl\u00edm, svou chv\u00e1lu nesd\u00edl\u00edm se sochami!<strong><\/strong><\/p>\n<p><strong>(Iz 42:8 [CzeBKR])<\/strong><\/p>\n<p><em>J\u00e1 jsem Hospodin, to\u0165 jest jm\u00e9no m\u00e9, a sl\u00e1vy sv\u00e9 jin\u00e9mu ned\u00e1m, ani chv\u00e1ly sv\u00e9 rytin\u00e1m.<\/em><strong><\/strong><\/p>\n<p><strong>(Iz 45:22 [SSV])<\/strong><\/p>\n<p><em>Ku mne sa obr\u00e1\u0165te, spasen\u00e9 budete v\u0161etky kon\u010diny zeme, ve\u010f ja som Boh a in\u00e9ho niet.<\/em><\/p>\n<p>Niet nikoho, cez ktor\u00e9ho by si do\u0161iel k\u00a0sp\u00e1se \u2013 ani cez M\u00e1riu, ani cez eucharistiu, ani cez \u017eiadnu cirkev, jedine cez Boha, Je\u017ei\u0161 Krista a\u00a0cez jeho podmienky.<strong><\/strong><\/p>\n<p>Zjavenia \u201eM\u00e1rie\u201c v\u017edy zd\u00f4raz\u0148uj\u00fa potrebu, chv\u00e1lu k\u0148azstva a\u00a0eucharistie. Pri Mari\u00e1nskom k\u0148azskom ve\u010deradle sa k\u0148azi spom\u00ednaj\u00fa ako najmil\u0161\u00ed synovia Panny M\u00e1rie. Mnoh\u00e9 zjavenia M\u00e1rie n\u00e1s varuj\u00fa predt\u00fdm, aby sme neohov\u00e1rali a\u00a0neoso\u010dovali k\u0148azov. K\u0148azi s\u00fa Bohom vyvolen\u00ed a\u00a0Boha prin\u00e1\u0161aj\u00fa na zem&#8230;<\/p>\n<p>Pre toho, kto u\u017e spoznal a\u00a0pochopil Bo\u017eie slovo, je to jasn\u00fd znak falo\u0161nosti zjavenia, preto\u017ee Biblia Nov\u00e9ho Z\u00e1kona nikde nehovor\u00ed ani o\u00a0eucharistii, ani o k\u0148azoch, ktor\u00ed maj\u00fa sl\u00fa\u017ei\u0165 denne obete.<\/p>\n<p>M\u00e1riu si m\u00e1me cti\u0165, nie ale uctieva\u0165. Nie je Kr\u00e1\u013eovnou nebies, nie je Spoluvykupite\u013ekou, Prostredn\u00ed\u010dkou, neprihov\u00e1ra sa za n\u00e1s pred Bohom. Nem\u00e1me vlastni\u0165\u00a0 jej sochy, k\u013eaka\u0165 pred nimi, bozk\u00e1va\u0165 ich, modli\u0165 sa k\u00a0nim. M\u00c1RIA NIE JE BOH, JE TO \u010cLOVEK. T\u00ed, \u010do sa k\u00a0nej modlia a\u00a0uctievaj\u00fa ju, dop\u00fa\u0161\u0165aj\u00fa sa modloslu\u017eby. Namiesto toho, aby \u013eudia vzd\u00e1vali sl\u00e1vu a \u00factu Stvorite\u013eovi, mno\u017estvo modlitieb katol\u00edci adresuj\u00fa stvoreniam. (M\u00e1ria, sv\u00e4t\u00ed)<\/p>\n<p><strong>\u00a0<\/strong><\/p>\n<p><strong>Spracovan\u00e9 preva\u017ene pod\u013ea\u00a0web str\u00e1nky:<\/strong><\/p>\n<p><strong>\u00a0<\/strong><a href=\"http:\/\/www.prokrestany.cz\/\"><strong>www.prokrestany.cz<\/strong><\/a><strong><\/strong><\/p>\n<p><strong>\u00a0Jim Tetlow: Zpr\u00e1vy z\u00a0nebes <\/strong><\/p>\n<p><strong>(Lk 11:27-28 [SSV])<\/strong><br \/>\nAko to hovoril, ak\u00e1si \u017eena zo z\u00e1stupu pozdvihla svoj hlas a povedala mu: \u201eBlahoslaven\u00fd \u017eivot, ktor\u00fd \u0165a nosil, a prsia, ktor\u00e9 si po\u017e\u00edval.\u201c<br \/>\nAle on povedal:<span style=\"color: #ff0000;\"> \u201eSk\u00f4r s\u00fa blahoslaven\u00ed t\u00ed, \u010do po\u010d\u00favaj\u00fa Bo\u017eie slovo a zachov\u00e1vaj\u00fa ho.\u201c<\/span><\/p>\n<p>M\u00e1ria, Je\u017ei\u0161ova matka, tak ako ju opisuje Biblia, po\u010d\u00favala a po\u010d\u00favla Bo\u017eie slovo a zachov\u00e1vala ho a prem\u00fd\u0161\u013eala o \u0148om. Je\u017ei\u0161 v tomto cit\u00e1te mal ve\u013ek\u00fa pr\u00edle\u017eitos\u0165 vzda\u0165 chv\u00e1ly a pocty svojej matke, no neurobil to. Mal ve\u013ek\u00fa pr\u00edle\u017eitos\u0165 pov\u00fd\u0161i\u0165 ju svojimi slovami nad v\u0161etky matky, nad v\u0161etk\u00fdch \u013eud\u00ed na svete, no neurobil to. Je\u017ei\u0161 hovor\u00ed, \u017ee s\u00fa blahoslaven\u00ed t\u00ed, \u010do po\u010d\u00favaj\u00fa Bo\u017eie slovo a zachov\u00e1vaj\u00fa ho. To znamen\u00e1, \u017ee M\u00e1ria je takisto blahoslaven\u00e1, takisto na rovnakej \u00farovni pred Bohom so v\u0161etk\u00fdmi, ktor\u00ed po\u010d\u00favaj\u00fa a zachov\u00e1vaj\u00fa Bo\u017eie slovo. Bo\u017eie slovo, nie posolstv\u00e1 zjaven\u00ed,\u00a0 trad\u00edciu, \u013eud\u00ed, farizejov, z\u00e1konn\u00edkov, alebo doplni\u0165 si m\u00f4\u017eete ka\u017ed\u00e9ho vodcu, alebo cirkev, ktorej autorita nie je Biblia, ale \u010dlovek.<\/p>\n<p>&nbsp;<\/p>\n","protected":false},"excerpt":{"rendered":"<p>Porovn\u00e1vanie Biblie s\u00a0u\u010den\u00edm RKC a\u00a0zjaveniami M\u00e1rie M\u00e1riu katol\u00edcke u\u010denie \u00a0a\u00a0zjavenia \u201eM\u00e1rie\u201c robia rovnou Kristovi. Biblia tvrd\u00ed, \u017ee Je\u017ei\u0161 je nov\u00fdm Adamom, zatia\u013e \u010do zjavenia a\u00a0RKC tvrdia, \u017ee M\u00e1ria je novou Evou. Biblia tvrd\u00ed, \u017ee Je\u017ei\u0161 bol vzat\u00fd na nebesia, zatia\u013e &hellip; <a href=\"https:\/\/obratenykatolik.sk\/?page_id=48\">Pokra\u010dova\u0165 v \u010d\u00edtan\u00ed <span class=\"meta-nav\">&rarr;<\/span><\/a><\/p>\n","protected":false},"author":1,"featured_media":0,"parent":0,"menu_order":0,"comment_status":"closed","ping_status":"closed","template":"","meta":[],"_links":{"self":[{"href":"https:\/\/obratenykatolik.sk\/index.php?rest_route=\/wp\/v2\/pages\/48"}],"collection":[{"href":"https:\/\/obratenykatolik.sk\/index.php?rest_route=\/wp\/v2\/pages"}],"about":[{"href":"https:\/\/obratenykatolik.sk\/index.php?rest_route=\/wp\/v2\/types\/page"}],"author":[{"embeddable":true,"href":"https:\/\/obratenykatolik.sk\/index.php?rest_route=\/wp\/v2\/users\/1"}],"replies":[{"embeddable":true,"href":"https:\/\/obratenykatolik.sk\/index.php?rest_route=%2Fwp%2Fv2%2Fcomments&post=48"}],"version-history":[{"count":11,"href":"https:\/\/obratenykatolik.sk\/index.php?rest_route=\/wp\/v2\/pages\/48\/revisions"}],"predecessor-version":[{"id":1562,"href":"https:\/\/obratenykatolik.sk\/index.php?rest_route=\/wp\/v2\/pages\/48\/revisions\/1562"}],"wp:attachment":[{"href":"https:\/\/obratenykatolik.sk\/index.php?rest_route=%2Fwp%2Fv2%2Fmedia&parent=48"}],"curies":[{"name":"wp","href":"https:\/\/api.w.org\/{rel}","templated":true}]}}