{"id":46,"date":"2012-01-31T10:27:26","date_gmt":"2012-01-31T10:27:26","guid":{"rendered":"http:\/\/obratenykatolik.sk\/?page_id=46"},"modified":"2018-02-04T18:59:34","modified_gmt":"2018-02-04T18:59:34","slug":"clanok9","status":"publish","type":"page","link":"https:\/\/obratenykatolik.sk\/?page_id=46","title":{"rendered":"Pre moje meno v\u00e1s bud\u00fa nen\u00e1vidie\u0165"},"content":{"rendered":"<p><strong>Pre moje meno v\u00e1s bud\u00fa nen\u00e1vidie\u0165<\/strong><\/p>\n<p>Tento \u010dl\u00e1nok\u00a0 je hlavne pre t\u00fdch, ktor\u00ed e\u0161te neza\u017eili prenasledovanie, aby vedeli na \u010do sa maj\u00fa doma pripravi\u0165, ak ich viera bude skuto\u010dn\u00e1, biblick\u00e1. Je p\u00edsan\u00fd na jar 2012. (nesk\u00f4r o pol roka u\u017e niektor\u00ed zn\u00e1mi a najbli\u017e\u0161ia rodina za\u010dali\u00a0 re\u0161pektova\u0165 moju vieru)<\/p>\n<p><strong>(Mt 10:34-39 [SSV])<\/strong><\/p>\n<p><em>Nemyslite si, \u017ee som priniesol pokoj na zem. Nie pokoj som priniesol, ale me\u010d. Pri\u0161iel som postavi\u0165 <\/em><strong><em>syna proti jeho otcovi, dc\u00e9ru proti matke, nevestu proti svokre.<\/em><\/strong><em> A <\/em><strong><em>vlastn\u00ed dom\u00e1ci bud\u00fa \u010dloveku nepriate\u013emi.<\/em><\/strong><em> Kto miluje otca alebo matku viac ako m\u0148a, nie je ma hoden. A kto miluje syna alebo dc\u00e9ru viac ako m\u0148a, nie je ma hoden. Kto neberie svoj kr\u00ed\u017e a nenasleduje ma, nie je ma hoden. Kto n\u00e1jde svoj \u017eivot, strat\u00ed ho, a kto strat\u00ed svoj \u017eivot pre m\u0148a, n\u00e1jde ho.<\/em><\/p>\n<p>Ako som u\u017e v\u00a0predch\u00e1dzaj\u00facich kapitol\u00e1ch spom\u00ednal, to, \u010do ma podnietilo sk\u00fama\u0165 znamenia \u010dasov, sk\u00fama\u0165 Bibliu bolo, ke\u010f som videl hodinov\u00e9 video zo stretnutia p\u00e1pe\u017ea s\u00a0n\u00e1bo\u017eenstvami v\u00a0Assisi. U\u017e vo videu bolo citovan\u00e9 P\u00edsmo, ktor\u00e9mu som ve\u013ea nerozumel. Pre\u010do\u00a0 tam d\u00e1vaj\u00fa tak\u00e9 tvrd\u00e9 slov\u00e1? A\u00a0pre\u010do vyz\u00fdvaj\u00fa katol\u00edkov, aby z\u00a0Babylonu\u00a0 vy\u0161li?<\/p>\n<p>A\u017e\u00a0 ke\u010f som pochopil, \u010do pre m\u0148a Je\u017ei\u0161 urobil a\u00a0\u010do znamen\u00e1 sp\u00e1sa, to \u00fapln\u00e9 oddelenie sa od katol\u00edkov pri\u0161lo v\u00a0roku 2012 ako samozrejmos\u0165. Nebol u\u017e pre m\u0148a probl\u00e9m nechodi\u0165 do kostola na om\u0161u. Bolo to duchovn\u00e9 oddelenie. Ale ke\u010f\u017ee som bol pokrsten\u00fd v RKC, som katol\u00edk pod\u013ea ich n\u00e1uky \u201enaveky\u201c.<\/p>\n<p><strong>(Zjv 18:4)<\/strong><\/p>\n<p><em>A po\u010dul som in\u00fd hlas vola\u0165 z neba: \u201eVyjdite z neho, m\u00f4j \u013eud, aby ste nemali \u00fa\u010das\u0165 na jeho hriechoch a aby sa v\u00e1m nedostalo z jeho r\u00e1n<\/em><\/p>\n<p><strong>(2Kor 6:17)<\/strong><\/p>\n<p><em>A preto vyjdite spomedzi nich, odde\u013ete sa, hovor\u00ed P\u00e1n, a ne\u010dist\u00e9ho sa nedot\u00fdkajte; a ja v\u00e1s prijmem<\/em><\/p>\n<p>Potom m\u00f4j kolega videl na TV NOE z\u00e1bery z\u00a0ekumenick\u00e9ho stretnutia v\u00a0R\u00edme (25 janu\u00e1r 2012), kde Benedikt XVI sa stretol s\u00a0kres\u0165ansk\u00fdmi cirkvami. V\u0161imol si, \u017ee p\u00e1pe\u017e sed\u00ed na tr\u00f3ne, ved\u013ea neho dvaja cherubi.<\/p>\n<p>Dva dni sme h\u013eadali nejak\u00fd \u010dl\u00e1nok, alebo fotky z\u00a0toho stretnutia. A\u017e som si dal vyh\u013eada\u0165 na vatik\u00e1nskej str\u00e1nke v\u00a0novin\u00e1ch Osservatore Romano toto stretnutie. Tam boli tak\u00e9 slab\u00e9 fotky, ale predsa tam bol p\u00e1pe\u017e z\u00a0\u010dasti odfoten\u00fd s\u00a0dvoma cherubmi. (T\u00e1to fotka bola aj nesk\u00f4r v\u00a0katol\u00edckych novin\u00e1ch)<\/p>\n<p>Tak som si na\u0161iel cit\u00e1ty, kde je p\u00edsan\u00e9, \u017ee Boh tr\u00f3ni nad cherubmi. Fotku p\u00e1pe\u017ea sediaceho na tr\u00f3ne a\u00a0ved\u013ea neho dvaja cherubi som poslal rodine. Dal som k\u00a0tomu popis, \u017ee niekto sa tu rob\u00ed Bohom. <strong>(2Kr 19:15)<\/strong> <strong>(\u017d 80:1)<\/strong> Toto som nemal urobi\u0165. Vysl\u00fa\u017eil som si ostr\u00e9 reakcie za to, \u017ee p\u00e1pe\u017ea takto oso\u010dujem. Toto e\u0161te moja rodina zniesla.<\/p>\n<p><a href=\"https:\/\/obratenykatolik.sk\/wp-content\/uploads\/25-janu%C3%A1r-20121.png\"><img decoding=\"async\" loading=\"lazy\" class=\"alignleft size-full wp-image-89\" title=\"25 janu\u00e1r 2012\" src=\"https:\/\/obratenykatolik.sk\/wp-content\/uploads\/25-janu%C3%A1r-20121.png\" alt=\"\" width=\"505\" height=\"373\" \/><\/a><\/p>\n<p>T\u00fdm, \u017ee \u00a0som prestal zrazu chodi\u0165 do kostola to bol pre moju rodinu \u0161ok. Ja, ktor\u00fd som konal v\u00a0kostole\u00a0 biblick\u00e9 vyu\u010dovania, , ktor\u00fd som takmer ka\u017ed\u00fa om\u0161u chodieval na prij\u00edmanie \u2013 som zrazu prestal chodi\u0165 do kostola.<\/p>\n<p>Rodine \u00a0som za\u010dal vysvet\u013eova\u0165 \u00a0nezrovnalosti medzi u\u010den\u00edm Biblie a katol\u00edckym u\u010den\u00edm. Cez Bibliu (Mt 16,18) som jej poukazoval, \u017ee Kristus neustanovil Petra a\u00a0jeho \u201en\u00e1stupcov\u201c p\u00e1pe\u017eov ako skalu na ktorej stoj\u00ed cirkev, ako hlavu cirkvi. Vysvet\u013eoval som jej\u00a0 v\u0161etky mo\u017en\u00e9 nezrovnalosti u\u010denia katol\u00edkov a\u00a0u\u010denia Biblie, t\u00fdkaj\u00face sa eucharistie, sp\u00e1sy, milosti, odpustenia hriechov, krstu, spovede,&#8230;<\/p>\n<p>Na Biblick\u00e9 ver\u0161e, ktor\u00e9\u00a0 dokazovali jasn\u00fa n\u00e1uku vo\u010di katol\u00edckej n\u00e1uke rodina reagovala slovami: Cho\u010f za k\u0148azom, cho\u010f za teol\u00f3gom, nech ti to vysvetl\u00ed. Ja som odpovedal: ako m\u00f4\u017eem \u00eds\u0165 za k\u0148azom, aby mi vysvetlil Bibliu, ke\u010f ju ne\u010d\u00edta? Ako mi m\u00f4\u017ee spr\u00e1vne niekto vysvetli\u0165 Bibliu, ke\u010f neuveril evanjeliu, nie je spasen\u00fd?<\/p>\n<p>Pre\u00a0 rodinu, dedinu som sa stal odpadl\u00edkom, sekt\u00e1rom, blud\u00e1rom, pom\u00e4ten\u00fdm. Ba \u010do viac niektor\u00ed myslia si, \u017ee ma opantali d\u00e9moni.<\/p>\n<p>Ani o Je\u017ei\u0161ovi nemali pr\u00edbuzn\u00ed dobr\u00fa mienku:<\/p>\n<p><span style=\"color: #ff0000;\">Mk 3:21 Ke\u010f sa to dopo\u010duli jeho pr\u00edbuzn\u00ed, i\u0161li ho odvies\u0165, lebo hovorili: \u201ePomiatol sa.\u201c<\/span><\/p>\n<p>\u010desk\u00fd Kralick\u00fd preklad:<\/p>\n<p><span style=\"color: #ff0000;\">Mk 3:21 A sly\u0161av\u0161e o tom [p\u0159\u00edbuzn\u00ed] jeho, p\u0159i\u0161li, aby jej vzali; nebo pravili, \u017ee by se smyslem pominul.<\/span><\/p>\n<p>Nieko\u013ekokr\u00e1t n\u00e1m evanjelisti uv\u00e1dzaj\u00fa, \u017ee Je\u017ei\u0161a vtedaj\u0161\u00ed n\u00e1bo\u017eensk\u00ed predstavitelia obvi\u0148ovali, \u017ee je posadnut\u00fd zl\u00fdm duchom. Napr\u00edklad:<\/p>\n<p><span style=\"color: #ff0000;\">Jn 10:20 Mnoh\u00ed z nich hovorili: \u201eJe posadnut\u00fd zl\u00fdm duchom a \u0161alie. \u010co ho po\u010d\u00favate?!\u201c<\/span><br \/>\n<span style=\"color: #ff0000;\">Jn 8:52 \u017didia mu povedali: \u201eTeraz u\u017e vieme, \u017ee si posadnut\u00fd zl\u00fdm duchom. Abrah\u00e1m zomrel aj proroci, a ty hovor\u00ed\u0161: \u00bbKto zachov\u00e1 moje slovo, neok\u00fasi smr\u0165 naveky.\u00ab<\/span><\/p>\n<p>&nbsp;<\/p>\n<p>\u2026<\/p>\n<p>Jedin\u00e9 \u010do tr\u00e1pilo\u00a0 na\u0161u rodinu je \u2013 aby sme chodili do kostola. Aby sme \u0161li na spove\u010f, prij\u00edmanie. Keby som nebol spasen\u00fd, s\u00e1m by som rovnako zm\u00fd\u0161\u013eal ako oni. Milujem svoju rodinu, milujem katol\u00edkov, Bo\u017ee daj im spozna\u0165 pravdu!<\/p>\n<p>Poviem v\u00e1m jednu moju sk\u00fasenos\u0165. Ak som ak\u00e9muko\u013evek \u010dlenovi rodiny, alebo aj in\u00e9mu katol\u00edkovi \u010do aspo\u0148 \u010d\u00edtaj\u00fa P\u00edsmo vysvet\u013eoval pod\u013ea P\u00edsma n\u00e1uku o\u00a0eucharistii, o\u00a0hriechu, o\u00a0sp\u00e1se, rozhovor bol v\u017edy pokojn\u00fd. No ak som im odhalil nie\u010do o\u00a0p\u00e1pe\u017eovi, alebo matke Tereze, alebo dokazoval, \u017ee zjavenie Bo\u017eieho milosrdenstva sestre Faust\u00edne v\u00a0Krakowe je protibiblick\u00e9, falo\u0161n\u00e9, vtedy ako keby som za\u00fato\u010dil na ich boha. Vo\u0161la do nich hrozn\u00e1 zlos\u0165 a\u00a0poriadne sa do m\u0148a obuli.<\/p>\n<p>\u010eal\u0161ia sk\u00fasenos\u0165 je tak\u00e1, \u017ee ke\u010f som pr\u00edbuzn\u00fdm povedal v \u010dom je biblick\u00e1 n\u00e1uka odli\u0161n\u00e1 od katol\u00edckej, v \u010dom spo\u010d\u00edvala smr\u0165 a zm\u0155tvychvstanie Kristovo, e\u0161te viac sa zomkli ku katol\u00edckemu u\u010deniu, p\u00e1pe\u017eovi, sv\u00e4t\u00fdm, eucharistii.<\/p>\n<p>Aj t\u00ed najhorlivej\u0161\u00ed katol\u00edci, najpobo\u017enej\u0161\u00ed, \u010do absolvovali najviac kurzov, predn\u00e1\u0161ok o\u00a0Bohu, ve\u013emi m\u00e1lo poznaj\u00fa katol\u00edcku n\u00e1uku a\u00a0Bibliu. Ke\u010f som im nie\u010do vysvet\u013eoval, ako to prezentuje katol\u00edcka n\u00e1uka, pozerali na m\u0148a vyjavene a\u00a0p\u00fdtali sa, kde som to zobral.\u00a0 Neverili, \u017ee tak katol\u00edcka n\u00e1uka hovor\u00ed. Preto je aj obtia\u017ene, ke\u010f sa porovn\u00e1va katol\u00edcka n\u00e1uka a\u00a0Biblia, lebo treba mnohokr\u00e1t vysvetli\u0165 najprv katol\u00edcku n\u00e1uku.<\/p>\n<p><strong>(Lk 12:2-9 [SSV])<\/strong><br \/>\nVe\u010f ni\u010d nie je skryt\u00e9, \u010do by sa neodhalilo, a ni\u010d nie je utajen\u00e9, \u010do by sa neprezvedelo. Lebo \u010do ste povedali vo tme, bude po\u010du\u0165 na svetle, a \u010do ste po\u0161epli v izb\u00e1ch do ucha, bude sa rozhlasova\u0165 zo striech.V\u00e1m, svojim priate\u013eom, hovor\u00edm: <strong>Nebojte sa t\u00fdch, \u010do zab\u00edjaj\u00fa telo, a potom u\u017e nemaj\u00fa \u010do urobi\u0165! Uk\u00e1\u017eem v\u00e1m, koho sa m\u00e1te b\u00e1\u0165. Bojte sa toho, ktor\u00fd ke\u010f zabije, m\u00e1 moc uvrhn\u00fa\u0165 do pekla! \u00c1no, hovor\u00edm v\u00e1m: Tohto sa bojte!<\/strong><br \/>\nNepred\u00e1va sa p\u00e4\u0165 vrabcov za dva haliere? A Boh ani na jedn\u00e9ho z nich nezabudne. Vy v\u0161ak m\u00e1te aj v\u0161etky vlasy na hlave spo\u010d\u00edtan\u00e9. Nebojte sa, vy ste cennej\u0161\u00ed ako mnoho vrabcov! Hovor\u00edm v\u00e1m: <strong>Ka\u017ed\u00e9ho, kto ma vyzn\u00e1 pred \u013eu\u010fmi, aj Syn \u010dloveka vyzn\u00e1 pred Bo\u017e\u00edmi anjelmi.<\/strong> Ale kto m\u0148a zaprie pred \u013eu\u010fmi, bude zapren\u00fd pred Bo\u017e\u00edmi anjelmi.<\/p>\n<p>&nbsp;<\/p>\n<p>&nbsp;<\/p>\n","protected":false},"excerpt":{"rendered":"<p>Pre moje meno v\u00e1s bud\u00fa nen\u00e1vidie\u0165 Tento \u010dl\u00e1nok\u00a0 je hlavne pre t\u00fdch, ktor\u00ed e\u0161te neza\u017eili prenasledovanie, aby vedeli na \u010do sa maj\u00fa doma pripravi\u0165, ak ich viera bude skuto\u010dn\u00e1, biblick\u00e1. Je p\u00edsan\u00fd na jar 2012. (nesk\u00f4r o pol roka u\u017e &hellip; <a href=\"https:\/\/obratenykatolik.sk\/?page_id=46\">Pokra\u010dova\u0165 v \u010d\u00edtan\u00ed <span class=\"meta-nav\">&rarr;<\/span><\/a><\/p>\n","protected":false},"author":1,"featured_media":0,"parent":0,"menu_order":0,"comment_status":"closed","ping_status":"closed","template":"","meta":[],"_links":{"self":[{"href":"https:\/\/obratenykatolik.sk\/index.php?rest_route=\/wp\/v2\/pages\/46"}],"collection":[{"href":"https:\/\/obratenykatolik.sk\/index.php?rest_route=\/wp\/v2\/pages"}],"about":[{"href":"https:\/\/obratenykatolik.sk\/index.php?rest_route=\/wp\/v2\/types\/page"}],"author":[{"embeddable":true,"href":"https:\/\/obratenykatolik.sk\/index.php?rest_route=\/wp\/v2\/users\/1"}],"replies":[{"embeddable":true,"href":"https:\/\/obratenykatolik.sk\/index.php?rest_route=%2Fwp%2Fv2%2Fcomments&post=46"}],"version-history":[{"count":16,"href":"https:\/\/obratenykatolik.sk\/index.php?rest_route=\/wp\/v2\/pages\/46\/revisions"}],"predecessor-version":[{"id":1590,"href":"https:\/\/obratenykatolik.sk\/index.php?rest_route=\/wp\/v2\/pages\/46\/revisions\/1590"}],"wp:attachment":[{"href":"https:\/\/obratenykatolik.sk\/index.php?rest_route=%2Fwp%2Fv2%2Fmedia&parent=46"}],"curies":[{"name":"wp","href":"https:\/\/api.w.org\/{rel}","templated":true}]}}