{"id":42,"date":"2012-01-31T10:27:02","date_gmt":"2012-01-31T10:27:02","guid":{"rendered":"http:\/\/obratenykatolik.sk\/?page_id=42"},"modified":"2018-02-04T16:46:40","modified_gmt":"2018-02-04T16:46:40","slug":"clanok-7","status":"publish","type":"page","link":"https:\/\/obratenykatolik.sk\/?page_id=42","title":{"rendered":"Ja ver\u00edm v Je\u017ei\u0161a Krista"},"content":{"rendered":"<p>T\u00fato odpove\u010f by som v\u00e1m v\u017edy dal, keby ste sa ma op\u00fdtali, \u010di ver\u00edm v\u00a0Je\u017ei\u0161a Krista. U\u017e ako prv\u00e1k z\u00e1kladnej \u0161koly by som v\u00e1m t\u00fato odpove\u010f poskytol. A\u00a0t\u00fato odpove\u010f mi v\u017edy vravia v\u0161etci dne\u0161n\u00ed katol\u00edci, ktor\u00fdm som polo\u017eil t\u00fato ot\u00e1zku.<\/p>\n<p><strong>\u00a0(Sk 16:31)<\/strong><\/p>\n<p><em>\u00a0\u201eVer v P\u00e1na Je\u017ei\u0161a a bude\u0161 spasen\u00fd ty aj tvoj dom.\u201c<\/em><strong><\/strong><\/p>\n<p>Ke\u010f som posledn\u00fdch desa\u0165 rokov \u010d\u00edtaval tieto predo\u0161l\u00e9 ver\u0161e v\u00a0Biblii, v\u017edy som sa zaradoval s\u00e1m pre seba: Ja ver\u00edm v\u00a0Je\u017ei\u0161a Krista. Ak\u00e9 je to jednoduch\u00e9. Veri\u0165 v\u00a0Je\u017ei\u0161a Krista a\u00a0budem spasen\u00fd. Budem spasen\u00fd, ale nesmiem zomrie\u0165 v\u00a0\u0165a\u017ekom hriechu&#8230; A\u017e ned\u00e1vno som zistil, \u017ee to nebola tak\u00e1 viera v\u00a0Je\u017ei\u0161a Krista, ako to Boh od \u010dloveka po\u017eaduje pod\u013ea svojho slova.<\/p>\n<p>&#8230;&#8230;&#8230;<\/p>\n<p><strong>Ty, \u010do \u010d\u00edta\u0161 tieto riadky: Ver\u00ed\u0161 v\u00a0Je\u017ei\u0161a Krista?<\/strong><\/p>\n<p>Takmer ka\u017ed\u00fd \u010dlovek povie, \u017ee ver\u00ed v\u00a0Je\u017ei\u0161a Krista. Keby sme dali anketu s\u00a0ot\u00e1zkou: Ver\u00ed\u0161 v\u00a0Je\u017ei\u0161a Krista?<\/p>\n<p>&#8211;\u00a0\u00a0\u00a0\u00a0\u00a0\u00a0\u00a0\u00a0\u00a0 Moslim povie, \u017ee ver\u00ed v\u00a0Je\u017ei\u0161a Krista (ako proroka)<\/p>\n<p>&#8211;\u00a0\u00a0\u00a0\u00a0\u00a0\u00a0\u00a0\u00a0\u00a0 Satanista povie, \u017ee ver\u00ed v\u00a0Je\u017ei\u0161a Krista (ktor\u00fd je jeho najv\u00e4\u010d\u0161\u00ed nepriate\u013e)<\/p>\n<p>&#8211;\u00a0\u00a0\u00a0\u00a0\u00a0\u00a0\u00a0\u00a0\u00a0 Neveriaci povie, \u017ee ver\u00ed v\u00a0Je\u017ei\u0161a Krista (ako historick\u00fa osobu)<\/p>\n<p>&#8211;\u00a0\u00a0\u00a0\u00a0\u00a0\u00a0\u00a0\u00a0\u00a0 Zbo\u017en\u00fd katol\u00edk odpovie, \u017ee ver\u00ed v\u00a0Je\u017ei\u0161a Krista (v eucharistii a\u00a0prij\u00edma ho \u010do naj\u010dastej\u0161ie, v\u00a0Je\u017ei\u0161a Krista, ako mu ho zjavuje Valtorta, M\u00e1riine zjavenia&#8230;)<\/p>\n<p>&#8211;\u00a0\u00a0\u00a0\u00a0\u00a0\u00a0\u00a0\u00a0\u00a0 Vla\u017en\u00fd katol\u00edk povie, \u017ee ver\u00ed v\u00a0Je\u017ei\u0161a Krista (toho pod\u013ea svojich predst\u00e1v: jednoduch\u00e9ho, chudobn\u00e9ho, tak\u00e9ho ak\u00fd skuto\u010dne bol&#8230; nie toho, ktor\u00fd m\u00e1 ve\u013ek\u00e9 fary&#8230; nie toho, ktor\u00fd sa star\u00e1 do politiky&#8230; toho, ktor\u00e9mu je jedno ako \u010dlovek \u017eije v\u00a0hriechu&#8230;)<\/p>\n<p>&#8211;\u00a0\u00a0\u00a0\u00a0\u00a0\u00a0\u00a0\u00a0\u00a0 Kres\u0165an povie, \u017ee ver\u00ed v\u00a0Je\u017ei\u0161a Krista(toho Biblick\u00e9ho s\u00a0t\u00fdm v\u0161etk\u00fdm ako ho opisuje Biblia)<\/p>\n<p>&nbsp;<\/p>\n<p>Po\u010das \u017eivota bola niekedy pr\u00edle\u017eitos\u0165 rozpr\u00e1va\u0165 sa s \u013eu\u010fmi o Bohu.V\u00a0pr\u00e1ci, mimo pr\u00e1ce. Aj na n\u00e1v\u0161tev\u00e1ch u\u00a0rodiny. Ve\u013ea \u013eud\u00ed nechodilo do kostola, alebo len v\u00a0niektor\u00e9 nedele chodilo do kostola. Ich odpove\u010f v\u017edy bola \u2013 ja ver\u00edm v\u00a0Boha, alebo ja ver\u00edm v\u00a0Je\u017ei\u0161a Krista. Mnoh\u00ed aj dodali: Ale never\u00edm v\u00a0cirkev. Ak\u00fa? Katol\u00edcku.<\/p>\n<p>V\u00a0ak\u00e9ho Krista som to ja veril? V\u00a0ak\u00e9ho Krista oni verili? Pre\u010do neverili v\u00a0cirkev?<\/p>\n<p>Je\u017ei\u0161 Kristus je len jeden. Nie je to ale ten Kristus, v\u00a0ktor\u00e9ho ver\u00ed ve\u013ek\u00e9 mno\u017estvo \u013eud\u00ed.<\/p>\n<p>Ja som veril v\u00a0Krista aj cirkev. V\u00a0Krista, ktor\u00e9ho mi ohl\u00e1sili katol\u00edcki k\u0148azi na om\u0161iach. V\u00a0cirkev, do ktorej som chodil \u2013 v\u00a0katol\u00edcku cirkev. Ona bola jedin\u00e1, prav\u00e1, neomyln\u00e1, tak ma to u\u010dili st\u00e1le a\u00a0ja som bol \u0161\u0165astn\u00fd \u017ee ver\u00edm v\u00a0tak\u00e9ho Krista a\u00a0v\u00a0tak\u00fa cirkev. V\u00a0Je\u017ei\u0161a Krista som veril \u2013\u00a0ale v\u00a0toho eucharistick\u00e9ho. To bol m\u00f4j Je\u017ei\u0161 Kristus.\u00a0 V\u017edy, ke\u010f som po\u010dul od \u013eud\u00ed, \u017ee veria v\u00a0Krista a\u00a0nechodia do kostola, zarm\u00fatilo ma to, ale ute\u0161oval som sa, \u017ee aspo\u0148 veria. O\u00a0\u010do len prich\u00e1dzaj\u00fa, ke\u010f nechodia na om\u0161e a\u00a0prij\u00edmania.<\/p>\n<p>A v\u017edy som si pomyslel \u2013 ako s\u00fa len ukr\u00e1ten\u00ed v\u0161etci evanjelici a\u00a0protestanti, ke\u010f nie s\u00fa v\u00a0pravej katol\u00edckej cirkvi, ak\u00e9 to mus\u00ed by\u0165 hrozn\u00e9, ke\u010f nemaj\u00fa spove\u010f ako katol\u00edci&#8230;<\/p>\n<p>Po mojom obr\u00e1ten\u00ed\u00a0 som mal rozhovor z\u00a0k\u0148azom. Z\u00a0rozhovoru vysvitlo, \u017ee prijal sp\u00e1su, \u017ee ke\u010f umrie, ide rovno do neba. Ale na\u010falej aj veril v\u00a0Katol\u00edcku cirkev, sviatosti, p\u00e1pe\u017ea. Aj horlivo si pln\u00ed svoje k\u0148azsk\u00e9 povinnosti. Re\u0161pektoval moju vieru, ale nezabudol podotkn\u00fa\u0165 to, \u010do by som aj ja ako horliv\u00fd katol\u00edk povedal protestantovi: ver\u00ed\u0161 to ist\u00e9 \u010do ja, ale si ukr\u00e1ten\u00fd o\u00a0sviatosti.<\/p>\n<p><strong>MOJA VIERA AKO KATOL\u00cdKA BOLA VIEROU V\u00a0IN\u00c9HO KRISTA.<\/strong><\/p>\n<p>Ke\u010f som spoznal v\u00a0roku 2012, v\u00a0ak\u00e9ho Je\u017ei\u0161a Krista som veril, u\u010dinil som z\u00a0toho pok\u00e1nie. A\u017e teraz m\u00f4\u017eem poveda\u0165, \u017ee ver\u00edm v\u00a0Je\u017ei\u0161a Krista. Ver\u00edm v\u00a0Je\u017ei\u0161a Krista, ak\u00e9ho mi ho zjavil Boh vo svojom slove. Never\u00edm v\u00a0Je\u017ei\u0161a Krista, ak\u00e9ho ma u\u010dila katol\u00edcka doktr\u00edna. Katol\u00edcky Kristus a\u00a0Kristus Biblie s\u00fa dvaja r\u00f4zni, tot\u00e1lne odli\u0161n\u00ed Kristovia.<\/p>\n<p>Veril som v\u00a0Je\u017ei\u0161a Krista, ak\u00e9ho mi stanovila katol\u00edcka n\u00e1uka. Chcel som ho sk\u00fama\u0165 pod\u013ea Biblie, ale Katol\u00edcka cirkev mi hovorila, \u017ee Bibliu m\u00f4\u017ee vysvetli\u0165 len ona, a\u00a0p\u00e1pe\u017e je ten, kto n\u00e1m Krista najlep\u0161ie vysvetl\u00ed, lebo je v\u00a0n\u00e1uke neomyln\u00fd. Preto som Krista \u0161tudoval a\u00a0sna\u017eil sa pochopi\u0165 pod\u013ea u\u010denia dogiem, koncilov, katechizmu. Ako som ho st\u00e1le t\u00fa\u017eil pozna\u0165, nemohol som ho nikdy pozna\u0165\u00a0 tak, aby som bol \u010do i\u00a0len trochu spokojn\u00fd \u00a0s\u00a0vysvetleniami u\u010denia katol\u00edckej cirkvi. \u010co a\u00a0ako som sk\u00famal katol\u00edcke doktr\u00edny, nemohol som skrze teologick\u00e9 slovn\u00e9 hra\u010dky toho Krista spozna\u0165. <strong>\u010c\u00edm viac som sk\u00famal katol\u00edcku n\u00e1uku, t\u00fdm nejasnej\u0161ie mi boli texty z\u00a0Biblie a\u00a0nejasnej\u0161ia aj katol\u00edcka n\u00e1uka.<\/strong> Katol\u00edcka n\u00e1uka, teda aj t\u00e1, \u010do ma u\u010dili v\u00a0semin\u00e1ri mi odobrala hodne z viery v\u00a0Je\u017ei\u0161a Krista, \u010do som predt\u00fdm z\u00edskal z\u00a0Biblie. St\u00e1le ch\u00e1pem naj\u010dastej\u0161iu, \u017eia\u013e aj pravdiv\u00fa vetu, ktor\u00fa \u0161tudenti semin\u00e1ra\u00a0 st\u00e1le medzi sebou vyslovuj\u00fa: <strong>Na filozofii strat\u00ed\u0161 rozum, na teol\u00f3gii vieru.<\/strong><\/p>\n<p>Na teologickej\u00a0 fakulte mi neust\u00e1le popierali Krista Biblie a\u00a0predkladali mi in\u00e9ho Krista, ak\u00e9ho Boh nikdy nezjavil. To ist\u00e9, ale v\u00a0men\u0161ej miere robili a robia k\u0148azi na k\u00e1z\u0148ach, ktor\u00ed nepoznaj\u00fa, ne\u010d\u00edtaj\u00fa, nesk\u00famaj\u00fa Bibliu.<\/p>\n<p>Katol\u00edcky Kristus je vyd\u00e1van\u00fd denne za obetu za hriechy cel\u00e9ho sveta a\u00a0v\u00a0tej obeti sa obetuj\u00fa s\u00a0n\u00edm spolu aj \u013eudia katol\u00edckej cirkvi. Takto som ho ch\u00e1pal:<\/p>\n<p>&#8211;\u00a0\u00a0\u00a0\u00a0\u00a0\u00a0\u00a0\u00a0\u00a0 Katol\u00edckeho Krista treba prij\u00edma\u0165 nespo\u010detne ve\u013ea kr\u00e1t a\u00a0nikdy ho nebude pre katol\u00edka dos\u0165.<\/p>\n<p>&#8211;\u00a0\u00a0\u00a0\u00a0\u00a0\u00a0\u00a0\u00a0\u00a0 Katol\u00edcky Kristus preb\u00fdva v\u00a0chr\u00e1moch zhotoven\u00fdch \u013eudskou rukou, je za studen\u00fdmi m\u00farmi a\u00a0tie m\u00fary s\u00fa jeho chr\u00e1mom<\/p>\n<p>&#8211;\u00a0\u00a0\u00a0\u00a0\u00a0\u00a0\u00a0\u00a0\u00a0 Katol\u00edckemu Kristovi sa klania v\u00a0murovan\u00fdch chr\u00e1moch a\u00a0kla\u0148anie sa mu je obmedzen\u00e9 len na ur\u010dit\u00fd \u010das, k\u00fdm je vystaven\u00fd na olt\u00e1ri<\/p>\n<p>&#8211;\u00a0\u00a0\u00a0\u00a0\u00a0\u00a0\u00a0\u00a0\u00a0 Katol\u00edcky Kristus neust\u00e1le potrebuje nejak\u00e9 obete, ceremoni\u00e1ly, okiadzanie, \u013eudsk\u00e9 utrpenie<\/p>\n<p>&#8211;\u00a0\u00a0\u00a0\u00a0\u00a0\u00a0\u00a0\u00a0\u00a0 Katol\u00edckeho Krista \u013eudia str\u00e1caj\u00fa po ka\u017edom \u201e\u0165a\u017ekom\u201c hriechu<\/p>\n<p>&#8211;\u00a0\u00a0\u00a0\u00a0\u00a0\u00a0\u00a0\u00a0\u00a0 Katol\u00edcky Kristus zachra\u0148uje po ka\u017edej spovedi<\/p>\n<p>&#8211;\u00a0\u00a0\u00a0\u00a0\u00a0\u00a0\u00a0\u00a0\u00a0 Katol\u00edcky Kristus bude s\u00fadi\u0165 pod\u013ea skutkov, ktor\u00e9 katol\u00edci vykonali,<\/p>\n<p>&#8211;\u00a0\u00a0\u00a0\u00a0\u00a0\u00a0\u00a0\u00a0\u00a0 Katol\u00edcky Kristus nikdy nevie zaru\u010di\u0165, kto p\u00f4jde do neba<\/p>\n<p>&#8211;\u00a0\u00a0\u00a0\u00a0\u00a0\u00a0\u00a0\u00a0\u00a0 Katol\u00edcky Kristus st\u00e1le je milosrdn\u00fd a\u00a0o\u00a0milosti v\u00a0pravom zmysle slova sa ani nezmie\u0148a<\/p>\n<p>&#8211;\u00a0\u00a0\u00a0\u00a0\u00a0\u00a0\u00a0\u00a0\u00a0 Katol\u00edcky Kristus je slab\u00fd, nedostato\u010dn\u00fd, potrebuje obete \u013eud\u00ed a\u00a0om\u0161e pre ich sp\u00e1su. Aj tak nevie katol\u00edkom zabezpe\u010di\u0165 sp\u00e1su.<\/p>\n<p>&#8211;\u00a0\u00a0\u00a0\u00a0\u00a0\u00a0\u00a0\u00a0\u00a0 Katol\u00edcky Kristus je slab\u00fd a\u00a0nedostato\u010dn\u00fd. Ak chcete \u00eds\u0165 k\u00a0nemu, potrebujete prostredn\u00edkov \u2013k\u0148azov, biskupov, p\u00e1pe\u017ea.<\/p>\n<p>&#8211;\u00a0\u00a0\u00a0\u00a0\u00a0\u00a0\u00a0\u00a0\u00a0 Katol\u00edcky Kristus odp\u00fa\u0161\u0165a len cez k\u0148azov. Ak nem\u00e1 katol\u00edk k\u0148aza, m\u00e1 smolu, nem\u00e1 mu kto hriech odpusti\u0165, alebo sprostredkova\u0165 odpustenie od Boha<\/p>\n<p>Moja sk\u00fasenos\u0165 s radami k\u0148azov je tak\u00e1, \u017ee v\u00a0spovedi vo veciach v\u00a0ktor\u00fdch som si nebol ist\u00fd, som sa v\u017edy p\u00fdtal k\u0148azov na pomoc, radu. V\u017edy som dostal od r\u00f4znych k\u0148azov r\u00f4zne, nejednotn\u00e9 odpovede. Nielen\u017ee neboli pod\u013ea Biblie\u00a0 &#8211; teda Boha, ale ani pod\u013ea n\u00e1uky katol\u00edckej cirkvi. Boli to mnohokr\u00e1t ich vlastn\u00e9 n\u00e1zory na dan\u00fa vec. A\u00a0navz\u00e1jom si tie n\u00e1zory r\u00f4znych k\u0148azov protire\u010dili! S\u00e1m som roky pre\u017e\u00edval v\u00a0neistote a\u00a0tr\u00e1pen\u00ed, lebo nevedel som, ktor\u00fd k\u0148az mal pravdu a\u00a0poradil mi skuto\u010dne ako Bo\u017e\u00ed slu\u017eobn\u00edk pod\u013ea mysle Boha.<\/p>\n<p>Odpor\u00fa\u010dam v\u00e1m &#8211; vysk\u00fa\u0161ajte si to, uvid\u00edte, ak\u00fa nejednotu maj\u00fa k\u0148azi v\u00a0podstatn\u00fdch vierou\u010dn\u00fdch, mravou\u010dn\u00fdch ot\u00e1zkach. Nep\u00fdtajte sa nepodstatn\u00e9 veci, ale z\u00e1va\u017en\u00e9, na ktor\u00e9 si neviete odpovede \u2013 napr\u00edklad n\u00e1zor na nejak\u00fd hriech, ve\u010dn\u00fd \u017eivot, sp\u00e1su, konkr\u00e9tnu radu do \u017eivota&#8230; K\u0148azi s\u00fa pod\u013ea katol\u00edckeho u\u010denia Bo\u017e\u00edmi slu\u017eobn\u00edkmi. Tak by v\u00e1m mali poveda\u0165 \u010do najpresnej\u0161ie Bo\u017e\u00ed n\u00e1zor na tieto veci a\u00a0nie svoj.<\/p>\n<p>Ja ke\u010f chcem teraz duchovn\u00fa radu op\u00fdtam sa Krista, pozriem, \u010do mi hovor\u00ed v\u00a0Bo\u017eom slove. Tie rady s\u00fa presn\u00e9 a\u00a0v\u00fdsti\u017en\u00e9 a\u00a0dokonal\u00e9.<\/p>\n<p>&nbsp;<\/p>\n<p><strong><span style=\"text-decoration: underline;\">Teraz ver\u00edm Kristovi, ako ho zjavil Boh v\u00a0Biblii \u2013 Je\u017ei\u0161a Krista Biblie<\/span><\/strong><\/p>\n<p>&nbsp;<\/p>\n<p>M\u00f4j Kristus je Kristus Biblie, je Bohom zjaven\u00fd \u00a0a pr\u00e1ve na tohto Krista platia ver\u0161e:<\/p>\n<p><strong>(Sk 16:31)<\/strong><\/p>\n<p><em>\u00a0\u201eVer v P\u00e1na Je\u017ei\u0161a a bude\u0161 spasen\u00fd ty aj tvoj dom.\u201c<\/em><strong><\/strong><\/p>\n<p>M\u00f4j Kristus, moja skala, m\u00f4j kame\u0148 uholn\u00fd. Na tento kame\u0148 nar\u00e1\u017eaj\u00fa v\u0161etci \u010do neveria Bo\u017eiemu slovu. Pre nich je skalou pohor\u0161enia. Ak som Krista Biblie zvestoval mojej bl\u00edzkej rodine, pohor\u0161ovali \u0148om (1Pt 2,6-8) a\u00a0samozrejme aj na mne.<\/p>\n<p>&nbsp;<\/p>\n<p>M\u00f4j Kristus je moja hlava, je nevidite\u013enou hlavou Cirkvi. Vidite\u013en\u00fa hlavu Cirkvi nikde v Biblii neustanovil. (1Kor 11, 3; Ef 1,22;Ef 5,23)<\/p>\n<p>Re\u0161pektuje a uzn\u00e1vam autority, ktor\u00e9 Boh ustanovil (Ef 4,11; 1Kor 12,28)<\/p>\n<p>Chod\u00edm na zhroma\u017edenia, \u010di\u017ee do cirkvi, do zboru, \u010di\u017ee som Kristov\u00fdm telom, jeho \u00fadom (Mt 18,20) (Kto nechod\u00ed na zhroma\u017edenia Bo\u017eieho \u013eudu v de\u0148 P\u00e1na, e\u0161te nepatr\u00ed do Kristovej cirkvi)<\/p>\n<p>Kristus ma vyk\u00fapil, som Bo\u017e\u00ed adopt\u00edvny syn. (Gal 4,5)<\/p>\n<p>Ke\u010f\u017ee som Bo\u017e\u00edm synom, som aj dedi\u010dom neba. U\u017e teraz mi patr\u00ed ve\u010dn\u00fd \u017eivot (Gal 4,7; Rim 8,17; Ef 1,11; Ef 3,6; Kol 3,24; T\u00edt 3,7; Hebr 9,15; Jak 2,5)<\/p>\n<p>Ke\u010f\u017ee som dedi\u010dom, Kristus mi v\u00a0nebi pripravuje pr\u00edbytok( 2Kor 5,1 )<\/p>\n<p>M\u00f4j Kristus vykonal jedin\u00fa, \u00fapln\u00fa obe\u0165, a\u00a0zasadol po pravici Otca (Hebr 10,12) Ja u\u017e nepotrebujem chodi\u0165 na obe\u0165 om\u0161e a\u00a0obetova\u0165 om\u0161e za hriechy, lebo by som t\u00fdm vymenil jedin\u00fa dostato\u010dn\u00fa Kristovu obe\u0165 za slab\u00fa a\u00a0nedostato\u010dn\u00fa katol\u00edcku. (1Kor 15,25; Ef 1,20; Hebr 1,13)<\/p>\n<p>M\u00f4j Kristus u\u017e nepotrebuje viac trpie\u0165 , nepotrebuje by\u0165 viackr\u00e1t obetovan\u00fd.\u00a0 (Hebr 7,27)<\/p>\n<p>&nbsp;<\/p>\n<p>M\u00f4j Kristus je\u00a0so svojim telom v nebi a\u017e do svojho druh\u00e9ho pr\u00edchodu. Na konci vekov pr\u00edde v\u00a0skuto\u010dnej podobe druh\u00fd raz a ho uvid\u00ed ka\u017ed\u00e9 oko. (Hebr 9:24 -28; Zjv 1.7)<\/p>\n<p>Ke\u010f\u017ee je m\u00f4j Kristus, v\u00a0nebi, mysl\u00edm a\u00a0h\u013ead\u00e1m to, \u010do je v\u00a0nebi. Neh\u013ead\u00e1m ho teda na zemi v\u00a0chr\u00e1me a\u00a0bohost\u00e1nku ako doned\u00e1vna (Kol 3,1-2)<\/p>\n<p>M\u00f4j Kristus \u0161iel na smr\u0165 s\u00e1m, dobrovo\u013ene a\u00a0zomrel za moje hriechy a\u00a0za hriechy cel\u00e9ho sveta. Iba raz sa obetoval. (1Pt 2,24; 1 Kor 15,3<\/p>\n<p>M\u00f4jho Krista sta\u010dilo prija\u0165 len raz a\u00a0je nav\u017edy vo mne pr\u00edtomn\u00fd svoj\u00edm Duchom. (Jn 6,56; Jn 15,5; 1Jn 2,6; 1Jn 2,27; 1Jn 4,13; 1Jn 4,16)M\u00f4jho Krista nepotrebujem denne, alebo t\u00fd\u017edenne, alebo mesa\u010dne, alebo ro\u010dne prij\u00edma\u0165.<\/p>\n<p>M\u00f4j Kristus si ma pretv\u00e1ra pod\u013ea svojej v\u00f4le (Flp 2,13; 2Kor 3,5)<\/p>\n<p>M\u00f4j Kristus nepreb\u00fdva v\u00a0chr\u00e1moch zhotoven\u00fdch \u013eudskou rukou \u00a0(Sk 14,15; Sk17,24)<\/p>\n<p>M\u00f4j Kristus je vo mne nav\u017edy a\u00a0ja som jeho chr\u00e1mom (1Kor 16,19)<\/p>\n<p>M\u00f4jmu Kristovi sa klaniam v\u00a0Duchu a\u00a0pravde, kdeko\u013evek som, kdeko\u013evek si na to spomeniem. (Jn 4,23-24)<\/p>\n<p>M\u00f4j Kristus odo m\u0148a nepotrebuje \u017eiadne slu\u017eby a\u00a0obety, on mi\u00a0v\u0161etko dal (Sk 17, 24-25)<\/p>\n<p>M\u00f4j Kristus zo m\u0148a neod\u00edde nikdy, neopust\u00ed ma nikdy (Jn 6,39; Hebr 13,5; Dt 31,6; Joz 1,5; \u017d 54,6; \u017d 118,6)<\/p>\n<p>M\u00f4j Kristus ma zachr\u00e1nil e\u0161te ke\u010f som bol hrie\u0161nik (Rim 5,8)<\/p>\n<p>M\u00f4j Kristus mi nebude po prechode do ve\u010dn\u00e9ho \u017eivota sudcom, ale Spasite\u013eom(Jn 3,18; Jn 5,24)<\/p>\n<p>M\u00f4j Kristus mi zaru\u010dil, \u017ee p\u00f4jdem do neba (Mk 16,16)<\/p>\n<p>M\u00f4j Kristus sp\u00e1su za m\u0148a vykonal. \u017diaden m\u00f4j skutok nie je potrebn\u00fd k\u00a0sp\u00e1se (Rim 3,20)<\/p>\n<p>M\u00f4j Kristus mi daroval milosrdenstvo e\u0161te pred t\u00fdm ako som v\u00a0neho uveril. Teraz u\u017e \u017eijem milos\u0165 (Rim 3,24; Rim 4,16; Rim 5,2; Rim 6,14; Rim 11,5-6&#8230;)<\/p>\n<p>M\u00f4j Kristus za m\u0148a vykonal v\u0161etko pre moju sp\u00e1su t\u00fdm \u017ee vyplnil cel\u00fd z\u00e1kon namiesto m\u0148a (Jn 17,4; Jn 19,30)<\/p>\n<p>M\u00f4j Kristus mi pri uveren\u00ed v\u00a0neho odpustil v\u0161etky hriechy ktor\u00e9 som sp\u00e1chal a\u00a0e\u0161te len sp\u00e1cham (Rim 4, 6-8; Kol 2,13; Kol 1,20; Rim 3, 24-25; 2 Kor 5,19)<\/p>\n<p>M\u00f4j Kristus je jedin\u00fd prostredn\u00edk medzi Bohom Otcom a\u00a0mnou. (1 Tim 2,5) \u017de som za prostredn\u00edka pova\u017eoval M\u00e1riu, sv\u00e4t\u00fdch a k\u0148azov vyznal som to Bohu ako hriech.<\/p>\n<p><strong>(Jn 16:9-11)<\/strong><\/p>\n<p><em>Hriech je, \u017ee neveria vo m\u0148a, spravodlivos\u0165, \u017ee idem k Otcovi a u\u017e ma neuvid\u00edte,<strong> <\/strong>a s\u00fad, \u017ee knie\u017ea tohto sveta je u\u017e ods\u00faden\u00e9.<\/em><strong><\/strong><\/p>\n<p>Ak ti u\u017e bol hl\u00e1san\u00fd Biblick\u00fd Kristus, hriechom bude to, ak v\u00a0neho neuver\u00ed\u0161. Spravodlivos\u0165 je to, \u017ee je Je\u017ei\u0161 pri Otcovi a\u00a0u\u017e ho neuvid\u00edme (ani v eucharistii). Uvid\u00edme ho a\u017e pri poslednom pr\u00edchode a\u00a0s\u00fad, \u017ee Satan, knie\u017ea tohto sveta je u\u017e ods\u00faden\u00e9. Satan u\u017e nebude ma\u0165 nad tebou moc, ale Je\u017ei\u0161 Kristus \u0165a bude neust\u00e1le premie\u0148a\u0165 na svoj obraz.<\/p>\n<p>Po ot\u00e1zke na zn\u00e1mych katol\u00edkov \u2013 pre\u010do prij\u00edmaj\u00fa \u010dasto eucharistick\u00e9ho Krista mi v\u0161etci odpovedali: Ka\u017ed\u00fdm prijat\u00edm Krista ma Kristus premie\u0148a, rob\u00ed ma lep\u0161ieho.<\/p>\n<p><strong>\u00a0(2Kor 3:14-17 [SSV])<\/strong><\/p>\n<p><em>Ale myse\u013e im otupela. A\u017e do dne\u0161n\u00e9ho d\u0148a ost\u00e1va pri \u010d\u00edtan\u00ed Starej zmluvy (pre katol\u00edkov Novej zmluvy) ten ist\u00fd z\u00e1voj neodhalen\u00fd, lebo ho Kristus odstra\u0148uje.<strong> <\/strong>A tak a\u017e do dne\u0161n\u00e9ho d\u0148a le\u017e\u00ed na ich srdci z\u00e1voj, ke\u010f \u010d\u00edtaj\u00fa Moj\u017ei\u0161a. (pre katol\u00edkov Nov\u00fd z\u00e1kon)<strong> <\/strong><strong>Ke\u010f sa v\u0161ak obr\u00e1ti k P\u00e1novi, <\/strong>(Biblie, nie eucharistie)<strong> z\u00e1voj spadne.<\/strong><strong> <\/strong>P\u00e1n je Duch; a kde je P\u00e1nov Duch, tam je sloboda.<strong>\u00a0 <\/strong>A my v\u0161etci s odhalenou tv\u00e1rou h\u013ead\u00edme ako v zrkadle na P\u00e1novu sl\u00e1vu a <strong>P\u00e1nov Duch n\u00e1s premie\u0148a na tak\u00fd ist\u00fd, \u010doraz sl\u00e1vnej\u0161\u00ed obraz.<\/strong><\/em><strong><\/strong><\/p>\n","protected":false},"excerpt":{"rendered":"<p>T\u00fato odpove\u010f by som v\u00e1m v\u017edy dal, keby ste sa ma op\u00fdtali, \u010di ver\u00edm v\u00a0Je\u017ei\u0161a Krista. U\u017e ako prv\u00e1k z\u00e1kladnej \u0161koly by som v\u00e1m t\u00fato odpove\u010f poskytol. A\u00a0t\u00fato odpove\u010f mi v\u017edy vravia v\u0161etci dne\u0161n\u00ed katol\u00edci, ktor\u00fdm som polo\u017eil t\u00fato ot\u00e1zku. &hellip; <a href=\"https:\/\/obratenykatolik.sk\/?page_id=42\">Pokra\u010dova\u0165 v \u010d\u00edtan\u00ed <span class=\"meta-nav\">&rarr;<\/span><\/a><\/p>\n","protected":false},"author":1,"featured_media":0,"parent":0,"menu_order":0,"comment_status":"open","ping_status":"open","template":"","meta":[],"_links":{"self":[{"href":"https:\/\/obratenykatolik.sk\/index.php?rest_route=\/wp\/v2\/pages\/42"}],"collection":[{"href":"https:\/\/obratenykatolik.sk\/index.php?rest_route=\/wp\/v2\/pages"}],"about":[{"href":"https:\/\/obratenykatolik.sk\/index.php?rest_route=\/wp\/v2\/types\/page"}],"author":[{"embeddable":true,"href":"https:\/\/obratenykatolik.sk\/index.php?rest_route=\/wp\/v2\/users\/1"}],"replies":[{"embeddable":true,"href":"https:\/\/obratenykatolik.sk\/index.php?rest_route=%2Fwp%2Fv2%2Fcomments&post=42"}],"version-history":[{"count":6,"href":"https:\/\/obratenykatolik.sk\/index.php?rest_route=\/wp\/v2\/pages\/42\/revisions"}],"predecessor-version":[{"id":1542,"href":"https:\/\/obratenykatolik.sk\/index.php?rest_route=\/wp\/v2\/pages\/42\/revisions\/1542"}],"wp:attachment":[{"href":"https:\/\/obratenykatolik.sk\/index.php?rest_route=%2Fwp%2Fv2%2Fmedia&parent=42"}],"curies":[{"name":"wp","href":"https:\/\/api.w.org\/{rel}","templated":true}]}}