{"id":411,"date":"2012-12-21T23:29:13","date_gmt":"2012-12-21T23:29:13","guid":{"rendered":"http:\/\/obratenykatolik.sk\/?page_id=411"},"modified":"2018-02-04T19:01:53","modified_gmt":"2018-02-04T19:01:53","slug":"vianoce","status":"publish","type":"page","link":"https:\/\/obratenykatolik.sk\/?page_id=411","title":{"rendered":"VIANOCE"},"content":{"rendered":"<p>Krut\u00e1 realita s\u00fa\u010dastnosti dosved\u010duje, \u017ee pre v\u00e4\u010d\u0161inu \u013eud\u00ed Je\u017ei\u0161 Kristus pri\u0161iel na svet zbyto\u010dne. \u017dia\u013e aj pre v\u0161etk\u00fdch katol\u00edkov pri\u0161iel Je\u017ei\u0161 Kristus na svet &#8211; ak sa neobr\u00e1tia &#8211; zbyto\u010dne.<\/p>\n<p><strong>Katol\u00edci ber\u00fa Vianoce ako pr\u00edchod Je\u017ei\u0161a Krista na tento svet. Pr\u00edchod toho, ktor\u00fd \u010dloveka vyk\u00fapil a\u00a0spasil. A\u00a0to je v\u0161etko spr\u00e1vne a pravdiv\u00e9. Ale veria v\u00f4bec tomu, \u010do hovoria?<\/strong><\/p>\n<p>Keby ste sa ma e\u0161te ako katol\u00edka op\u00fdtali:<\/p>\n<ul>\n<li>\u010co m\u00e1m robi\u0165, aby si sa dostal do neba? Moja odpove\u010f, ale aj odpove\u010f ostatn\u00fdch katol\u00edkov by bola: Kona\u0165 dobr\u00e9 skutky, sna\u017ei\u0165 sa \u017ei\u0165 dobr\u00fd (mor\u00e1lny) \u017eivot.<\/li>\n<\/ul>\n<ul>\n<li>\u010co poviem, ke\u010f pr\u00eddem pred Bo\u017e\u00ed s\u00fad? V\u00a0prvom rade by som si spomenul na v\u0161etky moje skutky, ktor\u00e9 som za \u017eivota vykonal: na v\u0161etky p\u00fate, telesn\u00e9 obety, om\u0161e, prij\u00edmania, finan\u010dn\u00e9, \u010di hmotn\u00e9 dary katol\u00edckej cirkvi, skryt\u00e9 z\u00e1sluhy, o\u00a0ktor\u00fdch nik nevie&#8230; Za cel\u00fd \u017eivot katol\u00edka som vykonal to\u013eko skutkov a\u00a0z\u00e1sluh, \u017ee 98% katol\u00edkov za cel\u00fd \u017eivot nem\u00e1 \u0161ancu to\u013eko vykona\u0165&#8230;<\/li>\n<\/ul>\n<p>Ak si niektor\u00fd katol\u00edk mysl\u00ed, \u017ee vykonal viac skutkov ako ja, tak ja toto v\u0161etko poklad\u00e1m za stratu, za m\u0155tve skutky. Ako apo\u0161tol Pavol v\u00a0liste Filipanom:<\/p>\n<p><span style=\"color: #ff0000;\"><strong>Flp 3:7<\/strong><strong>-10<\/strong><strong> <\/strong>Ale \u010do mi bolo ziskom, kv\u00f4li Kristovi poklad\u00e1m za stratu.<strong> <\/strong>A v\u00f4bec v\u0161etko poklad\u00e1m za stratu pre vzne\u0161enos\u0165 poznania Krista Je\u017ei\u0161a, m\u00f4jho P\u00e1na. Pre\u0148 som v\u0161etko stratil a poklad\u00e1m za odpadky, aby som z\u00edskal Krista<strong> <\/strong>a na\u0161iel sa v \u0148om bez vlastnej spravodlivosti, ktor\u00e1 je zo z\u00e1kona, ale s tou, ktor\u00e1 je skrze vieru v Krista &#8211; spravodlivos\u0165ou z Boha, zalo\u017eenou na viere -,<strong> <\/strong>aby som poznal jeho, moc jeho zm\u0155tvychvstania.<\/span><\/p>\n<p>Ke\u010f som sa po uveren\u00ed evanjeliu porovnal s\u00a0Bo\u017e\u00edm slovom, \u017eia\u013e na Bo\u017eom s\u00fade by som ako katol\u00edk neobst\u00e1l. Tak ako aj v\u0161etci katol\u00edci tie\u017e neobstoja so svojimi skutkami na Bo\u017eom s\u00fade.<\/p>\n<p>Pre\u010do teda by som nebol ako katol\u00edk spasen\u00fd?<\/p>\n<p><strong>Preto\u017ee som neveril tomu, pre\u010do pri\u0161iel Je\u017ei\u0161 Kristus na tento svet. Preto\u017ee katol\u00edci neveria tomu, pre\u010do pri\u0161iel Je\u017ei\u0161 Kristus na tento svet. Preto by som nebol spasen\u00fd. Preto nebud\u00fa katol\u00edci spasen\u00ed.<\/strong><\/p>\n<p>&nbsp;<\/p>\n<p>&nbsp;<\/p>\n<h2>D\u00f4vod Je\u017ei\u0161ovho pr\u00edchodu na tento svet:<\/h2>\n<p>&nbsp;<\/p>\n<h3><span style=\"color: #0000ff;\"><strong>D\u00f4vod, pre\u010do pri\u0161iel Je\u017ei\u0161 Kristus na tento svet bolo <span style=\"text-decoration: underline;\">VYK\u00daPENIE<\/span> \u010dloveka z\u00a0hriechu a <span style=\"text-decoration: underline;\">SPASENIE<\/span> \u010dloveka. Jedin\u00e9, \u010do Boh \u017eiada od t\u00fdch, \u010do chc\u00fa k\u00a0nemu pr\u00eds\u0165 je prija\u0165 toto Bo\u017eie rie\u0161enie MILOSTI zdarma, VIEROU. <\/strong><\/span><\/h3>\n<h2>VYK\u00daPENIE:<\/h2>\n<p>Pr\u00edklad: Vo v\u00e4zen\u00ed sed\u00ed \u010dlovek, ktor\u00fd m\u00e1 vo\u010di \u0161t\u00e1tu dlh 10 mili\u00e1rd Eur. Ke\u010f\u017ee si ich nem\u00f4\u017ee nijako odpracova\u0165, ba dokonca \u00farok z\u00a0dlhu st\u00e1le narast\u00e1, mus\u00ed zosta\u0165 vo v\u00e4zen\u00ed cel\u00fd \u017eivot. No n\u00e1jde sa nejak\u00fd Bohat\u00fd \u010dlovek, pre ktor\u00e9ho \u010diastka 10 mili\u00e1rd Eur ni\u010d neznamen\u00e1, je to pre\u0148ho ako sme\u0165. On cel\u00fd dlh aj s\u00a0\u00farokmi za dl\u017en\u00edka zaplat\u00ed a\u00a0dl\u017en\u00edk je prepusten\u00fd na slobodu. Dl\u017en\u00edk je pred z\u00e1konom a\u00a0pred v\u0161etk\u00fdmi spravodliv\u00fd, lebo nem\u00e1 \u017eiaden dlh. U\u017e nikto ho nem\u00f4\u017ee nazva\u0165 zlodejom alebo zlo\u010dincom, preto\u017ee je pred z\u00e1konom teraz \u010dist\u00fd a\u00a0spravodliv\u00fd. Dl\u017en\u00edk je slobodn\u00fd, spravodliv\u00fd a\u00a0\u010dist\u00fd.<\/p>\n<p>Ako sa dl\u017en\u00edk zachov\u00e1 vo\u010di tomu, \u010do ho vyk\u00fapil z\u00a0v\u00e4zenia a\u00a0zaplatil za\u0148ho dlh? Do smrti mu bude v\u010fa\u010dn\u00fd a\u00a0urob\u00ed v\u0161etko preto, aby nikdy neurazil toho, kto za\u0148 zaplatil. D\u00e1 sa mu do slu\u017eby nie z\u00a0prin\u00fatenia, ale z\u00a0ve\u013ekej v\u010fa\u010dnosti a\u00a0bude robi\u0165 v\u0161etko preto, aby bol tomu Boh\u00e1\u010dovi v\u017edy k\u00a0slu\u017eb\u00e1m.<\/p>\n<p><span style=\"color: #0000ff;\"><strong>Je\u017ei\u0161 Kristus Bohu zaplatil cel\u00fd dlh za hriechy v\u0161etk\u00fdch \u013eud\u00ed, ktor\u00ed tomu uveria.<\/strong><\/span> Ja som tomu uveril. To znamen\u00e1, \u017ee u\u017e vo\u010di Bohu nem\u00e1m \u017eiaden dlh, to znamen\u00e1, \u017ee \u00a0ja ako dl\u017en\u00edk som pred Bohom v\u010faka Je\u017ei\u0161ovi Kristovi a v Kristovi Je\u017ei\u0161ovi slobodn\u00fd, spravodliv\u00fd a\u00a0\u010dist\u00fd, sv\u00e4t\u00fd. <span style=\"color: #0000ff;\"><strong>Boh u\u017e ma nikdy nem\u00f4\u017ee za moje hriechy potresta\u0165, preto\u017ee za ne potrestal u\u017e svojho Syna Je\u017ei\u0161a Krista. \u00a0<\/strong><\/span><\/p>\n<p>Ako sa ja zachov\u00e1m vo\u010di tomu, kto u\u017e za m\u0148a zaplatil? Do smrti, ba aj cel\u00fa ve\u010dnos\u0165 budem Je\u017ei\u0161ovi Kristovi v\u010fa\u010dn\u00fd za vyk\u00fapenie. Urob\u00edm v\u0161etko preto, aby som ho nijako neurazil. Z\u00a0ve\u013ekej v\u010faky mu d\u00e1vam svoj \u017eivot, z ve\u013ekej v\u010faky sa mu d\u00e1vam do slu\u017eby a\u00a0urob\u00edm v\u0161etko preto, aby sa \u010do najviac hrie\u0161nikov (v\u00e4z\u0148ov) dozvedelo o\u00a0t\u00fa radostn\u00fa spr\u00e1vu, \u017ee u\u017e nemusia pyka\u0165 za svoje hriechy. Potom to u\u017e bude len na v\u00e4z\u0148och, \u010di jej uveria a\u00a0vyjd\u00fa zo \u017eal\u00e1ra.<\/p>\n<p>Katol\u00edcke n\u00e1bo\u017eenstvo, katol\u00edcka viera je \u017eal\u00e1r. Nikto z\u00a0katol\u00edkov never\u00ed, \u017ee u\u017e jeho hriechy boli zaplaten\u00e9, \u017ee jeho dlh je u\u017e pred Bohom zmazan\u00fd. Keby verili, nepotrebovali by u\u017e \u017eiadneho k\u0148aza, \u017eiadnu spove\u010f k\u0148azovi. Nesna\u017eili by sa o\u00a0svoju sp\u00e1su a\u00a0sp\u00e1su druh\u00fdch mno\u017estvami skutkov, z\u00e1sluh. \u00a0Vyhlasuj\u00fa \u017ee veria tomu, \u017ee Je\u017ei\u0161 zomrel za ich hriechy a\u00a0id\u00fa za k\u0148azom, M\u00e1riou, sv\u00e4t\u00fdmi.<\/p>\n<p><strong><span style=\"color: #0000ff;\">Jedin\u00e1 mo\u017enos\u0165 pre t\u00fdch katol\u00edkov, \u010do u\u017e uverili \u00a0\u017ee boli vyk\u00fapen\u00ed je vyjs\u0165 z\u00a0Katol\u00edckej cirkvi a\u00a0spolieha\u0165 sa u\u017e len na Boha, Je\u017ei\u0161a Krista,\u00a0 Ducha Sv\u00e4t\u00e9ho.<\/span><\/strong><\/p>\n<h2>MILOS\u0164<\/h2>\n<p>Mnoh\u00ed z\u00a0v\u00e1s si pam\u00e4taj\u00fa, ke\u010f sa V\u00e1clav Havel stal prezidentom. Udelil milos\u0165 mnoh\u00fdm v\u00e4z\u0148om. Mnoh\u00ed v\u00e4zni, \u010di politick\u00ed, \u010di vrahovia, \u010di krimin\u00e1lnici boli zo d\u0148a na de\u0148 prepusten\u00ed na slobodu. Jedin\u00fdm dekr\u00e9tom prezidenta. Zadarmo, bez ak\u00fdchko\u013evek svojich skutkov, \u010di z\u00e1sluh boli v\u00e4zni prepusten\u00ed. Ni\u010d\u00edm sa o\u00a0svoje prepustenie nepri\u010dinili.<\/p>\n<p>Vie\u0161 si predstavi\u0165, \u017ee by v\u0161etci v\u00e4zni neverili tomu, \u017ee Havel im dal milos\u0165? Na\u010falej by sa sna\u017eili dobre spr\u00e1va\u0165, kona\u0165 dobr\u00e9 skutky, robili by kade\u010do, aby sa zap\u00f4sobili na dozorcov, aby im z\u00a0trestu aspo\u0148 trochu odpustili, aby ich prelo\u017eili do miernej\u0161ej skupiny, kde bud\u00fa ma\u0165 trochu lep\u0161ie v\u00e4zensk\u00e9 podmienky. A\u00a0ute\u0161ovali by sa: \u201eAk\u00ed sme boli dobr\u00ed, \u017ee sa m\u00e1me lep\u0161ie. Ak\u00ed sme dobr\u00ed, \u017ee si aspo\u0148 150 ro\u010dn\u00e9 v\u00e4zenie skr\u00e1time na 149 rokov.\u201c<\/p>\n<p><strong><span style=\"color: #0000ff;\">Bo\u017eia milos\u0165 je dar. Bo\u017e\u00ed dar. Dar ZADARMO. Milos\u0165 je milos\u0165ou preto, lebo sa ude\u013euje zadarmo bez ak\u00fdchko\u013evek z\u00e1sluh. Rovnako ju m\u00f4\u017ee zadarmo obdr\u017ea\u0165 dobr\u00fd a\u00a0mor\u00e1lny \u010dlovek a\u00a0rovnako ju m\u00f4\u017ee obdr\u017ea\u0165 aj najv\u00e4\u010d\u0161\u00ed krimin\u00e1lnik. Ka\u017ed\u00fd \u010dlovek bez rozdielu m\u00f4\u017ee dosta\u0165 Bo\u017eiu milos\u0165. dar Bo\u017eej milosti dostane ka\u017ed\u00fd, kto uver\u00ed Bo\u017eiemu rie\u0161eniu vyk\u00fapenia a sp\u00e1sy z milosti, \u010di\u017ee zadarmo.<\/span><\/strong><\/p>\n<p><span style=\"color: #ff0000;\">Ef 2:8-9 Lebo spasen\u00ed ste milos\u0165ou skrze vieru; a to nie je z v\u00e1s, je to Bo\u017e\u00ed dar:<\/span><br \/>\n<span style=\"color: #ff0000;\">nie zo skutkov, aby sa nik nevystatoval.<\/span><\/p>\n<p>&nbsp;<\/p>\n<p>Katol\u00edcke n\u00e1bo\u017eenstvo a\u00a0katol\u00edcka viera je v\u00e4zenie, z\u00a0ktor\u00e9ho sa \u201enechce\u201c nijak\u00e9mu v\u00e4z\u0148ovi na slobodu. Je to \u017eal\u00e1r, kde sa zbieraj\u00fa r\u00f4zne MILOSTI, za r\u00f4zne z\u00e1sluhy. Ak\u00e1 nelogika. Za om\u0161e, prij\u00edmania, modlitby, obety, skutky at\u010f. dost\u00e1vaj\u00fa vraj katol\u00edci od Boha r\u00f4zne milosti. Ba dokonca nielen od Boha, ale aj od M\u00e1rie od sv\u00e4t\u00fdch, od cirkvi dost\u00e1vaj\u00fa katol\u00edci r\u00f4zne milosti. Milosti,\u00a0ktor\u00e9 si musia sami zarobi\u0165. Milosti, ktor\u00e9 nie s\u00fa zadarmo.<\/p>\n<p>T\u00fdm sa vy\u010dle\u0148uj\u00fa katol\u00edci z\u00a0Bo\u017eej milosti, ktor\u00e1 je zadarmo. Neveria Bohu, \u017ee u\u017e ich skrze Je\u017ei\u0161a Krista vyslobodil a\u00a0na\u010falej si zbieraj\u00fa za svoje skutky milosti. Milosti, ktor\u00e9 im skr\u00e1tia ve\u010dnos\u0165 pre\u017eit\u00fa v\u00a0pekle na ve\u010dnos\u0165 bez jedn\u00e9ho roku v\u00a0pekle.<\/p>\n<p>Katol\u00edk pokia\u013e bude st\u00e1le katol\u00edkom, st\u00e1le sa bude sna\u017ei\u0165 na Boha nejako zap\u00f4sobi\u0165. St\u00e1le bude vklada\u0165 svoje JA do sp\u00e1sy ktor\u00fa zariadil Boh zadarmo, bez skutkov a\u00a0z\u00e1sluh a\u00a0pred 2000 rokmi. St\u00e1le bude potrebova\u0165 \u013eudsk\u00fdch prostredn\u00edkov, aby skrze nich dosiahol sp\u00e1su.<\/p>\n<p><strong><span style=\"color: #0000ff;\">Jedin\u00e1 mo\u017enos\u0165 pre t\u00fdch katol\u00edkov, \u010do u\u017e VIEROU prijali MILOS\u0164 od Boha je vyjs\u0165 z\u00a0Katol\u00edckej cirkvi a\u00a0spolieha\u0165 sa u\u017e len na Boha, Je\u017ei\u0161a Krista,\u00a0 Ducha Sv\u00e4t\u00e9ho.<\/span><\/strong><\/p>\n<p>&nbsp;<\/p>\n<h2>SPASENIE<\/h2>\n<p>Je\u017ei\u0161 Kristus u\u017e vykonal spasenie jedinou obe\u0165ou a\u00a0zasadol po pravici Otca. V\u0161etko potrebn\u00e9 bolo u\u017e vykonan\u00e9 pred 2000 rokmi na kr\u00ed\u017ei a\u00a0potvrden\u00e9 zm\u0155tvychvstan\u00edm. <strong><span style=\"color: #0000ff;\">Jedin\u00e9, \u010do od n\u00e1s Boh \u017eiada je prija\u0165 toto Bo\u017eie rie\u0161enie na\u0161ej sp\u00e1sy vierou.<\/span><\/strong><\/p>\n<p>Katol\u00edcke n\u00e1bo\u017eenstvo a\u00a0katol\u00edcka\u00a0viera never\u00ed v\u00a0sp\u00e1su u\u017e tu na zemi. Katol\u00edcki predstavitelia sami nevedia ur\u010di\u0165, kde po smrti p\u00f4jdu a\u00a0takisto to nevedia zaisti\u0165 svojim veriacim.<\/p>\n<p>&nbsp;<\/p>\n<h1>O \u010dom s\u00fa Vianoce katol\u00edkov?<\/h1>\n<p>&nbsp;<\/p>\n<p><span style=\"color: #0000ff;\">Katol\u00edcke n\u00e1bo\u017eenstvo a\u00a0katol\u00edcka viera je na Vianoce o\u00a0vzne\u0161enosti obradov, o\u00a0n\u00e1dhern\u00fdch spevoch, o\u00a0n\u00e1dhern\u00fdch Jasli\u010dkov\u00fdch pobo\u017enostiach o\u00a0peknej \u013eudskej atmosf\u00e9re&#8230; <\/span><\/p>\n<h2><span style=\"color: #0000ff;\">\u017dia\u013e, toto v\u0161etko sa odohr\u00e1va vo v\u00e4zen\u00ed.<\/span><\/h2>\n<p>&nbsp;<\/p>\n<p><strong><span style=\"color: #ff0000;\">Jer 51:45 \u013dud m\u00f4j, ujdi z jeho stredu, ka\u017ed\u00fd si zachr\u00e1\u0148te \u017eivot pred bl\u00ed\u017eiacim sa hnevom P\u00e1nov\u00fdm.<\/span><\/strong><\/p>\n<p><strong>\u00a0<\/strong><\/p>\n<h2>Odkaz pre spasen\u00fdch kres\u0165anov:<\/h2>\n<p>Vy, ktor\u00ed toto \u010d\u00edtate a\u00a0ste vyk\u00fapen\u00ed a\u00a0spasen\u00ed, tak s\u00a0ve\u013ekou v\u010fakou Bohu za tento dar milosti ohl\u00e1ste nielen katol\u00edkom po svojom okol\u00ed jedin\u00fa cestu sp\u00e1sy! <strong>Ja toti\u017e never\u00edm, v\u00a0tak\u00e9ho kres\u0165ana, ktor\u00fd o\u00a0sebe tvrd\u00ed, \u017ee je vyk\u00fapen\u00fd a\u00a0spasen\u00fd a\u00a0neohlasuje evanjelium in\u00fdm!<\/strong><\/p>\n<p><span style=\"color: #ff0000;\"><strong>Iz 40:2 <\/strong>Hovorte k srdcu Jeruzalema a volajte mu, \u017ee sa skon\u010dilo jeho otroctvo a je od\u010dinen\u00e1 jeho vina, \u017ee dostal z P\u00e1novej ruky dvojmo za ka\u017ed\u00fd svoj hriech.<strong><\/strong><\/span><\/p>\n<p><span style=\"color: #ff0000;\"><strong>Iz 52:7 <\/strong><strong>-11 <\/strong>Ak\u00e9 mil\u00e9 s\u00fa na hor\u00e1ch nohy posla blahozvesti, \u010do oznamuje pokoj, zvestuje blaho, oznamuje spasenie, hovor\u00ed Sionu: \u201eTvoj Boh kra\u013euje.\u201c<strong> <\/strong>\u010cuj, tvoji str\u00e1\u017ecovia povy\u0161uj\u00fa hlas a plesaj\u00fa z\u00e1rove\u0148, lebo zo\u010di-vo\u010di h\u013eadia na P\u00e1nov n\u00e1vrat na Sion.<strong> <\/strong>Plesajte, jasajte spolu, sutiny Jeruzalema, ve\u010f P\u00e1n pote\u0161il svoj \u013eud, vyk\u00fapil Jeruzalem!<strong> <\/strong>P\u00e1n si obna\u017eil sv\u00e4t\u00e9 rameno pred o\u010dami v\u0161etk\u00fdch n\u00e1rodov a v\u0161etky kon\u010diny zeme uvidia sp\u00e1su n\u00e1\u0161ho Boha.<strong> <\/strong>Cho\u010fte, cho\u010fte, vyjdite odtia\u013e, ne\u010dist\u00e9ho sa net\u00fdkajte, vyjdite z jeho stredu, o\u010distite sa vy, \u010do nos\u00edte P\u00e1nove n\u00e1doby.<\/span><\/p>\n<p><span style=\"color: #ff0000;\"><strong>Jn 3:16 Ve\u010f Boh tak miloval svet, \u017ee dal svojho jednoroden\u00e9ho Syna, aby nezahynul nik, kto v neho ver\u00ed, ale aby mal ve\u010dn\u00fd \u017eivot.<\/strong><\/span><\/p>\n<p>&#8230;&#8230;&#8230;&#8230;&#8230;.<\/p>\n<p><span style=\"color: #000000;\">PS: mysl\u00edm si, \u017ee ka\u017ed\u00fd z v\u00e1s u\u017e sl\u00e1vil svoje narodeniny. Polo\u017e\u00edm ot\u00e1zku: Ka\u017ed\u00e9 narodeniny ste s rodinou pozerali svoje detsk\u00e9 fotky v plienkach a ute\u0161ovali ste sa na tom, ak\u00ed ste boli, ke\u010f ste sa narodili? V\u0161etci, \u010do v\u00e1m pri\u0161li blaho\u017eela\u0165 k narodenin\u00e1m, oslovovali v\u00e1s mal\u00fd Milanko, mal\u00fd Rast\u00edk, mal\u00e1 Zuzinka, mal\u00e1 Terezka?<\/span><\/p>\n<p>Alebo in\u00fd pr\u00edklad:<\/p>\n<p>Z Biblie sa d\u00e1 dedukova\u0165 pod\u013ea pastierov, \u017ee narodenie Je\u017ei\u0161a Krista bolo na jese\u0148, nie v zime. V zime toti\u017e u\u017e st\u00e1da maj\u00fa v Izraeli pastieri v zavret\u00e9.<\/p>\n<p>Predstavte si, \u017ee vy m\u00e1te narodeniny na jese\u0148. Napriek tomu sa n\u00e1jde niekto, kto hovor\u00ed, \u017ee v\u00e1s pozn\u00e1, \u017ee je jedin\u00fd, kto v\u00e1s pozn\u00e1. Vyberie si sviatok, kedy masy pohanov oslavuj\u00fa v\u00e1\u0161ho najv\u00e4\u010d\u0161ieho nepriate\u013ea a presunie va\u0161e narodeniny na zimu, ke\u010f v\u00e1\u0161 najv\u00e4\u010d\u0161\u00ed nepriate\u013e m\u00e1 sviatok, Za\u010dne tvrdi\u0165 \u017ee vy ste sa vtedy narodili a vtedy oslavuje va\u0161e narodeniny. Vytvor\u00ed si mal\u00e9 so\u0161ky, ke\u010f ste vyzerali ako die\u0165a a za\u010dne sa t\u00fdm so\u0161k\u00e1m kla\u0148a\u0165, ako keby sa v\u00e1m kla\u0148al.<\/p>\n<p>Vy na jese\u0148, v de\u0148 svojich naroden\u00edn \u010dak\u00e1te, \u017ee v\u00e1m pr\u00edde niekto zablaho\u017eela\u0165, priprav\u00edte oslavu. No ten, \u010do tvrd\u00ed \u017ee v\u00e1s pozn\u00e1 priprav\u00ed v\u00e1m oslavu v zime. V\u0161etci v\u00e1m v zime pr\u00eddu blaho\u017eela\u0165, \u017ee ste sa narodili. A ke\u010f\u017ee v\u00e1s nepoznaj\u00fa, nevedia o v\u00e1s ni\u010d, tak si vytvoria sam\u00e9 va\u0161e ako\u017ee detsk\u00e9 podobizne v plienkach a tak blaho\u017eelaj\u00fa va\u0161im dreven\u00fdm so\u0161k\u00e1m, spievaj\u00fa v\u00e1m\u00a0 a raduj\u00fa sa z toho, \u017ee ste sa v zime narodili.<\/p>\n<p>Je to smie\u0161ne, ale \u017eia\u013e, takto to cel\u00fd svet kon\u00e1.<\/p>\n<p>&nbsp;<\/p>\n<p><span style=\"color: #000000;\">Je pekn\u00e9, \u017ee si \u010dlovek pripomenie narodenie Je\u017ei\u0161a Krista. <\/span><\/p>\n<p><span style=\"color: #000000;\">Ale pre\u010do pr\u00e1ve v dni, kedy boli pohansk\u00e9 sviatky? <\/span><\/p>\n<p><span style=\"color: #000000;\">Teraz sa mi to zd\u00e1 \u010dudn\u00e9, ke\u010f st\u00e1le \u0161katu\u013ekujeme Je\u017ei\u0161a na mali\u010dk\u00e9ho Je\u017ei\u0161ka. Ja s\u00e1m sa mus\u00edm od toho odu\u010di\u0165. Preto\u017ee ten Je\u017ei\u0161 Kristus, \u010do sa narodil pred 2000 rokmi, ke\u010f mu chceme blaho\u017eela\u0165 k narodeniu, mus\u00edme ho bra\u0165 a oslovova\u0165 tak\u00e9ho, ak\u00fd je teraz v tomto \u010dase. \u010ci\u017ee Je\u017ei\u0161 Kristus u\u017e nie je v jasli\u010dk\u00e1ch, jasle s\u00fa u\u017e d\u00e1vno pr\u00e1zdne, u\u017e nie je na kr\u00ed\u017ei, kr\u00ed\u017e je u\u017e d\u00e1vno pr\u00e1zdny.\u00a0 <\/span><\/p>\n<p>Je\u017ei\u0161 Kristus teraz sed\u00ed osl\u00e1ven\u00fd po pravici Otca. Sed\u00ed tam ako V\u00ed\u0165az, ako P\u00e1n, ako Kr\u00e1\u013e, ako mocn\u00e9 Knie\u017ea, ktor\u00e9 premohlo Satana.\u00a0 <span style=\"color: #000000;\">Premohol hriech a z\u00edskal v\u00ed\u0165azstvo nad svetom. Kto v neho uver\u00ed, narod\u00ed sa pre ve\u010dnos\u0165 a je spolu s n\u00edm v\u00ed\u0165az:<br \/>\n<\/span><\/p>\n<p><strong><span style=\"color: #ff0000;\">1Jn 5:4 -5 Ve\u010f v\u0161etko, \u010do sa narodilo z Boha, prem\u00e1ha svet. A t\u00fdm v\u00ed\u0165azstvom, ktor\u00e9 premohlo svet, je na\u0161a viera. Ve\u010f kto in\u00fd prem\u00e1ha svet, ak nie ten, kto ver\u00ed, \u017ee Je\u017ei\u0161 je Bo\u017e\u00ed Syn?<\/span><\/strong><\/p>\n<p>&nbsp;<\/p>\n","protected":false},"excerpt":{"rendered":"<p>Krut\u00e1 realita s\u00fa\u010dastnosti dosved\u010duje, \u017ee pre v\u00e4\u010d\u0161inu \u013eud\u00ed Je\u017ei\u0161 Kristus pri\u0161iel na svet zbyto\u010dne. \u017dia\u013e aj pre v\u0161etk\u00fdch katol\u00edkov pri\u0161iel Je\u017ei\u0161 Kristus na svet &#8211; ak sa neobr\u00e1tia &#8211; zbyto\u010dne. Katol\u00edci ber\u00fa Vianoce ako pr\u00edchod Je\u017ei\u0161a Krista na tento svet. &hellip; <a href=\"https:\/\/obratenykatolik.sk\/?page_id=411\">Pokra\u010dova\u0165 v \u010d\u00edtan\u00ed <span class=\"meta-nav\">&rarr;<\/span><\/a><\/p>\n","protected":false},"author":1,"featured_media":0,"parent":0,"menu_order":0,"comment_status":"closed","ping_status":"closed","template":"","meta":[],"_links":{"self":[{"href":"https:\/\/obratenykatolik.sk\/index.php?rest_route=\/wp\/v2\/pages\/411"}],"collection":[{"href":"https:\/\/obratenykatolik.sk\/index.php?rest_route=\/wp\/v2\/pages"}],"about":[{"href":"https:\/\/obratenykatolik.sk\/index.php?rest_route=\/wp\/v2\/types\/page"}],"author":[{"embeddable":true,"href":"https:\/\/obratenykatolik.sk\/index.php?rest_route=\/wp\/v2\/users\/1"}],"replies":[{"embeddable":true,"href":"https:\/\/obratenykatolik.sk\/index.php?rest_route=%2Fwp%2Fv2%2Fcomments&post=411"}],"version-history":[{"count":12,"href":"https:\/\/obratenykatolik.sk\/index.php?rest_route=\/wp\/v2\/pages\/411\/revisions"}],"predecessor-version":[{"id":1601,"href":"https:\/\/obratenykatolik.sk\/index.php?rest_route=\/wp\/v2\/pages\/411\/revisions\/1601"}],"wp:attachment":[{"href":"https:\/\/obratenykatolik.sk\/index.php?rest_route=%2Fwp%2Fv2%2Fmedia&parent=411"}],"curies":[{"name":"wp","href":"https:\/\/api.w.org\/{rel}","templated":true}]}}