{"id":40,"date":"2012-01-31T10:26:54","date_gmt":"2012-01-31T10:26:54","guid":{"rendered":"http:\/\/obratenykatolik.sk\/?page_id=40"},"modified":"2018-02-04T19:02:43","modified_gmt":"2018-02-04T19:02:43","slug":"clanok-6","status":"publish","type":"page","link":"https:\/\/obratenykatolik.sk\/?page_id=40","title":{"rendered":"Moja cesta k pravde"},"content":{"rendered":"<p>Pre mojich zn\u00e1mych m\u00f4\u017eem hne\u010f na za\u010diatku nap\u00edsa\u0165, \u017ee k\u00a0pravde som dospel jedine prijat\u00edm sp\u00e1sy a\u00a0uveren\u00edm v\u00a0dokon\u010den\u00e9 dielo Je\u017ei\u0161 Krista. In\u00e1 cesta spozna\u0165 pravdu nie je. Pr\u00edbuzn\u00ed si toti\u017e myslia, \u017ee ma niekto zviedol \u2013 nie nezviedol, uveril som v\u00a0plnos\u0165 a\u00a0bezpe\u010dnos\u0165 sp\u00e1sy. Nepripisujem t\u00fato \u00falohu nikomu, iba Duchu Sv\u00e4t\u00e9mu, ktor\u00fd ma viedol na ceste h\u013eadania. Posielal mi spr\u00e1vnych \u013eud\u00ed do cesty ktor\u00ed ma nasmerovali a\u00a0Duch Sv\u00e4t\u00fd ma v\u00a0tom utvrdzoval skrze svoje slovo.<\/p>\n<p>Sp\u00e1su (po katol\u00edcky) som prv\u00fd kr\u00e1t prijal v\u00a0Pre\u0161ove na Ohni. Asi v\u00a0roku 1998. Odvtedy som o\u00a0sp\u00e1se po\u010dul a\u00a0prijal ju e\u0161te na niektor\u00fdch kurzoch. Mus\u00edm ale doda\u0165, \u017ee sp\u00e1se v\u00a0pravom slova zmysle som uveril a\u017e za\u010diatkom roku 2012. Alebo inak povedan\u00e9 do\u0161lo mi to a\u017e teraz. Bola to n\u00e1ro\u010dn\u00e1 dlh\u00e1 cesta. <strong>Pokia\u013e som nebral Bo\u017eie Slovo ako jedin\u00fd zdroj poznania, u\u010denia a\u00a0pravdy, st\u00e1le som sa prid\u0155\u017eal katol\u00edckeho u\u010denia. <\/strong><\/p>\n<p>Bolo to v\u00a0roku 2011, kedy som sa dozvedel nie\u010do, \u010do ma don\u00fatilo intenz\u00edvne sk\u00fama\u0165 a\u00a0h\u013eada\u0165 pravdu. To pop\u00ed\u0161em inde.\u00a0 Intenz\u00edvne je myslen\u00e9 tak, \u017ee som\u00a0 sa \u00be roka denne v\u00a0priemere asi 4 hodiny venoval sk\u00famaniu Bo\u017eieho slova a jeho v\u00fdkladom, sk\u00faman\u00edm. Ostatn\u00fd \u010das som de\u0148 a\u00a0noc prem\u00fd\u0161\u013eal nad Bo\u017e\u00edm slovom a\u00a0jeho v\u00fdznamom. Modlil som sa k\u00a0Duchu Sv\u00e4t\u00e9mu, aby mi objasnil pravdu. <strong>Chcel som pozna\u0165 pravdu a\u00a0volal som, kri\u010dal som k\u00a0Bohu, aby mi ju dal spozna\u0165. <\/strong><\/p>\n<p>Dovtedy som sk\u00famal pravdu tak, \u017ee som sa silou mocou prid\u0155\u017eal katol\u00edckeho u\u010denia a\u00a0ak som po\u010dul alebo \u010d\u00edtal in\u00fd n\u00e1zor, neprip\u00fa\u0161\u0165al som ani v\u00a0najmen\u0161om, \u017ee by sa u\u010denie Katol\u00edckej cirkvi mohlo m\u00fdli\u0165. To bol nespr\u00e1vny postoj, lebo za t\u00fdch 14 rokov od prijatia sp\u00e1sy som sa nedopracoval takmer k\u00a0nijak\u00e9mu poznaniu Boha a\u00a0Biblie.<\/p>\n<p>Ten kto sk\u00fama Bibliu, m\u00e1 sa tv\u00e1ri\u0165 tak, ako keby nikdy nepo\u010dul \u017eiadne n\u00e1bo\u017eensk\u00e9 u\u010denie. M\u00e1 sa modli\u0165 k\u00a0Duchu Sv\u00e4t\u00e9mu, aby mu dal spozna\u0165, \u010do je pravda. Toto je t\u00e1 najlep\u0161ia cesta, ako sa k\u00a0spr\u00e1vnemu poznaniu dopracova\u0165. Napriek tomu, \u017ee za tie roky som spoznal katol\u00edcku n\u00e1uku skoro zo v\u0161etk\u00fdch mo\u017en\u00fdch ofici\u00e1lnych dokumentov Katol\u00edckej cirkvi, za\u010dal som sa tv\u00e1ri\u0165 tak, ako keby som toto u\u010denie nikdy nepoznal. Takto sa mi Bo\u017eie slovo v\u00a0Biblii uk\u00e1zalo v\u00a0\u00faplne inom, novom \u00a0svetle, ako som bol nau\u010den\u00fd od mali\u010dka.<\/p>\n<p>\u010c\u00edtal som a\u00a0po\u010d\u00faval Bo\u017eie Slovo . Nahral som si na mp3 Nov\u00fd z\u00e1kon (link je na str\u00e1nke v\u00a0sekcii: Sk\u00f4r ako za\u010dne\u0161 \u010d\u00edta\u0165) a\u00a0dookola som ho po\u010d\u00faval. Stiahol som si \u00fa\u017easn\u00fd program na P\u00edsmo,\u00a0 (link je na tej istej str\u00e1nke) kde sa d\u00e1 \u013eahko vyh\u013ead\u00e1va\u0165, \u010do potrebujete.\u00a0 Stiahol som si slovensk\u00fd preklad od Heribana, aj \u010desk\u00fd najnov\u0161\u00ed preklad B21, Kr\u00e1lick\u00fd preklad aj\u00a0gr\u00e9cky preklad. Tak som si porovn\u00e1val podstatn\u00e9 slov\u00e1 a\u00a0zis\u0165oval rozdiely v\u00a0prekladoch.\u00a0 Pod\u013ea gr\u00e9ckeho prekladu som si overil spr\u00e1vnos\u0165 niektor\u00fdch d\u00f4le\u017eit\u00fdch slov, ktor\u00e9 s\u00fa inak prelo\u017een\u00e9 v\u00a0katol\u00edckej Biblii.<\/p>\n<p>Doma som ke\u010f som mal \u010das \u010d\u00edtal som aj Star\u00fd Z\u00e1kon. Popri tom som po\u010d\u00faval biblick\u00e9 vyu\u010dovania aj katol\u00edkov aj protestantov. \u010co mi nesedelo, presk\u00famal som v\u00a0Biblii a\u00a0v\u00a0in\u00fdch prekladoch Biblie, \u010di je to naozaj tak. Objednal som si r\u00f4zne knihy vysvet\u013euj\u00face P\u00edsmo (katol\u00edcku n\u00e1uku z\u00a0dokumentov som u\u017e dobre poznal) a\u00a0\u010do mi nesedelo presk\u00famal som v\u00a0Biblii a\u00a0porovnal aj in\u00e9 preklady Biblie.<\/p>\n<p>Pochopil som ve\u013ea podstatn\u00fdch vec\u00ed z\u00a0Bo\u017eieho slova a\u00a0spoznal som rozdiely v\u00a0u\u010den\u00ed Bo\u017eieho slova\u00a0 katol\u00edckej n\u00e1uky. Nezostalo mi ni\u010d in\u00e9 len sa vzda\u0165 katol\u00edckej n\u00e1uky a\u00a0uveri\u0165 jedine Bo\u017eiemu Slovu.<\/p>\n<p>A\u00a0ke\u010f veri\u0165 Bo\u017eiemu slovu, tak s\u00a0d\u00f4sledkami. Prestal som chodi\u0165 sa z\u00fa\u010dast\u0148ova\u0165 v\u0161etk\u00e9ho katol\u00edckeho (om\u0161e, prij\u00edmania, spovede). Bo\u017eie slovo ma vyz\u00fdvalo:<\/p>\n<p><strong>(Zjv 18:4 [SSV])<\/strong><\/p>\n<p><em>A po\u010dul som in\u00fd hlas vola\u0165 z neba: \u201eVyjdite z neho, m\u00f4j \u013eud, aby ste nemali \u00fa\u010das\u0165 na jeho hriechoch a aby sa v\u00e1m nedostalo z jeho r\u00e1n<\/em><\/p>\n<p><strong>(2Kor 6:14-18 [SSV])<\/strong><\/p>\n<p><em>Ne\u0165ahajte jarmo s neveriacimi! Ve\u010f ak\u00fa \u00fa\u010das\u0165 m\u00e1 spravodlivos\u0165 na nepr\u00e1vosti?! Alebo \u010do m\u00e1 spolo\u010dn\u00e9 svetlo s tmou?!<strong> <\/strong>Ak\u00e1 zhoda je medzi Kristom a Beliarom?! Ak\u00fd podiel m\u00e1 veriaci s neveriacim?!<strong> <\/strong>A ako s\u00favis\u00ed Bo\u017e\u00ed chr\u00e1m s modlami?! A vy ste chr\u00e1m \u017eiv\u00e9ho Boha, ako hovor\u00ed Boh: <strong>\u201eBudem v nich preb\u00fdva\u0165 a medzi nimi chodi\u0165, budem ich Bohom a oni bud\u00fa moj\u00edm \u013eudom.<\/strong><strong> <\/strong><strong>A preto vyjdite spomedzi nich, odde\u013ete sa, hovor\u00ed P\u00e1n, a ne\u010dist\u00e9ho sa nedot\u00fdkajte; a ja v\u00e1s prijmem<\/strong><strong> a budem va\u0161\u00edm Otcom a vy budete mojimi synmi a dc\u00e9rami, hovor\u00ed v\u0161emoh\u00faci P\u00e1n.\u201c<\/strong><\/em><\/p>\n<p>k\u00a0tomu ist\u00e9mu vyz\u00fdvaj\u00fa aj tieto ver\u0161e: Iz 48,20; Iz 52,11; Jer 51,6; Jer 51,45<\/p>\n<p>Ako konate\u013e Bo\u017eieho slova, Bo\u017eej v\u00f4le oddelil som sa duchovne od katol\u00edckej cirkvi.<\/p>\n<p>Bo\u017eie Slovo mi po uveren\u00ed bolo zrazu zrozumite\u013en\u00e9, \u017ee sa nesta\u010d\u00edm \u010dudova\u0165, ako som mohol by\u0165\u00a0 doteraz tak\u00fd slep\u00fd. Tak zrozumite\u013ene a\u00a0tak jednoducho je Bo\u017eie slovo nap\u00edsan\u00e9.<\/p>\n<p>Biblia hovor\u00ed, \u017ee pokrytec je ten, kto nesk\u00fama znamenia \u010dasov. Ja som pod\u013ea Bo\u017eieho slova ani pokrytcom nechcel osta\u0165. Sk\u00famal som znamenia \u010dasov a\u00a0zhrozil som sa e\u0161te viac nad t\u00fdm pohor\u0161en\u00edm, \u010do ma don\u00fatilo v\u0161etko sk\u00fama\u0165.\u00a0 Zistil som, \u017ee <strong>cel\u00fd \u017eivot som bol klaman\u00fd<\/strong>. Zistil som \u017ee Biblia jasne opisuje posledn\u00e9 \u010dasy a\u00a0zvod posledn\u00fdch \u010dasov. Ak toho klam\u00e1ra m\u00e1m pomenova\u0165, tak je to otec l\u017ei \u2013 diabol. (Jn 8,44) Vymyslel dokonal\u00fa lo\u017e, a\u00a0tou l\u017eou oklamal a\u00a0klame st\u00e1mili\u00f3ny \u013eud\u00ed, hlavne katol\u00edkov. Vymyslel in\u00e9 evanjelium a\u00a0to \u013eu\u010fom predlo\u017eil obalen\u00e9 do zlata, purpuru a\u00a0kmentu.<\/p>\n<p>Boh mi dal t\u00fa milos\u0165 aby som uveril v\u00a0sp\u00e1su a\u00a0Jeho Slovu.\u00a0 Za\u017eil som ten naj\u00fa\u017easnej\u0161\u00ed pocit\u00a0 slobody a\u00a0utvrdenia sa vo v\u0161etkom, v \u010do som uveril. \u010eakujem za to Bohu a\u00a0jeho synovi Je\u017ei\u0161ovi Kristovi za tento nezasl\u00fa\u017een\u00fd dar, ktor\u00fd mi dal e\u0161te ke\u010f som bol hrie\u0161nik.<\/p>\n<p><strong>(Rim 5:8)<\/strong><\/p>\n<p><em>Ale Boh dokazuje svoju l\u00e1sku k n\u00e1m t\u00fdm, \u017ee <strong>Kristus zomrel za n\u00e1s, ke\u010f sme boli e\u0161te hrie\u0161nici.<\/strong><strong><\/strong> T\u00fdm sk\u00f4r sa teda skrze neho zachr\u00e1nime od hnevu teraz, <strong>ke\u010f sme u\u017e ospravedlnen\u00ed jeho krvou!<\/strong><strong><\/strong> Lebo ak sme boli zmieren\u00ed s Bohom smr\u0165ou jeho Syna vtedy, ke\u010f sme boli nepriate\u013emi, t\u00fdm sk\u00f4r u\u017e ako zmieren\u00ed <strong>budeme spasen\u00ed jeho \u017eivotom.<\/strong><strong><\/strong> A nielen to: <strong>e\u0161te sa aj chv\u00e1lime Bohom skrze n\u00e1\u0161ho P\u00e1na Je\u017ei\u0161a Krista, skrze ktor\u00e9ho sme teraz obsiahli zmierenie.<\/strong><\/em><strong><\/strong><\/p>\n<p>Kto uveril v Je\u017ei\u0161a Krista, zistil, \u017ee sa o\u00a0tomto dare milosti ned\u00e1 ml\u010da\u0165. Ani mne sa o\u00a0tom ned\u00e1 ml\u010da\u0165. Chv\u00e1lim sa, ale chv\u00e1lim sa v\u00a0Je\u017ei\u0161ovi Kristovi, v\u010faka ktor\u00e9mu som toto v\u0161etko obsiahol.<\/p>\n<p>Vy, ktor\u00ed toto pr\u00e1ve \u010d\u00edtate, sk\u00famajte, \u010di to \u010do p\u00ed\u0161em na tejto\u00a0 web str\u00e1nke s\u00fahlas\u00ed s\u00a0Bibliou. Ja v\u00a0\u017eiadnom pr\u00edpade nepotrebujem, aby ste mne verili, ale aby ste si v\u0161etko presk\u00famali pod\u013ea Biblie. Aby ste uverili Bohu a jeho slovu v\u00a0Biblii a aby ste prijali sp\u00e1su.\u00a0 Katol\u00edci, nem\u00e1te slepo v\u0161etk\u00e9mu veri\u0165, \u010do v\u00e1m predlo\u017eia v\u00a0r\u00fachu odet\u00ed \u013eudia. M\u00e1te povinnos\u0165\u00a0 pozna\u0165 u\u010denie Biblie a\u00a0presk\u00fama\u0165 v\u0161etko, \u010do v\u00e1m je povedan\u00e9 \u010di u\u017e v\u00a0kostole na k\u00e1zni, alebo na nejakom duchovnom cvi\u010den\u00ed. \u00a0V\u017edy tak urobte ke\u010f nie\u010do sa dozviete, aby v\u00e1s nik ne\u0165ahal za nos. Ke\u010f budete sk\u00fama\u0165, neuspokojte sa len s\u00a0polopravdami, h\u013eadajte, pokia\u013e nen\u00e1jdete \u00fapln\u00fa pravdu.<\/p>\n<p><strong>Lebo pevn\u00fdm, nepohnute\u013en\u00fdm, ve\u010dn\u00fdm\u00a0 \u0161tandardom pre v\u0161etky u\u010denia, doktr\u00edny, kres\u0165ansk\u00e9\u00a0cirkvi mus\u00ed by\u0165 jedine\u00a0 Biblia.<\/strong> Jedine poznanie Biblie n\u00e1s m\u00f4\u017ee uchr\u00e1ni\u0165 od falo\u0161n\u00e9ho u\u010denia, falo\u0161n\u00fdch prorokov a\u00a0zvodu diabla.<\/p>\n<p><strong>\u00a0(Zjv 14:12)<\/strong><\/p>\n<p><em>V tomto je trpezlivos\u0165 sv\u00e4t\u00fdch, ktor\u00ed zachov\u00e1vaj\u00fa Bo\u017eie prik\u00e1zania a vieru v Je\u017ei\u0161a.<\/em><\/p>\n<p>A\u00a0viera je jedine skrze po\u010dutie a\u00a0hl\u00e1sanie Bo\u017eieho Slova. (Rim 10,17) Ak m\u00e1\u0161 in\u00fa vieru, ako z\u00a0po\u010dutia Bo\u017eieho slova, nem\u00e1\u0161 vieru. Viera zalo\u017een\u00e1 posl\u00fachan\u00ed prik\u00e1zan\u00ed nejakej cirkvi, viera zalo\u017een\u00e1 na veren\u00ed u\u010denia nejakej cirkvi, ktorej autorita nie je Bo\u017eie slovo ale \u010dlovek, nie je viera, ale zvod. <strong><\/strong><\/p>\n<p><strong>\u00a0(Flp 3:8-9)<\/strong><\/p>\n<p><em>A v\u00f4bec v\u0161etko poklad\u00e1m za stratu pre vzne\u0161enos\u0165 poznania Krista Je\u017ei\u0161a, m\u00f4jho P\u00e1na. Pre\u0148 som v\u0161etko stratil a poklad\u00e1m za odpadky, aby som z\u00edskal Krista<strong> <\/strong>a <strong>na\u0161iel sa v \u0148om bez vlastnej spravodlivosti, ktor\u00e1 je zo z\u00e1kona, ale s tou, ktor\u00e1 je skrze vieru v Krista<\/strong> &#8211; <strong>spravodlivos\u0165ou z Boha, zalo\u017eenou na viere.<\/strong><\/em><strong><\/strong><\/p>\n<p>S\u00a0Apo\u0161tolom Pavlom m\u00f4\u017eem poveda\u0165:<\/p>\n<p><strong>(2Kor 4:2 -10)<\/strong><\/p>\n<p><em>Zriekli sme sa tajnej nehanebnosti; nepo\u010d\u00edname si \u00fasko\u010dne, ani <strong>nefal\u0161ujeme Bo\u017eie slovo, ale zjavujeme pravdu, a tak sa pred Bohom odpor\u00fa\u010dame svedomiu v\u0161etk\u00fdch \u013eud\u00ed.<\/strong><strong> A ak je na\u0161e evanjelium e\u0161te zahalen\u00e9, je zahalen\u00e9 t\u00fdm, \u010do id\u00fa do z\u00e1huby.<\/strong><strong><\/strong> Im, neveriacim, boh tohto veku zaslepil mysle, aby im neza\u017eiarilo svetlo evanjelia o Kristovej sl\u00e1ve, ktor\u00fd je obrazom Boha.<strong> Ve\u010f nie seba hl\u00e1same, ale Je\u017ei\u0161a Krista, P\u00e1na<\/strong>; my sme len va\u0161i slu\u017eobn\u00edci pre Je\u017ei\u0161a.<strong><\/strong> Lebo Boh, ktor\u00fd povedal: \u201eNech z temn\u00f4t za\u017eiari svetlo,\u201c za\u017eiaril aj v na\u0161ich srdciach na osvietenie poznania Bo\u017eej sl\u00e1vy v tv\u00e1ri Je\u017ei\u0161a Krista.<strong><\/strong> No <strong>tento poklad m\u00e1me v hlinen\u00fdch n\u00e1dob\u00e1ch, aby mal Boh zvrchovan\u00fa moc, a nie my.<\/strong><strong><\/strong> Zo v\u0161etk\u00fdch str\u00e1n n\u00e1s su\u017euj\u00fa, ale nie sme stiesnen\u00ed; sme bezradn\u00ed, ale nepodd\u00e1vame sa;<strong><\/strong> prenasleduj\u00fa n\u00e1s, ale nie sme opusten\u00ed; zr\u00e1\u017eaj\u00fa n\u00e1s, ale nehynieme.<strong><\/strong> St\u00e1le nos\u00edme na tele Je\u017ei\u0161ovo umieranie, aby sa na na\u0161om tele zjavil aj Je\u017ei\u0161ov \u017eivot.<\/em><strong><\/strong><\/p>\n","protected":false},"excerpt":{"rendered":"<p>Pre mojich zn\u00e1mych m\u00f4\u017eem hne\u010f na za\u010diatku nap\u00edsa\u0165, \u017ee k\u00a0pravde som dospel jedine prijat\u00edm sp\u00e1sy a\u00a0uveren\u00edm v\u00a0dokon\u010den\u00e9 dielo Je\u017ei\u0161 Krista. In\u00e1 cesta spozna\u0165 pravdu nie je. Pr\u00edbuzn\u00ed si toti\u017e myslia, \u017ee ma niekto zviedol \u2013 nie nezviedol, uveril som v\u00a0plnos\u0165 &hellip; <a href=\"https:\/\/obratenykatolik.sk\/?page_id=40\">Pokra\u010dova\u0165 v \u010d\u00edtan\u00ed <span class=\"meta-nav\">&rarr;<\/span><\/a><\/p>\n","protected":false},"author":1,"featured_media":0,"parent":0,"menu_order":0,"comment_status":"closed","ping_status":"closed","template":"","meta":[],"_links":{"self":[{"href":"https:\/\/obratenykatolik.sk\/index.php?rest_route=\/wp\/v2\/pages\/40"}],"collection":[{"href":"https:\/\/obratenykatolik.sk\/index.php?rest_route=\/wp\/v2\/pages"}],"about":[{"href":"https:\/\/obratenykatolik.sk\/index.php?rest_route=\/wp\/v2\/types\/page"}],"author":[{"embeddable":true,"href":"https:\/\/obratenykatolik.sk\/index.php?rest_route=\/wp\/v2\/users\/1"}],"replies":[{"embeddable":true,"href":"https:\/\/obratenykatolik.sk\/index.php?rest_route=%2Fwp%2Fv2%2Fcomments&post=40"}],"version-history":[{"count":9,"href":"https:\/\/obratenykatolik.sk\/index.php?rest_route=\/wp\/v2\/pages\/40\/revisions"}],"predecessor-version":[{"id":1604,"href":"https:\/\/obratenykatolik.sk\/index.php?rest_route=\/wp\/v2\/pages\/40\/revisions\/1604"}],"wp:attachment":[{"href":"https:\/\/obratenykatolik.sk\/index.php?rest_route=%2Fwp%2Fv2%2Fmedia&parent=40"}],"curies":[{"name":"wp","href":"https:\/\/api.w.org\/{rel}","templated":true}]}}