{"id":335,"date":"2012-10-20T21:44:51","date_gmt":"2012-10-20T21:44:51","guid":{"rendered":"http:\/\/obratenykatolik.sk\/?page_id=335"},"modified":"2018-02-04T16:41:07","modified_gmt":"2018-02-04T16:41:07","slug":"2-november-pamiatky-zosnulych","status":"publish","type":"page","link":"https:\/\/obratenykatolik.sk\/?page_id=335","title":{"rendered":"2. november: Pamiatka zosnul\u00fdch"},"content":{"rendered":"<p>Na sviatok V\u0161etk\u00fdch sv\u00e4t\u00fdch aj pamiatku zosnul\u00fdch z\u00edskavaj\u00fa katol\u00edci plnomocn\u00e9 odpustky pre seba a\u00a0pre du\u0161e v\u00a0o\u010distci.<\/p>\n<h2>\u010co s\u00fa to odpustky? O\u010distec?<\/h2>\n<p><strong>\u00a0Odpustky<\/strong><\/p>\n<p>Stru\u010dne historicky pripomeniem vznik odpustkov : Vatik\u00e1nska kasa bola pr\u00e1zdna od predo\u0161l\u00e9ho (zh\u00fdral\u00e9ho) p\u00e1pe\u017ea a\u00a0tak na zaplnenie kasy za\u010dala RKC pred\u00e1va\u0165 odpustky, \u010di\u017ee vstup do neba. Bohat\u00ed \u013eudia si vstup do neba k\u00fapili a\u00a0potom si hre\u0161ili na\u010falej. Ka\u017ed\u00fd hriech mal svoju cenu. Chudobn\u00ed mali smolu, \u017ee nemali na k\u00fapenie si neba peniaze, tak sa museli sna\u017ei\u0165 o\u00a0dobr\u00fd \u017eivot. Takmer cel\u00fd Vatik\u00e1n, tak ako ho dnes mo\u017eno vidie\u0165, takmer v\u0161etok ten honos bohatstva bol postaven\u00fd z\u00a0predaja odpustkov, teda predaja ve\u010dn\u00e9ho \u017eivota! Proti tomu vyst\u00fapili Luher a\u00a0in\u00ed reform\u00e1tori.<\/p>\n<p>\u017dia\u013e, hist\u00f3ria pokra\u010duje \u010falej, \u00fa\u010del je ten ist\u00fd \u2013 z\u00edskavanie pe\u0148az\u00ed z odpustkov, len v\u00a0inej forme.<\/p>\n<p><strong>Odpustky znamenaj\u00fa, \u017ee \u010dlovek mnoh\u00fdmi \u00fa\u010das\u0165ami na om\u0161iach, modlitbami a\u00a0odriekaniami opakovan\u00fdch modlitieb, peniazmi za om\u0161e, r\u00f4znymi darmi cirkvi, skracuje \u010das du\u0161\u00ed v\u00a0o\u010distci a\u00a0takisto aj sebe zmier\u0148uje bud\u00faci \u010das v\u00a0o\u010distci&#8230;<\/strong><\/p>\n<p>&nbsp;<\/p>\n<p><strong>O\u010distec<\/strong>:<\/p>\n<p>Tam pod\u013ea u\u010denia RKC du\u0161e odpyk\u00e1vaj\u00fa, od\u010di\u0148uj\u00fa trest za svoje hriechy.<\/p>\n<p><strong><span style=\"text-decoration: underline;\">T\u00e1to vymyslen\u00e1 \u013eudsk\u00e1 doktr\u00edna priniesla do RKC najviac moci a\u00a0pe\u0148az\u00ed.<\/span><\/strong> Bez nej by bola RKC dnes len kdesi na okraji spolo\u010dnosti a\u00a0\u013eudia by o\u00a0jej slu\u017eby nejavili z\u00e1ujem.<\/p>\n<p>O\u010distec vznikol ako doktr\u00edna a\u017e v\u00a0roku 1439!<\/p>\n<p>Do o\u010distca ide pod\u013ea n\u00e1uky RKC ka\u017ed\u00e1 du\u0161a. Aj t\u00ed najzbo\u017enej\u0161\u00ed musia prejs\u0165 cez o\u010distec. Aj ke\u010f len preletia cez o\u010distec, ale musia tade prejs\u0165.<\/p>\n<p>U\u010denie RKC u\u010d\u00ed, \u017ee katol\u00edk ke\u010f sp\u00e1cha hriechy, vyspoved\u00e1 sa k\u0148azovi. Hriechu s\u00fa mu odpusten\u00e9, ale v\u00a0o\u010distci ich treba e\u0161te od\u010dini\u0165, odtrpie\u0165 si trest za ne.<\/p>\n<p>Du\u0161iam v\u00a0o\u010distci sa m\u00f4\u017ee pom\u00f4c\u0165 r\u00fdchlej\u0161ie do neba a\u00a0u\u013eavova\u0165 im na bolesti modlitbami, om\u0161ami, obetami, sebazapieran\u00edm&#8230; A\u00a0hlavne na Mari\u00e1nske sviatky M\u00e1ria vyv\u00e1dza mnoho du\u0161\u00ed z\u00a0o\u010distca&#8230;<\/p>\n<p><strong><span style=\"color: #ff0000;\">Biblia n\u00e1s u\u010d\u00ed, \u017ee Je\u017ei\u0161 Kristus u\u017e od\u010dinil (Hebr 2,17; Iz 40,2) a\u00a0odtrpel trest za na\u0161e hriechy! \u017de v\u0161etok Bo\u017e\u00ed hnev, ktor\u00fd sme mali zn\u00e1\u0161a\u0165 my za svoje hriechy bol uvalen\u00fd na jeho Syna! (Iz 53,5-6; 1Kor 15,3; 1Pt 2,24)<\/span><br \/>\n<\/strong><\/p>\n<p>&nbsp;<\/p>\n<h2><strong>P\u00edsmo nepozn\u00e1 o\u010distec, iba nebo a\u00a0peklo<\/strong>.<\/h2>\n<p><strong><em>Hebr 9:27<\/em><\/strong><strong><em> <\/em><\/strong><em>A ako je ustanoven\u00e9, \u017ee \u013eudia raz zomr\u00fa a potom bude s\u00fad.<\/em><\/p>\n<p>Stav du\u0161\u00ed spasen\u00fdch je v\u00a0prechodnom stave, kde e\u0161te nezakusuj\u00fa plnos\u0165 Bo\u017eej sl\u00e1vy.<\/p>\n<p>Stav du\u0161\u00ed zatraten\u00fdch e\u0161te nie je v\u00a0pekle, ale v\u00a0prechodnom stave, kde e\u0161te v\u00a0plnosti nepre\u017e\u00edvaj\u00fa pekeln\u00e9 muky. A\u017e na konci sveta bud\u00fa nespasen\u00ed po poslednom s\u00fade uvrhnut\u00ed do pekla a\u00a0spasen\u00ed \u013eudia\u00a0 str\u00e1via ve\u010dnos\u0165 na novej zemi a novom nebi. Prv\u00e9 nebo sa pominie, na\u0161a zem bude zni\u010den\u00e1 a\u00a0bud\u00fa nahraden\u00e9 nov\u00fdm nebom a\u00a0novou. \u010ci\u017ee ve\u010dnos\u0165 str\u00e1vime na novom nebi a\u00a0novej zemi. (2Pt 3,10-13; Iz 65,17; Iz 66,22; Zjv 21,1)<\/p>\n<p>&nbsp;<\/p>\n<p><strong>\u017diaden o\u010distec neexistuje, je to len v\u00fdmysel RKC, aby mala katol\u00edkov pod kontrolou, poslu\u0161nos\u0165ou a\u00a0mohla s\u00a0nimi hlavne skrze u\u010denie o\u00a0o\u010distci manipulova\u0165. <\/strong><\/p>\n<p><strong>\u00a0<\/strong><\/p>\n<p>Napr\u00edklad:<\/p>\n<p>Pre katol\u00edka by bola ve\u013ek\u00e1 hanba, ak by nedal pokrsti\u0165 mal\u00e9 die\u0165a.<\/p>\n<p>Pre katol\u00edka by bola hanba nezosob\u00e1\u0161i\u0165 sa k\u0148azom, v\u00a0kostole.<\/p>\n<p>Pre katol\u00edka by bola ve\u013ek\u00e1 potupa, ak by ho nepochoval k\u0148az&#8230;<\/p>\n<p>Preto aj Hitler aj Mussolini, aj Talianski mafi\u00e1ni, aj vojnov\u00ed zlo\u010dinci&#8230; nav\u017edy zost\u00e1vaj\u00fa katol\u00edkmi, aby po smrti mohli za nich pr\u00edbuzn\u00ed d\u00e1va\u0165 na om\u0161e za ich du\u0161e, aby po smrti mali zabezpe\u010den\u00fd full servis.. Mnoho kr\u00e1\u013eov a\u00a0panovn\u00edkov zeme sa neodv\u00e1\u017eilo zasahova\u0165 proti RKC, ve\u013emi radi, ale aj s\u00a0ve\u013ekou neochotou prij\u00edmali dikt\u00e1t R\u00edma, lebo nikto z\u00a0nich nechcel by\u0165 exkomunikovan\u00fd od R\u00edma. By\u0165 exkomunikovan\u00fd, odmietnu\u0165 poslu\u0161nos\u0165 R\u00edmskej cirkvi znamenalo pre panovn\u00edka by\u0165 v\u00a0pekle, preto\u017ee p\u00e1pe\u017e bol z\u00e1stupca Boha na zemi a\u00a0teda mal pr\u00e1vo uvrhova\u0165 do pekla.<\/p>\n<p>&#8212;&#8211;<\/p>\n<p>Pre v\u00e1s katol\u00edkov si sta\u010d\u00ed spomen\u00fa\u0165, ko\u013eko pe\u0148az\u00ed ste u\u017e utratili za to, aby bola za du\u0161u v\u00e1\u0161ho pr\u00edbuzn\u00e9ho odsl\u00fa\u017een\u00e1 om\u0161a. Priemern\u00fd katol\u00edk d\u00e1va ka\u017ed\u00fd rok na om\u0161e za zosnul\u00fdch pr\u00edbuzn\u00fdch v\u00a0o\u010distci. Ak m\u00e1 ve\u013ea zosnul\u00fdch v\u00a0rodine, d\u00e1va sl\u00fa\u017ei\u0165 aj nieko\u013eko om\u0161\u00ed. Ke\u010f si to \u010dlovek spo\u010d\u00edta\u00a0 za cel\u00fd \u017eivot, vyjde z\u00a0toho ve\u013emi slu\u0161n\u00e1 suma, ktor\u00fa si m\u00f4\u017ee ka\u017ed\u00fd prepo\u010d\u00edta\u0165 s\u00e1m pod\u013ea toho, ko\u013eko d\u00e1va na om\u0161e za zosnul\u00fdch. (Tak\u00e1 podmienka k\u00a0z\u00edskaniu ve\u010dn\u00e9ho \u017eivota v\u00a0Biblii nikde nie je. Vlastne Je\u017ei\u0161 povedal bohat\u00e9mu mlad\u00edkovi z evanjelia: <strong>Rozdaj majetok CHUDOBN\u00ddM, nie<\/strong> <strong>n\u00e1bo\u017eensk\u00fdm predstaven\u00fdm!!!)<\/strong> ale ani toto nie je prav\u00e1 Biblick\u00e1 podmienka pre z\u00edskanie ve\u010dn\u00e9ho\u00a0 \u017eivota. V\u00a0in\u00fdch \u0161t\u00e1toch zasa cirkev z\u00edskala mno\u017estvo majetku a\u00a0pozemkov v\u010faka tomu, \u017ee zab\u00edjala po\u010das Inkviz\u00edcie mu\u017eov kres\u0165anov, \u010do verili Biblii a\u00a0cel\u00fd majetok im skonfi\u0161kovala. \u017deny s\u00a0de\u0165mi boli vyhnan\u00e9 na ulicu.<\/p>\n<p>Je mnoho svedectiev a\u00a0zjaven\u00ed v\u00a0katol\u00edckej cirkvi, kedy du\u0161e zosnul\u00fdch pri\u0161li z\u00a0o\u010distca bu\u010f s\u00a0prosbou o\u00a0modlitby, alebo s\u00a0po\u010fakovan\u00edm za om\u0161e, modlitby, za vyslobodenie z o\u010distca&#8230;. Zauj\u00edmav\u00e9, \u017ee za\u010dali chodi\u0165 len po vym\u00fd\u0161\u013ean\u00ed u\u010denia o\u00a0o\u010distci!<\/p>\n<p><span style=\"color: #ff0000;\"><strong>Ak ver\u00edte, \u017ee p\u00e1pe\u017e m\u00e1 moc zv\u00e4zova\u0165 a\u00a0rozv\u00e4zova\u0165, tak je to pr\u00e1ve ON, kto m\u00f4\u017ee jedinou dogmatickou formul\u00e1ciou dosta\u0165 NARAZ v\u0161etky du\u0161e z\u00a0o\u010distca! P\u00e1pe\u017ei s\u00fa za v\u00fdmyslom o\u010distca, oni ho m\u00f4\u017eu aj zru\u0161i\u0165! <span style=\"text-decoration: underline;\">Ale oni to nikdy nespravia,<\/span> preto\u017ee t\u00fdm prestan\u00fa pr\u00fadi\u0165 peniaze,\u00a0dary do RKC a RKC strat\u00ed moc!<\/strong><\/span><\/p>\n<p>Kto u\u017e bol zapleten\u00fd v\u00a0\u0161piritizme, vie, \u017ee du\u0161e zosnul\u00fdch sa daj\u00fa vyvola\u0165. Vie, \u017ee satan sa preoblieka ako anjel svetla a\u00a0dok\u00e1\u017ee sa zjavi\u0165 a\u00a0napodobni\u0165 v\u0161etko. S\u00fa svedectv\u00e1 obr\u00e1ten\u00fdch satanistov, ktor\u00ed boli na najvy\u0161\u0161\u00edch prie\u010dkach zasv\u00e4tenia satanovi a\u00a0potom sa obr\u00e1tili k\u00a0Bohu. Oni dosved\u010duj\u00fa \u017ee d\u00e9moni dok\u00e1\u017eu napodobni\u0165 v\u0161etko po \u013eu\u010foch, ktor\u00ed s\u00fa zomrel\u00ed, aj \u017eiv\u00ed \u2013 hlas, mimiku, pohyby, gestikul\u00e1ciu&#8230; Pre kres\u0165ana, ktor\u00fd ver\u00ed Bo\u017eiemu slovu ako jedin\u00e9mu meradlu pravdy a\u00a0jedinej autorite o\u00a0tom \u010do n\u00e1m Boh zjavil sta\u010d\u00ed, \u017ee Biblia zakazuje ak\u00fdko\u013evek kontakt, modlitby k\u00a0m\u0155tvym, preto\u017ee m\u0155tvi v\u00e1s nepo\u010duj\u00fa, lebo nem\u00f4\u017eu ma\u0165 \u017eiaden kontakt so \u017eij\u00facimi. M\u0155tvi s\u00fa m\u0155tvi v\u00a0na\u0161om pozemskom pon\u00edman\u00ed, ale vo ve\u010dnosti \u017eij\u00fa. M\u0155tvi s\u00fa m\u0155tvi\u00a0 aj v\u00a0tom zmysle, \u017ee nemaj\u00fa schopnos\u0165 a\u00a0silu ni\u010d urobi\u0165 pre n\u00e1s, \u010di\u017ee pre n\u00e1s bude kontakt s\u00a0pr\u00edbuzn\u00fdmi a\u00a0zosnul\u00fdmi alebo \u201ekatol\u00edckymi sv\u00e4t\u00fdmi\u201c ak s\u00fa v nebi a\u017e po na\u0161ej smrti. O\u00a0tom, \u017ee kontakt so zemou nem\u00f4\u017ee nikto zosnul\u00fd ma\u0165 sved\u010d\u00ed aj skuto\u010dn\u00fd pr\u00edbeh z\u00a0Biblie o\u00a0Boh\u00e1\u010dovi a\u00a0Laz\u00e1rovi.<\/p>\n<p>&nbsp;<\/p>\n<p><strong>Kto si chce pripomen\u00fa\u0165 pamiatku pr\u00edbuzn\u00fdch zosnul\u00fdch, sta\u010d\u00ed mu iba tich\u00e1 spomienka a\u00a0po\u010fakovanie Bohu za to, \u017ee ich stvoril, \u017ee sme skrze nich na svete a\u00a0za to, \u010do sme spolu s\u00a0nimi pre\u017eili. <\/strong><\/p>\n<p><strong>\u00a0<\/strong><\/p>\n<p>O\u00a0tom, kde \u010dlovek str\u00e1vi ve\u010dnos\u0165 mus\u00ed u\u017e vedie\u0165 tu na zemi. O\u00a0tom sa nerozhoduje po smrti. <strong>U\u017e teraz mus\u00ed\u0161 vedie\u0165 \u010di si spasen\u00fd, alebo nie. Tretia mo\u017enos\u0165 \u2013 o\u010distec neexistuje<\/strong>. Preto by si mal robi\u0165 v\u0161etko preto, aby si h\u013eadal a\u00a0 uveril evanjeliu, uveril v\u00a0Je\u017ei\u0161a Krista Biblie. Nie Je\u017ei\u0161a Krista katol\u00edkov, lebo katol\u00edcky Je\u017ei\u0161 Kristus nie je Biblick\u00fd Je\u017ei\u0161 Kristus. Ak uver\u00ed\u0161 v\u00a0tak\u00e9ho Je\u017ei\u0161a Krista, ak\u00e9ho Boh zjavil v\u00a0Biblii, Boh ti zadarmo d\u00e1 dar sp\u00e1sy a\u00a0utvrd\u00ed \u0165a v\u00a0spasen\u00ed. D\u00e1 ti zadarmo istotu u\u017e tu na zemi, \u017ee p\u00f4jde\u0161 do neba. Duch Sv\u00e4t\u00fd ti otvor\u00ed o\u010di pre pochopenie P\u00edsma tak ako u\u010den\u00edkom\u00a0 \u010do \u0161li do Emauz a\u00a0na ka\u017edej strane Biblie bude\u0161 nielen vedie\u0165, ale aj vidie\u0165 to utvrdenie o\u00a0svojej sp\u00e1se a\u00a0Boh sa ti d\u00e1 skrze Bibliu spozn\u00e1va\u0165 do takej miery, ako mu dovol\u00ed\u0161.<\/p>\n","protected":false},"excerpt":{"rendered":"<p>Na sviatok V\u0161etk\u00fdch sv\u00e4t\u00fdch aj pamiatku zosnul\u00fdch z\u00edskavaj\u00fa katol\u00edci plnomocn\u00e9 odpustky pre seba a\u00a0pre du\u0161e v\u00a0o\u010distci. \u010co s\u00fa to odpustky? O\u010distec? \u00a0Odpustky Stru\u010dne historicky pripomeniem vznik odpustkov : Vatik\u00e1nska kasa bola pr\u00e1zdna od predo\u0161l\u00e9ho (zh\u00fdral\u00e9ho) p\u00e1pe\u017ea a\u00a0tak na zaplnenie kasy &hellip; <a href=\"https:\/\/obratenykatolik.sk\/?page_id=335\">Pokra\u010dova\u0165 v \u010d\u00edtan\u00ed <span class=\"meta-nav\">&rarr;<\/span><\/a><\/p>\n","protected":false},"author":1,"featured_media":0,"parent":0,"menu_order":0,"comment_status":"closed","ping_status":"closed","template":"","meta":[],"_links":{"self":[{"href":"https:\/\/obratenykatolik.sk\/index.php?rest_route=\/wp\/v2\/pages\/335"}],"collection":[{"href":"https:\/\/obratenykatolik.sk\/index.php?rest_route=\/wp\/v2\/pages"}],"about":[{"href":"https:\/\/obratenykatolik.sk\/index.php?rest_route=\/wp\/v2\/types\/page"}],"author":[{"embeddable":true,"href":"https:\/\/obratenykatolik.sk\/index.php?rest_route=\/wp\/v2\/users\/1"}],"replies":[{"embeddable":true,"href":"https:\/\/obratenykatolik.sk\/index.php?rest_route=%2Fwp%2Fv2%2Fcomments&post=335"}],"version-history":[{"count":5,"href":"https:\/\/obratenykatolik.sk\/index.php?rest_route=\/wp\/v2\/pages\/335\/revisions"}],"predecessor-version":[{"id":1524,"href":"https:\/\/obratenykatolik.sk\/index.php?rest_route=\/wp\/v2\/pages\/335\/revisions\/1524"}],"wp:attachment":[{"href":"https:\/\/obratenykatolik.sk\/index.php?rest_route=%2Fwp%2Fv2%2Fmedia&parent=335"}],"curies":[{"name":"wp","href":"https:\/\/api.w.org\/{rel}","templated":true}]}}