{"id":331,"date":"2012-10-20T21:37:18","date_gmt":"2012-10-20T21:37:18","guid":{"rendered":"http:\/\/obratenykatolik.sk\/?page_id=331"},"modified":"2018-02-04T16:40:45","modified_gmt":"2018-02-04T16:40:45","slug":"1-november-vsetkych-svatych","status":"publish","type":"page","link":"https:\/\/obratenykatolik.sk\/?page_id=331","title":{"rendered":"1. november &#8211; V\u0161etk\u00fdch sv\u00e4t\u00fdch"},"content":{"rendered":"<p>Prv\u00fd november je v celom katol\u00edckom svete sviatok V\u0161etk\u00fdch sv\u00e4t\u00fdch.<\/p>\n<p>Vo v\u0161etk\u00fdch katol\u00edckych kostoloch sa rozoznej\u00fa piesne k\u00a0sv\u00e4t\u00fdm (aj blahoslaven\u00fdm), modlia sa lit\u00e1nie k\u00a0sv\u00e4t\u00fdm, \u017eiada sa o\u00a0orodovanie sv\u00e4t\u00fdch u\u00a0Boha&#8230;<\/p>\n<h2>Kto s\u00fa vlastne sv\u00e4t\u00ed, blahoslaven\u00ed pod\u013ea RKC, pre\u010do sa uctievaj\u00fa?<\/h2>\n<p>Titulu sv\u00e4t\u00fd predch\u00e1dza titul blahoslaven\u00fd. To znamen\u00e1, \u017ee zosnul\u00fd \u010dlovek dobrej povesti mus\u00ed by\u0165 najprv po dlhom sk\u00faman\u00ed komisie, ktor\u00e1 sk\u00fama \u017eivot konkr\u00e9tneho \u010dloveka najprv vyhl\u00e1sen\u00fd za blahoslaven\u00e9ho. Potom po dlhom sk\u00faman\u00ed aj dlhom \u010dasovom obdob\u00ed m\u00f4\u017ee by\u0165 blahoslaven\u00fd vyhl\u00e1sen\u00fd za sv\u00e4t\u00e9ho. Po\u010das obdobia sk\u00famania je potrebn\u00e9, aby na pr\u00edhovor \u010dloveka, ktor\u00fd sa m\u00e1 blahore\u010di\u0165, \u010di sv\u00e4tore\u010di\u0165 bol vykonan\u00fd nejak\u00fd nevysvetlite\u013en\u00fd z\u00e1zrak&#8230;<\/p>\n<p>Sv\u00e4t\u00fd v\u00a0RKC je v stru\u010dnosti ten, kto \u017eil pr\u00edkladn\u00fdm \u017eivotom, kto vykonal za svojho \u017eivota nejak\u00e9 z\u00e1zraky, kto dostal stigmy, komu sa zjavila nejak\u00e1 Panna M\u00e1ria alebo nejak\u00fd Je\u017ei\u0161, kto zomrel mu\u010den\u00edckou smr\u0165ou za RKC vieru&#8230;<\/p>\n<p><span style=\"color: #800080;\">Sv\u00e4t\u00ed (aj blahoslaven\u00ed) \u00a0s\u00fa pod\u013ea RKC u\u010denia prostredn\u00edci medzi \u010dlovekom a\u00a0Bohom, orodovn\u00edci za \u013eud\u00ed u Boha, ak ich \u013eudia o\u00a0nie\u010do poprosia niekedy aj prosby \u010dloveka vyplnia. S\u00fa ochrancami, ich so\u0161ky, pr\u00edvesky s\u00fa \u201etalizmanmi\u201c at\u010f.<\/span><\/p>\n<p>Napr\u00edklad:<\/p>\n<p>Ak katol\u00edk nie\u010do strat\u00ed, v\u00a0kostole vzadu m\u00e1me u\u00a0n\u00e1s v\u00a0dedine sv\u00e4t\u00e9ho Antona. Pod n\u00edm je pokladni\u010dka, kde sa vhodia peniaze a\u00a0vyslov\u00ed prosba k\u00a0sv\u00e4t\u00e9mu Antoninkovi, aby sa straten\u00e1 vec na\u0161la. A\u00a0ke\u010f sa vec na\u0161la, zasa sa vhodili do pokladni\u010dky peniaze ako po\u010fakovanie. A\u00a0sv\u00e4t\u00fd Antoninko z\u00edskal okrem pe\u0148az\u00ed za ka\u017ed\u00fa n\u00e1jden\u00fa vec aj kredit v\u00e4\u010d\u0161ej sv\u00e4tosti, povesti a\u00a0d\u00f4veryhodnosti.<\/p>\n<p>Ak katol\u00edk cestuje autom, tu je n\u00e1pomocn\u00fd sv\u00e4t\u00fd Kri\u0161tof, patr\u00f3n motoristov. Ja ako zbo\u017en\u00fd katol\u00edk som sa pred jazdou modlieval k\u00a0M\u00e1rii pod ochranu a\u00a0niekedy aj ku Kri\u0161tofovi o\u00a0ochranu. Boh bol \u00faplne mimo mojich prosieb pri cestovan\u00ed. \u00a0Niektor\u00ed katol\u00edci maj\u00fa podobize\u0148 sv\u00e4t\u00e9ho Kri\u0161tofa v\u00a0podobe obr\u00e1zku, alebo odliatku na prednom paneli auta. Mnoh\u00ed katol\u00edci, \u010di zbo\u017en\u00ed, \u010di menej zbo\u017en\u00ed maj\u00fa na sp\u00e4tnom zrkadle v\u00a0interi\u00e9ri auta zavesen\u00fd ru\u017eenec. Sl\u00fa\u017ei ako amulet, ako ochrana.<\/p>\n<p>Po\u013eovn\u00edci maj\u00fa svojho patr\u00f3na Huberta, jeho prosia o\u00a0ochranu a\u00a0zdarn\u00fa po\u013eova\u010dku.<\/p>\n<p>Po\u017eiarnici maj\u00fa svojho sv\u00e4t\u00e9ho patr\u00f3na sv\u00e4t\u00e9ho Flori\u00e1na.<\/p>\n<p>Gerard Majella je patr\u00f3n matiek v\u00a0po\u017eehnanom stave a\u00a0patr\u00f3n dobrej spovede.<\/p>\n<p>Sv\u00e4t\u00fd Dominik je patr\u00f3n neplodn\u00fdch \u017eien, tehotn\u00fdch \u017eien, rodi\u010diek.<\/p>\n<p>Sv\u00e4t\u00fd Kliment I., p\u00e1pe\u017e, je patr\u00f3n ban\u00edkov. At\u010f.<\/p>\n<p>&nbsp;<\/p>\n<p><strong>Ka\u017ed\u00e1 reho\u013ea m\u00e1 svojho sv\u00e4t\u00e9ho patr\u00f3na, zakladate\u013ea rehole.<\/strong><\/p>\n<p>Redemptoristi maj\u00fa sv\u00e4t\u00e9ho Alfonza de Liguori<\/p>\n<p>Jezuiti sv\u00e4t\u00e9ho Ign\u00e1ca z\u00a0Loyoly<\/p>\n<p>Salezi\u00e1ni Don Boska<\/p>\n<p>Franti\u0161k\u00ed\u00e1ni sv\u00e4t\u00e9ho Franti\u0161ka<\/p>\n<p>Verbisti Arnolda Jansena. At\u010f.<\/p>\n<p>Ale to nie je v\u0161etko. Okrem hlavn\u00fdch sv\u00e4t\u00fdch zakladate\u013eov rehol\u00ed maj\u00fa rehole aj mno\u017estvo in\u00fdch sv\u00e4t\u00fdch. Ke\u010f\u017ee som bol u\u00a0Redemptoristov, op\u00ed\u0161em len ich sv\u00e4t\u00fdch. Okrem \u00a0Alfonza de Liguori maj\u00fa t\u00fdchto sv\u00e4t\u00fdch, ktor\u00ed s\u00fa z\u00a0ich rehole: Gerard Majella, Klement Hofbauer, J\u00e1n Neumann, +\u00a09 blahoslaven\u00fdch. Ka\u017ed\u00fd sv\u00e4t\u00fd, \u010di blahoslaven\u00fd z\u00a0rehole m\u00e1 v\u00a0konkr\u00e9tny de\u0148 svoj sviatok. Ten sviatok je z\u00e1rove\u0148 sviatkom aj pre reho\u013eu, \u010di\u017ee atmosf\u00e9ra, jedl\u00e1 s\u00fa ako vo sviatok&#8230;<\/p>\n<p>Okrem toho maj\u00fa Redemptoristi aj Matku ustavi\u010dnej pomoci. Ka\u017ed\u00fd \u0161tvrtok maj\u00fa pred om\u0161ou k\u00a0nej pobo\u017enos\u0165 &#8211; lit\u00e1nie, piesne, k\u00a0nej sa modlia o\u00a0pomoc a\u00a0ochranu, lebo <strong>Matka Ustavi\u010dnej pomoci je t\u00e1, ktor\u00e1 pod\u013ea nich nikdy neodmietne nikomu pomoc.<\/strong> Na jednej z\u00a0web str\u00e1nok Redemptoristov je jeden\u00e1s\u0165 r\u00f4znych dlh\u00fdch modlitieb k\u00a0Matke ustavi\u010dnej pomoci.<\/p>\n<p>Jedna z nich je t\u00e1to:<\/p>\n<p><em>Matka ustavi\u010dnej pomoci, pozri na \u00faboh\u00e9ho hrie\u0161nika, ktor\u00fd k\u013ea\u010d\u00ed pri tvojich noh\u00e1ch, <strong>v teba d\u00fafam, tebe d\u00f4verujem.<\/strong> V\u0161etci \u0165a naz\u00fdvaj\u00fa <strong>\u00fato\u010diskom hrie\u0161nikov<\/strong>, bu\u010f teda aj moj\u00edm \u00fato\u010diskom. Pre svoju l\u00e1sku k Je\u017ei\u0161ovi ujmi sa ma a podaj mi svoju pomocn\u00fa ruku. \u010eakujem milosrdn\u00e9mu Bohu, \u017ee mi dal t\u00fato d\u00f4veru v teba. <strong>Upadal som do hriechov, lebo som sa k tebe neutiekal.<\/strong> Teraz v\u0161ak viem, \u017ee <strong>s tvojou pomocou zv\u00ed\u0165az\u00edm, ke\u010f \u0165a budem prosi\u0165 o pomoc<\/strong>. <strong>Boj\u00edm sa v\u0161ak, \u017ee \u0165a zabudnem vz\u00fdva\u0165, ke\u010f na m\u0148a za\u00fato\u010d\u00ed nepriate\u013e, a tak strat\u00edm svoju du\u0161u. <span style=\"text-decoration: underline;\">Preto daj mi u\u017e teraz milos\u0165, aby som sa k tebe utiekal<\/span><\/strong> s prosbou: Matka ustavi\u010dnej pomoci, ujmi sa ma a nedaj, aby som znova urazil svojho Boha.<\/em><\/p>\n<p>V\u00a0tejto modlitbe v\u0161etka pomoc, v\u0161etka d\u00f4vera, \u00fato\u010disko, pomoc, dokonca prosba o\u00a0milos\u0165 je obr\u00e1ten\u00e1 k\u00a0Matke ustavi\u010dnej pomoci. <span style=\"color: #800080;\">To, s\u00a0\u010d\u00edm sa m\u00e1 pod\u013ea Biblie utieka\u0165 \u010dlovek iba k\u00a0Bohu, \u00a0s\u00a0t\u00fdm sa utieka k\u00a0\u010dlovekovi, stvoreniu!<\/span><\/p>\n<p><strong>Ikona Matky ustavi\u010dnej pomoci je tak zhotoven\u00e1, vlastne aj v\u0161etky katol\u00edcke obrazy M\u00e1rie s Je\u017ei\u0161om, \u017ee v\u017edy je M\u00e1ria zobrazen\u00e1 ako t\u00e1 v\u00e4\u010d\u0161ia a\u00a0Je\u017ei\u0161 tak\u00fd mali\u010dk\u00fd. V\u017edy M\u00e1ria dr\u017e\u00ed v\u00a0ruk\u00e1ch Je\u017ei\u0161a. <\/strong><\/p>\n<p>Zbo\u017en\u00fd katol\u00edk, (aj ja kedysi) ke\u010f pohliadne na obraz M\u00e1rie s Je\u017ei\u0161om, ani vo sne ho nenapadne svoje prosby, orodovania smerova\u0165 k\u00a0Je\u017ei\u0161ovi. Pre\u010do? \u00a0Pre psychologick\u00fd efekt: Lebo M\u00e1ria je t\u00e1, ktor\u00e1 je na obraze v\u00e4\u010d\u0161ia a\u00a0\u010do u\u017e len zm\u00f4\u017ee malink\u00fd Je\u017ei\u0161ko? Preto aj moje prosby, modlitby \u00facta pod obrazom M\u00e1rie s\u00a0Je\u017ei\u0161kom patrila takmer v\u017edy iba M\u00e1rii!<\/p>\n<p>&#8212;&#8211;<\/p>\n<p>Mnoho katol\u00edckych kostolov m\u00e1 na hlavnom olt\u00e1ri svojho sv\u00e4t\u00e9ho patr\u00f3na. Ka\u017ed\u00fd kostol m\u00e1 svojho patr\u00f3na.<\/p>\n<p>U\u00a0n\u00e1s je kostol Nav\u0161t\u00edvenia Panny M\u00e1rie u\u00a0Al\u017ebety, kostol v\u00a0susednej dedine m\u00e1 sv\u00e4t\u00e9ho G\u00e1la,\u00a0 \u010fal\u0161ej bl\u00edzkej dedine Vendel\u00edna, v\u00a0in\u00fdch oravsk\u00fdch dedin\u00e1ch: \u0160imona a\u00a0J\u00fadu, v\u00a0\u010fal\u0161ej sv\u00e4t\u00e9ho Jakuba&#8230;<\/p>\n<p>Okrem toho sa \u013eudia utiekaj\u00fa o\u00a0pomoc k\u00a0Panne M\u00e1rii Karmelskej, Med\u017eugorskej, Lurdskej, Fatimskej, Litmanovskej, Turzovskej, Dechtickej&#8230; Ka\u017ed\u00e1 z\u00a0t\u00fdchto M\u00e1ri\u00ed ma aj svoj titul a\u00a0svoje vlastn\u00e9 oble\u010denie, v\u00a0ktorom sa v\u00e4\u010d\u0161inou zjavuje, zjavovala: Med\u017eugorie \u2013 kr\u00e1\u013eovn\u00e1 pokoja, Lurdy \u2013 Nepo\u0161kvrnen\u00e9 po\u010datie, Fatima \u2013 Ru\u017eencov\u00e1 Panna M\u00e1ria, Dechtice \u2013 kr\u00e1\u013eovn\u00e1 pomoci, Litmanov\u00e1 \u2013 Nepo\u0161kvrnen\u00e1 \u010distota&#8230;<\/p>\n<p>&nbsp;<\/p>\n<p><span style=\"color: #ff0000;\"><strong>To\u013eko sv\u00e4t\u00fdch, to\u013eko sviatkov sv\u00e4t\u00fdch, to\u013eko titulov M\u00e1rie maj\u00fa katol\u00edci k\u00a0uctievaniu, \u017ee na Boha im nezost\u00e1va skoro \u017eiaden \u010das!<\/strong><\/span><\/p>\n<p>Ur\u010dite si niektor\u00ed katol\u00edci v\u0161imli: blahore\u010den\u00ed a\u00a0sv\u00e4tore\u010den\u00ed s\u00fa v\u00a0drvivej v\u00e4\u010d\u0161ine len k\u0148azi, reho\u013en\u00edci, reho\u013en\u00ed\u010dky, \u010di\u017ee iba \u013eudia, ktor\u00ed zlo\u017eili s\u013euby poslu\u0161nosti p\u00e1pe\u017eovi a\u00a0cirkvi a jej u\u010deniu! Ve\u013emi m\u00e1lo laikov je pov\u00fd\u0161en\u00fdch posmrtne do titulovan\u00e9ho stavu. Za tie st\u00e1ro\u010dia od vzniku RKC boli a\u00a0s\u00fa laici len druh\u00e1 trieda. E\u0161te ke\u010f som bol katol\u00edk, zam\u00fd\u0161\u013eal som sa nad t\u00fdmto nespravodliv\u00fdm sp\u00f4sobom titulovania. Ve\u010f to \u010do som videl v\u00a0reholi, reholiach a\u00a0mal mo\u017enos\u0165 porovna\u0165 to s\u00a0katol\u00edkmi laikmi, tak mnoh\u00ed laici katol\u00edci \u017eili ove\u013ea sv\u00e4tej\u0161\u00ed, zbo\u017enej\u0161\u00ed, obetavej\u0161\u00ed, horlivej\u0161\u00ed \u017eivot ako reho\u013en\u00edci, k\u0148azi, sestri\u010dky!!! \u010ci\u017ee ten pomer medzi blahoslaven\u00fdmi a\u00a0sv\u00e4t\u00fdmi, medzi zasv\u00e4ten\u00fdmi osobami a\u00a0laikmi mal by\u0165 opa\u010dn\u00fd. Mala by\u0165 p\u00e1pe\u017eom titulovan\u00e1 drviv\u00e1 v\u00e4\u010d\u0161ina laikov a\u00a0p\u00e1ru reho\u013en\u00edkov, k\u0148azov!<\/p>\n<p>&nbsp;<\/p>\n<h3><strong>Biblick\u00fd pojem \u201esv\u00e4t\u00fd\u201c<\/strong><\/h3>\n<p>Biblia n\u00e1s u\u010d\u00ed \u017ee sv\u00e4t\u00fdm sa vol\u00e1 ka\u017ed\u00fd, kto uveril evanjeliu, dobrej spr\u00e1ve. Je to ka\u017ed\u00fd veriaci, \u017eiv\u00fd, spasen\u00fd kres\u0165an.<\/p>\n<p>Biblia nikde neu\u010d\u00ed o\u00a0tom, \u017ee \u010dloveka, ktor\u00fd \u017eil pr\u00edkladn\u00fdm \u017eivotom treba po smrti sk\u00fama\u0165 nieko\u013eko rokov a\u00a0potom mu udeli\u0165 titul \u201esv\u00e4t\u00fd\u201c Toto je len \u013eudsk\u00fd v\u00fdmysel.<\/p>\n<p>Biblia nikde neu\u010d\u00ed, \u017ee \u017eivotom pln\u00fdm dobr\u00fdch skutkov sa \u010dlovek st\u00e1va sv\u00e4t\u00fdm!<\/p>\n<p>Biblia nikde neu\u010d\u00ed, \u017ee \u010dlovek, ktor\u00fd mu\u010den\u00edckou smr\u0165ou zomrie za niekoho sa st\u00e1va sv\u00e4t\u00fdm!<\/p>\n<p><span style=\"color: #ff0000;\"><strong>Pre z\u00edskanie Biblick\u00e9ho titulu \u201esv\u00e4t\u00fd\u201c je len jedna podmienka: uveri\u0165 evanjeliu, \u010di\u017ee\u00a0 jedinej dostato\u010dnej obeti, jedin\u00e9mu k\u0148azovi a\u00a0Ve\u013ek\u0148azovi \u2013 Je\u017ei\u0161ovi Kristovi. <\/strong><\/span><\/p>\n<p><strong>Ak by sme rad za radom sk\u00famali \u201esv\u00e4t\u00fdch\u201c, ktor\u00fdch RKC vyhl\u00e1sila a\u00a0dala k\u00a0uctievaniu, tak pod\u013ea sp\u00edsan\u00fdch \u017eivotopisov mo\u017eno\u00a0takmer o v\u0161etk\u00fdch z nich poveda\u0165, \u017ee<\/strong> <strong>nesp\u013a\u0148aj\u00fa biblick\u00e9, \u010di\u017ee Bo\u017eie podmienky pre sv\u00e4tos\u0165!<\/strong><\/p>\n<p>Biblia nikde neu\u010d\u00ed, \u017ee t\u00ed, \u010do zomreli a\u00a0boli sv\u00e4t\u00ed, \u017ee maj\u00fa kontakt s\u00a0\u013eu\u010fmi na zemi! Teda \u017eiadny zomrel\u00fd, \u010di sv\u00e4t\u00fd \u010di nesv\u00e4t\u00fd nem\u00f4\u017ee ma\u0165 kontakt so zemou.<\/p>\n<p>Biblia nikde neu\u010d\u00ed, \u017ee niekto z\u00a0\u013eud\u00ed vo ve\u010dnosti po vysloven\u00ed na\u0161ej prosby k\u00a0nemu, oroduje za n\u00e1s!<\/p>\n<p>Sv\u00e4t\u00ed nie s\u00fa ani Bohom, aby po\u010duli na\u0161e prosby, aby po\u010duli prosby z\u00a0r\u00f4znych \u010dast\u00ed sveta naraz, teda k\u00a0nim sa nesmie modli\u0165.<\/p>\n<p>Biblia u\u010d\u00ed, \u017ee Je\u017ei\u0161 Kristus je jedin\u00fd a\u00a0z\u00e1stanca u\u00a0Boha za n\u00e1s! (1 Jn 2,1)<\/p>\n<p>Biblia u\u010d\u00ed \u017ee Je\u017ei\u0161 Kristus a Duch sv\u00e4t\u00fd s\u00fa jedin\u00ed pr\u00edhovorcovia za n\u00e1s pred Bohom! (Rim 8,26; Rim 8,34)<\/p>\n<p>&nbsp;<\/p>\n<p>To znamen\u00e1, \u017ee akoko\u013evek sa \u010dlovek ku \u201esv\u00e4t\u00fdm\u201c modl\u00ed, nikto zo zomrel\u00fdch \u013eud\u00ed, to je jedno ako dobre \u017eili, nepo\u010duje jeho modlitby. Nikde v\u00a0Biblii sa nikto nemodlil k\u00a0t\u00fdm, \u010do u\u017e zosnuli, akoko\u013evek boli sv\u00e4t\u00ed. Nikde v\u00a0Biblii sa nikto nemodlil k\u00a0Moj\u017ei\u0161ovi, D\u00e1vidovi, lebo k\u00a0nejak\u00e9mu z\u00a0prorokov, alebo k\u00a0zomrel\u00e9mu apo\u0161tolovi&#8230; Biblia u\u010d\u00ed, \u017ee sa m\u00e1me modli\u0165 jedine k\u00a0Bohu Otcovi v\u00a0mene Je\u017ei\u0161 Krista!<\/p>\n<h2><span style=\"color: #ff0000;\"><strong><span style=\"text-decoration: underline;\">Modli\u0165 sa m\u00e1me k\u00a0Stvorite\u013eovi a\u00a0nie k\u00a0stvoreniam<\/span><\/strong><span style=\"text-decoration: underline;\">!!!<\/span><\/span><\/h2>\n<p><strong><span style=\"text-decoration: underline;\">\u00a0<\/span><\/strong><\/p>\n<p>Chr\u00e1my RKC s\u00fa pln\u00e9 s\u00f4ch a\u00a0obrazov \u201esv\u00e4t\u00fdch\u201c<\/p>\n<p>Boh zakazuje vo svojom druhom prik\u00e1zan\u00ed desatora, ktor\u00e9 katol\u00edci vynechali aj \u00factu a\u00a0kla\u0148anie sa obrazom, soch\u00e1m.<\/p>\n<p>Boh je tvorcom v\u0161etk\u00e9ho a\u00a0akoko\u013evek sv\u00e4t\u00fd \u010dlovek nem\u00e1 ni\u010d, \u010do by nedostal od Boha. Preto ak \u010dlovek vzd\u00e1va \u00factu stvoreniam a\u00a0modl\u00ed sa k\u00a0nim o\u00a0pomoc, ochranu, sp\u00e1su, bozk\u00e1va ich podoby, uctieva ich at\u010f., kon\u00e1 pod\u013ea Biblie hriech modl\u00e1rstva.<\/p>\n<h3><span style=\"text-decoration: underline; color: #ff0000;\">Modli\u0165 sa orodova\u0165 a\u00a0venova\u0165 svoje prosby stvoreniam namiesto Stvorite\u013ea Boh pova\u017euje za modl\u00e1rstvo, ohavnos\u0165, duchovn\u00e9 smilstvo.<\/span><\/h3>\n<p><strong>Iz 42:8 <\/strong>\u201eJa som Jahve, to je moje meno a svoju sl\u00e1vu in\u00e9mu ned\u00e1m, ani svoju chv\u00e1lu modl\u00e1m.<\/p>\n<p>A\u00a0na viacer\u00fdch miestach Biblia varuje, \u017ee <strong>modl\u00e1ri nevojd\u00fa do Bo\u017eieho kr\u00e1\u013eovstva.<\/strong> Preto Boh zak\u00e1zal v\u00a0druhom prik\u00e1zan\u00ed urobi\u0165 si ak\u00fako\u013evek podobize\u0148 Boha, Krista, (sv\u00e4t\u00e9ho) \u010dloveka cez ktor\u00fa by sa k\u00a0nemu v\u00a0duchovn\u00fdch veciach utiekal, ktor\u00fa by vystavil niekde na stenu, na podstavec, ktor\u00fa by vyrezal, vytesal, ulial, pod ktor\u00fa by kl\u00e1dol kvetinky, ku ktorej by k\u013eakal a\u00a0ku ktorej by hovoril.<\/p>\n<p>Sv\u00e4t\u00fd nie je \u017eiadny titul In memoriam, ale <strong>titul pre \u017eiv\u00fdch veriacich evanjeliu, pre spasen\u00fdch \u013eud\u00ed.<\/strong> <span style=\"color: #ff0000;\"><strong>Sv\u00e4tos\u0165 sa nez\u00edskava vlastn\u00fdmi z\u00e1sluhami,<\/strong><\/span> sv\u00e4t\u00fdm sa \u010dlovek st\u00e1va t\u00fdm \u017ee uveril \u017ee bolo za\u0148ho zaplaten\u00e9, \u017ee Je\u017ei\u0161 Kristus u\u017e odtrpel trest za jeho hriechy jedinou obetou, \u017ee cez vieru v\u00a0Je\u017ei\u0161a Krista sa Boh pozer\u00e1 na \u010dlovek ako na sv\u00e4t\u00e9ho a spravodliv\u00e9ho.<\/p>\n<p>Sviatok V\u0161etk\u00fdch sv\u00e4t\u00fdch je \u013eudsk\u00fd v\u00fdmysel, nie Bo\u017e\u00ed.\u00a0 A\u00a0preto nikoho nezav\u00e4zuje \u0165a\u017ek\u00fdm hriechom \u00eds\u0165 na om\u0161u a\u00a0vzd\u00e1va\u0165 \u00factu, sl\u00e1vu, vysiela\u0165 prosby, orodovania k\u00a0\u013eu\u010fom vo ve\u010dnosti. Toto pre Boha skrze ktor\u00e9ho je v\u0161etko a\u00a0bez ktor\u00e9ho nie je ni\u010d, bez ktor\u00e9ho \u017eiaden \u010dlovek nie je ni\u010d\u00edm, toto je pre Boha ohavnos\u0165ou!<\/p>\n<p><strong>Je uctievanie sv\u00e4t\u00fdch od Boha?<\/strong><\/p>\n<p>U\u017e od po\u010diatku zeme bolo a\u00a0je zvykom pohanov, \u017ee je mnoho r\u00f4znych bo\u017estiev a\u00a0tie bo\u017estv\u00e1 s\u00fa priraden\u00e9 nie\u010domu konkr\u00e9tnemu: boh slnka, boh \u00farody, boh plodnosti&#8230; \u00a0Ku nim sa pohania utiekali a\u00a0utiekaj\u00fa s\u00a0prosbami o\u00a0pomoc.<\/p>\n<p><span style=\"color: #ff0000;\"><strong>Katol\u00edcke n\u00e1bo\u017eenstvo dokazuje, \u017ee je s\u00a0pohanstvom na rovnakej \u00farovni, \u017ee je modl\u00e1rske. \u017de nie je Bo\u017eie.<\/strong><\/span><\/p>\n","protected":false},"excerpt":{"rendered":"<p>Prv\u00fd november je v celom katol\u00edckom svete sviatok V\u0161etk\u00fdch sv\u00e4t\u00fdch. Vo v\u0161etk\u00fdch katol\u00edckych kostoloch sa rozoznej\u00fa piesne k\u00a0sv\u00e4t\u00fdm (aj blahoslaven\u00fdm), modlia sa lit\u00e1nie k\u00a0sv\u00e4t\u00fdm, \u017eiada sa o\u00a0orodovanie sv\u00e4t\u00fdch u\u00a0Boha&#8230; Kto s\u00fa vlastne sv\u00e4t\u00ed, blahoslaven\u00ed pod\u013ea RKC, pre\u010do sa uctievaj\u00fa? Titulu &hellip; <a href=\"https:\/\/obratenykatolik.sk\/?page_id=331\">Pokra\u010dova\u0165 v \u010d\u00edtan\u00ed <span class=\"meta-nav\">&rarr;<\/span><\/a><\/p>\n","protected":false},"author":1,"featured_media":0,"parent":0,"menu_order":0,"comment_status":"closed","ping_status":"closed","template":"","meta":[],"_links":{"self":[{"href":"https:\/\/obratenykatolik.sk\/index.php?rest_route=\/wp\/v2\/pages\/331"}],"collection":[{"href":"https:\/\/obratenykatolik.sk\/index.php?rest_route=\/wp\/v2\/pages"}],"about":[{"href":"https:\/\/obratenykatolik.sk\/index.php?rest_route=\/wp\/v2\/types\/page"}],"author":[{"embeddable":true,"href":"https:\/\/obratenykatolik.sk\/index.php?rest_route=\/wp\/v2\/users\/1"}],"replies":[{"embeddable":true,"href":"https:\/\/obratenykatolik.sk\/index.php?rest_route=%2Fwp%2Fv2%2Fcomments&post=331"}],"version-history":[{"count":5,"href":"https:\/\/obratenykatolik.sk\/index.php?rest_route=\/wp\/v2\/pages\/331\/revisions"}],"predecessor-version":[{"id":1588,"href":"https:\/\/obratenykatolik.sk\/index.php?rest_route=\/wp\/v2\/pages\/331\/revisions\/1588"}],"wp:attachment":[{"href":"https:\/\/obratenykatolik.sk\/index.php?rest_route=%2Fwp%2Fv2%2Fmedia&parent=331"}],"curies":[{"name":"wp","href":"https:\/\/api.w.org\/{rel}","templated":true}]}}