{"id":32,"date":"2012-01-31T10:26:22","date_gmt":"2012-01-31T10:26:22","guid":{"rendered":"http:\/\/obratenykatolik.sk\/?page_id=32"},"modified":"2018-02-04T16:41:47","modified_gmt":"2018-02-04T16:41:47","slug":"clanok-2","status":"publish","type":"page","link":"https:\/\/obratenykatolik.sk\/?page_id=32","title":{"rendered":"\u010co je pravda?"},"content":{"rendered":"<p><strong>(Jn 16:13 )<\/strong><\/p>\n<p><em>Ke\u010f pr\u00edde on, Duch pravdy, uvedie v\u00e1s do plnej pravdy, lebo nebude hovori\u0165 s\u00e1m zo seba, ale bude hovori\u0165, \u010do po\u010duje, a zvestuje v\u00e1m, \u010do m\u00e1 pr\u00eds\u0165.<\/em><\/p>\n<p><strong>(Jn 14:26 )<\/strong><\/p>\n<p><em>Ale Te\u0161ite\u013e, Duch Sv\u00e4t\u00fd, ktor\u00e9ho po\u0161le Otec v mojom mene, nau\u010d\u00ed v\u00e1s v\u0161etko a pripomenie v\u00e1m v\u0161etko, \u010do som v\u00e1m povedal.<\/em><strong><\/strong><\/p>\n<p><strong>(Jn 17:17)<\/strong><\/p>\n<p><em>Posv\u00e4\u0165 ich pravdou; tvoje slovo je pravda.<\/em><\/p>\n<p><strong>(Jn 14:6 )<\/strong><\/p>\n<p><em>\u00a0\u201eJa som cesta, pravda a \u017eivot. Nik nepr\u00edde k Otcovi, iba cezo m\u0148a.<\/em><strong><\/strong><\/p>\n<p><strong>(Jn 8:31 -32)<\/strong><\/p>\n<p>\u017didom, ktor\u00ed mu uverili, Je\u017ei\u0161 povedal: \u201eAk ostanete v mojom slove, budete naozaj mojimi u\u010den\u00edkmi,<strong><\/strong> pozn\u00e1te pravdu a pravda v\u00e1s vyslobod\u00ed.\u201c<\/p>\n<p><strong>(Ef 1:13)<\/strong><\/p>\n<p><em>V \u0148om ste boli aj vy, ke\u010f ste po\u010duli slovo pravdy, evanjelium o svojej sp\u00e1se, a ke\u010f ste v neho uverili, ozna\u010den\u00ed pe\u010da\u0165ou pris\u013e\u00faben\u00e9ho Ducha Sv\u00e4t\u00e9ho,<\/em><strong><\/strong><\/p>\n<p><strong>(1Jn 4:4-6)<\/strong><\/p>\n<p><em>Vy, deti moje, ste z Boha a zv\u00ed\u0165azili ste nad nimi, lebo ten, ktor\u00fd je vo v\u00e1s, je v\u00e4\u010d\u0161\u00ed ne\u017e ten, \u010do je vo svete.<strong><\/strong> Oni s\u00fa zo sveta, preto hovoria pod\u013ea sveta a svet ich po\u010d\u00fava.<strong><\/strong> My sme z Boha. Kto pozn\u00e1 Boha, po\u010d\u00fava n\u00e1s. Kto nie je z Boha, ten n\u00e1s nepo\u010d\u00fava. Pod\u013ea toho pozn\u00e1vame Ducha pravdy a ducha bludu.<\/em><strong><\/strong><\/p>\n<p><strong>(2Pt 3:16 [SSV])<\/strong><\/p>\n<p><em>Niektor\u00e9 miesta v nich (v P\u00edsmach) s\u00fa \u0165a\u017eko zrozumite\u013en\u00e9 a neu\u010den\u00ed a neutvrden\u00ed \u013eudia ich prekr\u00facaj\u00fa, ako aj ostatn\u00e9 P\u00edsma, na svoju vlastn\u00fa z\u00e1hubu.<\/em><strong><\/strong><\/p>\n<p><strong>\u00a0<\/strong><\/p>\n<p>\u010co n\u00e1m tieto ver\u0161e Biblie o pravde\u00a0 chc\u00fa poveda\u0165?<\/p>\n<p>&#8211;\u00a0\u00a0\u00a0\u00a0\u00a0\u00a0\u00a0\u00a0\u00a0 Pravda je Je\u017ei\u0161 Kristus<\/p>\n<p>&#8211;\u00a0\u00a0\u00a0\u00a0\u00a0\u00a0\u00a0\u00a0\u00a0 Pravda je Bo\u017eie Slovo.<\/p>\n<p>&#8211;\u00a0\u00a0\u00a0\u00a0\u00a0\u00a0\u00a0\u00a0\u00a0 Kto neberie Bo\u017eie Slovo ako najvy\u0161\u0161iu autoritu, ako pravdu ten nem\u00e1 pravdu<\/p>\n<p>&#8211;\u00a0\u00a0\u00a0\u00a0\u00a0\u00a0\u00a0\u00a0\u00a0 Kto si hovor\u00ed, \u017ee ver\u00ed v\u00a0Je\u017ei\u0161a Krista a\u00a0nepo\u010d\u00fava, nepozn\u00e1 jeho slovo, never\u00ed jeho slovu, ten si\u00a0Bo\u017eie slovo vysvet\u013euje po svojom, na svoju z\u00e1hubu.<\/p>\n<p><strong>(2Sol 2:8-12)<\/strong><\/p>\n<p><em>Potom sa zjav\u00ed ten <strong>zlo\u010dinec<\/strong>, ktor\u00e9ho P\u00e1n Je\u017ei\u0161 <strong>zabije dychom svojich \u00fast<\/strong> a zni\u010d\u00ed jasom svojho pr\u00edchodu;<strong> <\/strong>toho, ktor\u00fd pr\u00edde p\u00f4soben\u00edm satana so v\u0161etkou mocou, znameniami a klamn\u00fdmi z\u00e1zrakmi<strong> <\/strong>a s ka\u017ed\u00fdm zvodom do nepr\u00e1vosti pre t\u00fdch, \u010do id\u00fa do z\u00e1huby, <strong>lebo neprijali l\u00e1sku k pravde<\/strong>, aby mohli by\u0165 spasen\u00ed.<strong> <\/strong>A preto Boh na nich posiela silu bludu, aby verili l\u017ei<strong> <\/strong>a boli ods\u00faden\u00ed v\u0161etci, \u010do neuverili pravde, ale ob\u013e\u00fabili si nepr\u00e1vos\u0165.<\/em><strong><\/strong><\/p>\n<p>Tieto ver\u0161e hovoria o\u00a0\u010dasoch od Pavla po s\u00fa\u010dasnos\u0165. Dne\u0161n\u00e1 doba je pln\u00e1 znamen\u00ed, klamn\u00fdch z\u00e1zrakov zjaven\u00ed \u201enebesk\u00fdch\u201c bytost\u00ed\u00a0 ako s\u00fa aj v\u0161etky zjavenia M\u00e1rie, zjavenia tzv. Je\u017ei\u0161a Krista a in\u00e9 zjavenia&#8230; Tieto zjavenia s\u00fa sprev\u00e1dzan\u00e9 z\u00e1zrakmi, znameniami. Biblia hovor\u00ed, \u017ee s\u00fa klamn\u00e9. Zv\u00e1dzaj\u00fa t\u00fdch, \u010do id\u00fa do z\u00e1huby. Zv\u00e1dzaj\u00fa ich preto, lebo <strong>NEPRIJALI L\u00c1SKU K\u00a0PRAVDE, k\u00a0Bo\u017eiemu slovu aby mohli by\u0165 spasen\u00ed. <\/strong><\/p>\n<p>N\u00e1uka katol\u00edckej cirkvi a v\u0161etky mo\u017en\u00e9 zjavenia pon\u00fakaj\u00fa katol\u00edkom cestu k\u00a0sp\u00e1se. In\u00fa cestu k\u00a0sp\u00e1se, ako ju pon\u00faka Bo\u017eie slovo. Drviv\u00e1 v\u00e4\u010d\u0161ina katol\u00edkov nem\u00e1 l\u00e1sku k\u00a0Bo\u017eiemu slovu, neveria v\u00a0Je\u017ei\u0161a Krista ako je zjaven\u00fd v\u00a0Bo\u017eom slove. Mnoh\u00ed sa preto utiekaj\u00fa \u00a0k\u00a0nebesk\u00fdm zjaveniam, ktor\u00e9 im ukazuj\u00fa a\u00a0potvrdzuj\u00fa spr\u00e1vnos\u0165 katol\u00edckej cesty sp\u00e1sy. Nebesk\u00e9 zjavenia M\u00e1rie a\u00a0Je\u017ei\u0161a klad\u00fa d\u00f4raz hlavne na d\u00f4le\u017eitos\u0165 om\u0161e, eucharistie, ru\u017eenca, \u00factu k\u00a0M\u00e1rii&#8230; Klad\u00fa d\u00f4raz na to, \u010do Biblia nikde ani len nenazna\u010duje. To je t\u00e1 sila bludu a\u00a0falo\u0161n\u00fdch znamen\u00ed. Boh to zosiela na \u013eud\u00ed, ktor\u00ed si nechc\u00fa ob\u013e\u00fabi\u0165 l\u00e1sku k\u00a0pravde \u2013 jeho slovu, jeho podmienkam sp\u00e1sy, jeho cestu.<\/p>\n<p>&nbsp;<\/p>\n<p>Ke\u010f som u\u017e bral Bo\u017eie Slovo ako \u00fapln\u00fa autoritu, sna\u017eil som sa presk\u00fama\u0165 posolstv\u00e1 Mari\u00e1nskych zjaven\u00ed a in\u00e9 zjavenia. Sk\u00famal som to pod\u013ea pravdy \u2013 Bo\u017eieho slova. Kon\u0161tatujem, \u017ee v\u0161etky Mari\u00e1nske zjavenia ako Fatima, Lurdy, Med\u017eugorie (s\u00e1m som tam bol osem kr\u00e1t na p\u00fat\u00ed), La Sallette, Garabandal, Amsterdam, Don Gobbi, Krakow \u2013 Bo\u017eie milosrdenstvo (tri kr\u00e1t som tam bol na p\u00fati) a\u00a0in\u00e9 s\u00fa falo\u0161n\u00e9. Do jedn\u00e9ho.<\/p>\n<p>D\u00f4vod?<strong><\/strong><\/p>\n<p><strong>Boh nikdy ned\u00e1 zjavenie, alebo posolstvo, ktor\u00e9 by protire\u010dilo tomu, \u010do zjavil vo svojom Slove \u2013 Biblii. <\/strong>Ak pozn\u00e1te Bo\u017eie slovo a\u00a0pre\u010d\u00edtate si nejak\u00e9 posolstv\u00e1 zo zjaven\u00ed, sami na to pr\u00eddete, \u017ee sa tam vyskytuj\u00fa vety, slov\u00e1 protire\u010diace Biblii. Boh neprotire\u010d\u00ed tomu, \u010do zjavil vo svojom slove. Potom by bol ned\u00f4veryhodn\u00fd, meniaci sa. Ale Boh sa nemen\u00ed.<\/p>\n<p>Biblia je p\u00edsan\u00e1 tak, \u017ee si neprotire\u010d\u00ed. Ak aj zbad\u00e1te nejak\u00e9 protire\u010denie v\u00a0Biblii, to je len t\u00fdm, \u017ee ste to nespr\u00e1vne pochopili. Preto treba sk\u00fama\u0165 a\u00a0p\u00fdta\u0165 sa Ducha Sv\u00e4t\u00e9ho, aby v\u00e1m zjavil poznanie na rozpoznanie zmyslov potrebn\u00fdch ver\u0161ov.<\/p>\n<p><strong>Pr\u00edklad:<\/strong><\/p>\n<p>Biblia hovor\u00ed, \u017ee Boh nepreb\u00fdva v\u00a0chr\u00e1moch zhotoven\u00fdch \u013eudskou rukou. Dokonca Biblia to hovor\u00ed na dvoch miestach. (Sk 7, 48; Sk 17,24) Mnoho u\u010denia Biblie je potvrdzovan\u00e9 alebo upres\u0148ovan\u00e9 ver\u0161ami aj na in\u00fdch miestach Biblie. Nielen dvakr\u00e1t, ale aj viackr\u00e1t.<\/p>\n<p>Katol\u00edcke u\u010denie ukr\u00fdva \u201eBoha\u201c v\u00a0chr\u00e1moch zhotoven\u00fdch \u013eudskou rukou. Tvrd\u00ed, \u017ee v\u00a0chr\u00e1moch je pr\u00edtomn\u00fd Je\u017ei\u0161 Kristus, ktor\u00e9ho k\u0148azi zn\u00e1\u0161aj\u00fa z\u00a0neba pod\u013ea Je\u017ei\u0161ovho nariadenia pri poslednej ve\u010deri.<\/p>\n<p>Ver\u00edm \u017ee Boh ka\u017ed\u00e9mu \u010dlovekovi, ktor\u00fd h\u013ead\u00e1 pravdu otvor\u00ed myse\u013e, aby porozumel jeho slovu. T\u00fa\u017ete po tom, proste Boha o\u00a0poznanie pravdy.<\/p>\n<p>Ke\u010f\u017ee Biblia n\u00e1m hovor\u00ed, \u017ee Boh neb\u00fdva v\u00a0chr\u00e1moch zhotoven\u00fdch \u013eudskou rukou \u2013 a\u00a0tieto slov\u00e1 s\u00fa jasne povedan\u00e9, o \u010dom je potom chodenie do kostola, om\u0161a, premie\u0148anie? Potom musia ma\u0165 aj slov\u00e1 jes\u0165 a\u00a0pi\u0165 Je\u017ei\u0161ove telo a\u00a0krv, in\u00fd v\u00fdznam. Na tieto ver\u0161e sa teraz s\u00fastred\u00edm:<\/p>\n<p>Odpove\u010f Biblie:<\/p>\n<ol>\n<li><strong>\u017de m\u00e1me jes\u0165 jeho telo a\u00a0pi\u0165 jeho krv je nap\u00edsan\u00e9 v\u00a0J\u00e1novi 6 kapitole. Pre dokonal\u00e9 pochopenie tohto ver\u0161a je potrebn\u00e9 pre\u010d\u00edta\u0165 si cel\u00fa 6 kapitolu<\/strong>. Kedy sa 6 kapitola odohr\u00e1va? Zist\u00edte \u017ee v\u00a0niekde uprostred \u00fa\u010dinkovania Je\u017ei\u0161a Krista a\u00a0nie pri poslednej ve\u010deri.<\/li>\n<li>Cel\u00e1 \u00a06 kapitola n\u00e1m hovor\u00ed o\u00a0viere. Ka\u017ed\u00fa chv\u00ed\u013eu sa tam spom\u00edna viera, viera, viera&#8230; To znamen\u00e1 \u017ee jes\u0165 a\u00a0pi\u0165 Je\u017ei\u0161ove telo a\u00a0krv je duchovn\u00e9 jedenie a\u00a0pitie a\u00a0to je viera.<\/li>\n<li>Slov\u00e1 6 kapitoly Je\u017ei\u0161 adresoval u\u010den\u00edkom, farizejom, \u013eudu. Biblia hovor\u00ed, \u017ee ak nie\u010do zvestoval \u013eudu, Je\u017ei\u0161 hovoril v\u00a0podobenstv\u00e1ch. (Mt 13,34; Mk 4,34) to znamen\u00e1 \u017ee Je\u017ei\u0161ove slov\u00e1 o\u00a0jeden\u00ed a\u00a0pit\u00ed s\u00fa podobenstvo, obraz\u00a0 a\u00a0ten v\u00fdznam je viera a\u00a0pravda. Ver\u0161e 34 a\u00a035 n\u00e1m to potvrdzuj\u00fa.<\/li>\n<li>Pod\u013ea\u00a0 40 a\u00a047 ver\u0161a, \u00a0viera je podmienkou ve\u010dn\u00e9ho \u017eivota.<\/li>\n<li>45 ver\u0161 n\u00e1m hovor\u00ed: V\u0161etk\u00fdch bude u\u010di\u0165 s\u00e1m Boh. V\u0161etk\u00fdch \u2013 to sa t\u00fdka v\u0161etk\u00fdch, ktor\u00ed uveria Bo\u017eiemu slovu a\u00a0Bo\u017e\u00edm podmienkam sp\u00e1sy. T\u00fdch, \u010do u\u017e s\u00fa spasen\u00ed. To znamen\u00e1, \u017ee spasen\u00fd \u010dlovek nepotrebuje u\u010dite\u013esk\u00fd \u00farad cirkvi, aby spr\u00e1vne pochopil Bibliu. T\u00fdm by pohrdol Bo\u017e\u00edm Duchom a\u00a0dr\u017eal sa \u013eudsk\u00e9ho u\u010denia. Spasen\u00fd \u010dlovek spozn\u00e1, \u017ee v\u00a0katol\u00edckom u\u010den\u00ed o\u00a0eucharistii nie\u010do nesed\u00ed.<\/li>\n<li>\u010ealej Je\u017ei\u0161 v\u00a050 ver\u0161i hovor\u00ed, \u017ee nezomrie nik, kto bude z\u00a0neho jes\u0165. Zomretie je myslen\u00e9 duchovn\u00e1 smr\u0165 \u2013 peklo. Na katol\u00edcke jedenie a\u00a0pitie sa to ned\u00e1 poveda\u0165, preto\u017ee \u013eudia chodia na prij\u00edmanie a\u00a0nie s\u00fa ubezpe\u010den\u00ed ani k\u0148azom, ani p\u00e1pe\u017eom, \u017ee nik z\u00a0nich ve\u010dnenezomrie. V\u0161etci katol\u00edci chodia, aj\u00a0 ke\u010f mnoh\u00ed iba raz za \u010das na prij\u00edmanie. To by znamenalo, \u017ee nik z\u00a0nich nep\u00f4jde do pekla. Sami vieme, \u017ee to nie je pravda. \u017de nikto z\u00a0katol\u00edkov aj napriek mno\u017estvu prij\u00edman\u00ed nie si je ist\u00fd svojou sp\u00e1sou. Ani k\u0148az, ani biskup, ani p\u00e1pe\u017e. Je\u017ei\u0161 hovor\u00ed, \u017ee nik nezomrie. Kto je potom pod\u013ea\u00a0 Biblie ten, \u010do po\u017e\u00edva Je\u017ei\u0161a a\u00a0nezomrie? Je to zasa len viera v Je\u017ei\u0161a, ktor\u00e1 ubezpe\u010duje spasen\u00e9ho \u010dloveka, \u017ee nezomrie. V\u0161etci spasen\u00ed kres\u0165ania v\u00e1m povedia, \u017ee nezomr\u00fa, \u017ee nep\u00f4jdu do pekla. Boh im daroval tak\u00fa vieru, a\u00a0Boh ich v\u00a0tom st\u00e1le utvrdzuje. Ka\u017ed\u00fd, kto uver\u00ed sp\u00e1se a\u00a0Bo\u017eiemu slovu pod\u013ea Bo\u017e\u00edch podmienok spasenia, je utvrdzovan\u00fd, \u017ee nep\u00f4jde do pekla, nezomrie. (teda nie pod\u013ea katol\u00edckych podmienok spasenia, tie ti nikdy nezaru\u010dia sp\u00e1su ) Bo\u017eie slovo n\u00e1m hovor\u00ed, \u017ee viera je skrze hl\u00e1sanie Bo\u017eieho slova. Viera je dar od Boha. Teda vieru nez\u00edskame choden\u00edm do kostola, na prij\u00edmanie. Vieru ti d\u00e1 Boh, teda utvrd\u00ed \u0165a v\u00a0spasen\u00ed, ak uver\u00ed\u0161 v\u00a0jeho slovo.<\/li>\n<li>51 ver\u0161 n\u00e1m d\u00e1va defin\u00edciu tohto chleba \u017eivota:<strong>\u00a0 <\/strong>Ja som \u017eiv\u00fd chlieb, ktor\u00fd zost\u00fapil z neba. Kto bude jes\u0165 z tohto chleba, bude \u017ei\u0165 naveky. <strong>A chlieb, ktor\u00fd ja d\u00e1m, je moje telo za \u017eivot sveta. <\/strong>U\u017e pod\u013ea 40 a\u00a047 ver\u0161a vid\u00edme, \u017ee to jedenie ktor\u00e9 zabezpe\u010duje ve\u010dn\u00fd \u017eivot je viera. Vidno, \u017ee to nie je eucharistia v\u00a0katol\u00edckom pon\u00edman\u00ed, lebo katol\u00edci nevedia o\u00a0svojom \u017eivote v\u00a0Kristovi, nie s\u00fa utvrden\u00ed o\u00a0svojej sp\u00e1se, neveria, \u017ee \u017eij\u00fa naveky. Spasen\u00ed vedia, \u017ee \u017eij\u00fa naveky. Zasa je to len viera, ktor\u00e1 utvrdzuje o\u00a0\u017eit\u00ed naveky u\u017e tu a\u00a0teraz. Ten chlieb je Je\u017ei\u0161ove telo za \u017eivot sveta. To znamen\u00e1 \u017ee ten chlieb e\u0161te nebol chlebom \u017eivota, e\u0161te to nebola a\u00a0t\u00e1 spasite\u013en\u00e1 viera. Sp\u00e1sna viera je a\u017e ke\u010f Je\u017ei\u0161 zomrie, vstane z\u00a0m\u0155tvych, polo\u017e\u00ed svoje telo za \u017eivot sveta, ke\u010f dokon\u00e1 jedin\u00fa, posledn\u00fa, \u00faplne dosta\u010duj\u00facu obe\u0165 . \u00a0Toto je ten chlieb z\u00a0ktor\u00e9ho \u017eij\u00fa spasen\u00ed \u013eudia. Toto je t\u00e1 viera, ktorej veria spasen\u00ed \u013eudia a\u00a0Boh ich v\u00a0tom neust\u00e1le utvrdzuje. Len\u017ee katol\u00edci neveria v\u00a0jedin\u00fa, \u00fapln\u00fa, dosta\u010duj\u00facu obe\u0165. St\u00e1le obetuj\u00fa obety, st\u00e1le prin\u00e1\u0161aj\u00fa obete za hriech. Toto je ale jasn\u00e9 odporovanie Bo\u017eiemu slovu.<\/li>\n<li>53 ver\u0161 hovor\u00ed: \u00a0Ak nebudete jes\u0165 telo Syna \u010dloveka a pi\u0165 jeho krv, nebudete ma\u0165 v sebe \u017eivot. Ten \u017eivot je ve\u010dn\u00fd \u017eivot z\u00edskan\u00fd vierou. Ten \u017eivot poc\u00edtite v\u00a0sebe, ke\u010f uver\u00edte Bo\u017eiemu slovu. Boh v\u00e1m d\u00e1 tak\u00fd \u017eivot. Ten \u017eivot je vn\u00fatorn\u00e9 presved\u010denie, \u017ee ti patr\u00ed u\u017e od okamihu uverenia Bo\u017eie kr\u00e1\u013eovstvo\u00a0 a\u00a0\u017ee tvoj \u017eivot tu na zemi je u\u017e ve\u010dn\u00fdm \u017eivotom. \u017de nebude\u0161 s\u00faden\u00fd, ale prejde\u0161 zo \u017eivota pozemsk\u00e9ho do \u017eivota nebesk\u00e9ho. \u017de ve\u010dn\u00e1 smr\u0165 u\u017e nepatr\u00ed tebe.<\/li>\n<li>V\u00a063 ver\u0161i s\u00fa jasn\u00e9 slov\u00e1 \u2013 Duch o\u017eivuje, telo ni\u010d neoso\u017e\u00ed. Slov\u00e1, ktor\u00e9 som v\u00e1m povedal s\u00fa Duch a\u00a0\u017eivot. To znamen\u00e1, \u017ee Kristus sa prij\u00edma duchovne nie telesne, materi\u00e1lne. Jeho slovo je Duch a\u00a0\u017eivot. M\u00e1\u0161 m\u00e1lo Bo\u017eieho ducha? To znamen\u00e1, \u017ee m\u00e1\u0161 m\u00e1lo Bo\u017eieho slova. M\u00e1\u0161 m\u00e1lo Bo\u017eieho \u017eivota? To znamen\u00e1, \u017ee m\u00e1\u0161 m\u00e1lo Bo\u017eieho slova.<\/li>\n<li>V \u00a068 ver\u0161i Peter hovor\u00ed: \u201ePane, a ku komu by sme i\u0161li? Ty m\u00e1\u0161 slov\u00e1 ve\u010dn\u00e9ho \u017eivota. Samotn\u00fd Peter vyznal Je\u017ei\u0161ovi za v\u0161etk\u00fdch, ktor\u00ed od neho pre slov\u00e1 o\u00a0jeden\u00ed a\u00a0pit\u00ed Je\u017ei\u0161ovho tela neodi\u0161li. T\u00ed, \u010do neodi\u0161li od Je\u017ei\u0161a to pochopili spr\u00e1vne, \u017ee tie Je\u017ei\u0161ove slov\u00e1 mali duchovn\u00fd v\u00fdznam.<\/li>\n<\/ol>\n<p>Takto by sa dala cel\u00e1 6 kapitola J\u00e1na\u00a0 ver\u0161 po ver\u0161i vyklada\u0165. A\u00a0nesk\u013aznete k nepravde, ak Bo\u017eie slovo budete vyklada\u0165 Bo\u017e\u00edm slovom. Ak pochop\u00edte, \u017ee Boh v\u00a0Biblii si neprotire\u010d\u00ed.<\/p>\n<p>Mo\u017eno sa e\u0161te op\u00fdtate: A\u00a0\u010do posledn\u00e1 ve\u010dera? Tam Je\u017ei\u0161 ustanovil sviatos\u0165 olt\u00e1rnu.<\/p>\n<p>Odpoviem stru\u010dne:<\/p>\n<p>Ak budete sk\u00fama\u0165, pri \u010d\u00edtan\u00ed Biblie zist\u00edte:<\/p>\n<p>&#8211;\u00a0\u00a0\u00a0\u00a0\u00a0\u00a0\u00a0\u00a0 \u017diadnu sviatos\u0165 olt\u00e1rnu Je\u017ei\u0161 neustanovil,<\/p>\n<p>&#8211;\u00a0\u00a0\u00a0\u00a0\u00a0\u00a0\u00a0\u00a0 nep\u00ed\u0161e sa nikde v\u00a0Biblii o skuto\u010dnej pr\u00edtomnosti Je\u017ei\u0161ovho\u00a0 tela a krvi<\/p>\n<p>&#8211;\u00a0\u00a0\u00a0\u00a0\u00a0\u00a0\u00a0\u00a0 Ak si spasen\u00fd, Duch Sv\u00e4t\u00fd ti d\u00e1 rozozna\u0165 \u010do je v\u00a0Biblii myslen\u00e9 duchovne a\u00a0\u010do skuto\u010dne.<\/p>\n<p>&#8211;\u00a0\u00a0\u00a0\u00a0\u00a0\u00a0\u00a0\u00a0 Je\u017ei\u0161 sa obetoval raz a\u00a0nav\u017edy, \u010di\u017ee to, \u010do robia k\u0148azi nie je Biblick\u00e9, ale \u013eudsk\u00e1 n\u00e1uka, Je\u017ei\u0161ova obe\u0165 bola posledn\u00e1 a\u00a0dosta\u010duj\u00faca na uzmierenie Boha.<\/p>\n<p>&#8211;\u00a0\u00a0\u00a0\u00a0\u00a0\u00a0\u00a0\u00a0 V\u017edy ke\u010f sa konala Ve\u010dera P\u00e1nova, jedol sa chlieb a\u00a0pil sa kalich, v\u00edno. Ve\u010dera P\u00e1nova bola od \u010dias apo\u0161tolov a\u00a0je (u protestantov) duchovn\u00e9 spolo\u010denstvo s\u00a0P\u00e1nom, nie po\u017e\u00edvanie tela a\u00a0krvi (katol\u00edci, evanjelici)<\/p>\n<p>&#8211;\u00a0\u00a0\u00a0\u00a0\u00a0\u00a0\u00a0\u00a0 Sviatos\u0165 olt\u00e1rna, teda skuto\u010dne pr\u00edtomn\u00fd Je\u017ei\u0161 v\u00a0eucharistii je v\u00fdmysel \u013eudsk\u00fd. Doktr\u00edna o skuto\u010dnej Je\u017ei\u0161ove pr\u00edtomnosti bola ods\u00fahlasen\u00e1 na koncile v\u00a0roku 1215. Dovtedy to bola P\u00e1nova ve\u010dera.<\/p>\n<p><strong>Z\u00e1ver:<\/strong><\/p>\n<p>Ke\u010f je Bo\u017eie slovo pravda, nem\u00f4\u017ee si protire\u010di\u0165. Preto je Bo\u017eie slovo jedin\u00fdm meradlom v\u0161etk\u00e9ho u\u010denia o Bohu. T\u00fdm sa vylu\u010duje ako meradlo pravdy nejak\u00e9 n\u00e1bo\u017eenstvo, p\u00e1pe\u017e, alebo nejak\u00fd charizmatick\u00fd vodca, trad\u00edcia&#8230;<\/p>\n<p>Je\u017ei\u0161 Izraelsk\u00fdm n\u00e1bo\u017eensk\u00fdm najvy\u0161\u0161\u00edm vodcom, ktor\u00ed nechceli po\u010du\u0165 pravdu, nechceli zachova\u0165 Je\u017ei\u0161ovo slovo adresoval tieto slov\u00e1, ktor\u00e9 s\u00fa v dne\u0161nej dobe adresovan\u00e9 v\u0161etk\u00fdm n\u00e1bo\u017eensk\u00fdm vodcom, ktor\u00ed nechc\u00fa po\u010du\u0165\u00a0 pozna\u0165 pravdu a nechc\u00fa zachov\u00e1va\u0165 Je\u017ei\u0161ovo slovo:<\/p>\n<p>(Jn 8:43-47 [SSV])<br \/>\nPre\u010do nech\u00e1pete moju re\u010d? Preto, \u017ee nem\u00f4\u017eete po\u010du\u0165 moje slovo.<br \/>\nVa\u0161\u00edm otcom je diabol a vy chcete plni\u0165 t\u00fa\u017eby svojho otca. On bol vrah od po\u010diatku a nezotrval v pravde, lebo v \u0148om pravdy niet. Ke\u010f luh\u00e1, hovor\u00ed zo seba, lebo je luh\u00e1r a otec l\u017ei.<br \/>\nAle ja hovor\u00edm pravdu, a preto mi never\u00edte.<br \/>\nKto z v\u00e1s ma usved\u010d\u00ed z hriechu? Pre\u010do mi never\u00edte, ke\u010f v\u00e1m hovor\u00edm pravdu?!<br \/>\nKto je z Boha, po\u010d\u00fava Bo\u017eie slov\u00e1. Vy nepo\u010d\u00favate, lebo nie ste z Boha.\u201c<\/p>\n<p>(2Pt 3:16-18 [SSV])<br \/>\nNiektor\u00e9 miesta v nich <em>(Pavlov\u00fdch listoch)<\/em> s\u00fa \u0165a\u017eko zrozumite\u013en\u00e9 a neu\u010den\u00ed a neutvrden\u00ed \u013eudia ich prekr\u00facaj\u00fa, ako aj ostatn\u00e9 P\u00edsma, na svoju vlastn\u00fa z\u00e1hubu.<br \/>\nAle vy, milovan\u00ed bratia, ktor\u00ed to u\u017e viete, chr\u00e1\u0148te sa, aby ste sa nedali zvies\u0165 bludom ni\u010domn\u00edkov a aby ste neodpadli od svojho pevn\u00e9ho z\u00e1kladu.<br \/>\n<strong>Vzrastajte v milosti a poznan\u00ed n\u00e1\u0161ho P\u00e1na a Spasite\u013ea Je\u017ei\u0161a Krista.<\/strong> Jemu sl\u00e1va i teraz a a\u017e do d\u0148a ve\u010dnosti. Amen.<\/p>\n<p>&nbsp;<\/p>\n","protected":false},"excerpt":{"rendered":"<p>(Jn 16:13 ) Ke\u010f pr\u00edde on, Duch pravdy, uvedie v\u00e1s do plnej pravdy, lebo nebude hovori\u0165 s\u00e1m zo seba, ale bude hovori\u0165, \u010do po\u010duje, a zvestuje v\u00e1m, \u010do m\u00e1 pr\u00eds\u0165. (Jn 14:26 ) Ale Te\u0161ite\u013e, Duch Sv\u00e4t\u00fd, ktor\u00e9ho po\u0161le Otec &hellip; <a href=\"https:\/\/obratenykatolik.sk\/?page_id=32\">Pokra\u010dova\u0165 v \u010d\u00edtan\u00ed <span class=\"meta-nav\">&rarr;<\/span><\/a><\/p>\n","protected":false},"author":1,"featured_media":0,"parent":0,"menu_order":0,"comment_status":"closed","ping_status":"closed","template":"","meta":[],"_links":{"self":[{"href":"https:\/\/obratenykatolik.sk\/index.php?rest_route=\/wp\/v2\/pages\/32"}],"collection":[{"href":"https:\/\/obratenykatolik.sk\/index.php?rest_route=\/wp\/v2\/pages"}],"about":[{"href":"https:\/\/obratenykatolik.sk\/index.php?rest_route=\/wp\/v2\/types\/page"}],"author":[{"embeddable":true,"href":"https:\/\/obratenykatolik.sk\/index.php?rest_route=\/wp\/v2\/users\/1"}],"replies":[{"embeddable":true,"href":"https:\/\/obratenykatolik.sk\/index.php?rest_route=%2Fwp%2Fv2%2Fcomments&post=32"}],"version-history":[{"count":10,"href":"https:\/\/obratenykatolik.sk\/index.php?rest_route=\/wp\/v2\/pages\/32\/revisions"}],"predecessor-version":[{"id":1528,"href":"https:\/\/obratenykatolik.sk\/index.php?rest_route=\/wp\/v2\/pages\/32\/revisions\/1528"}],"wp:attachment":[{"href":"https:\/\/obratenykatolik.sk\/index.php?rest_route=%2Fwp%2Fv2%2Fmedia&parent=32"}],"curies":[{"name":"wp","href":"https:\/\/api.w.org\/{rel}","templated":true}]}}