{"id":2606,"date":"2021-02-28T11:55:13","date_gmt":"2021-02-28T10:55:13","guid":{"rendered":"http:\/\/obratenykatolik.sk\/?page_id=2606"},"modified":"2022-01-03T00:38:41","modified_gmt":"2022-01-02T23:38:41","slug":"jeruzalemsky-chram","status":"publish","type":"page","link":"https:\/\/obratenykatolik.sk\/?page_id=2606","title":{"rendered":"Jeruzalemsk\u00fd chr\u00e1m"},"content":{"rendered":"<ul>\n<li>Za\u010dali sa pr\u00e1ce na obnove Jeruzalemsk\u00e9ho chr\u00e1mu<\/li>\n<\/ul>\n<p>Ka\u017ed\u00e1 stavba sa za\u010d\u00edna budovan\u00edm z\u00e1kladov. Pr\u00e1ce na z\u00e1kladoch bud\u00faceho Jeruzalemsk\u00e9ho chr\u00e1mu sa u\u017e za\u010dali<\/p>\n<ul>\n<li>Doplnen\u00e9 10.5. 2021 ve\u010der &#8211; hor\u00ed <del>me\u0161ita<\/del> pri me\u0161ite na chr\u00e1movej hore<\/li>\n<\/ul>\n<p>https:\/\/www.facebook.com\/TheJerusalemPost\/videos\/242519934293099\/<\/p>\n<ul>\n<li>doplnen\u00e9 5.3.2021<\/li>\n<\/ul>\n<p>Z\u00e1kladn\u00e9 kamene bud\u00faceho chr\u00e1mu<\/p>\n<p><img decoding=\"async\" loading=\"lazy\" class=\"alignnone size-full wp-image-2618\" src=\"https:\/\/obratenykatolik.sk\/wp-content\/uploads\/zakladne-kamene-chramu.jpg\" alt=\"\" width=\"300\" height=\"225\" \/><\/p>\n<ul>\n<li>Temple Institute v Jeruzaleme vynalo\u017eil pribli\u017ene 30 000 000 dol\u00e1rov na pr\u00edpravy prestavby \u017eidovsk\u00e9ho chr\u00e1mu<\/li>\n<li>Zjavenie 11 kapitola hovor\u00ed o bud\u00facom chr\u00e1me (okrem SZ proroctiev, \u010di nepriamych Je\u017ei\u0161ov\u00fdch slov) dvaja proroci &#8211; Moj\u017ei\u0161 a Eli\u00e1\u0161 bud\u00fa po zasadnut\u00ed Antikrista do chr\u00e1mu, v druhej polovici s\u00fa\u017eenia 42 mesiacov pred druh\u00fdm pr\u00edchodom P\u00e1na Je\u017ei\u0161a, v \u010dase chr\u00e1mov\u00fdch obiet u\u010di\u0165 Izrael o skuto\u010dnom zmysle chr\u00e1mu a krvav\u00fdch obetiach &#8211; to znamen\u00e1 \u017ee bud\u00fa poukazova\u0165 na P\u00e1na Je\u017ei\u0161a Krista, Bo\u017eieho Bar\u00e1nka. Bud\u00fa vyz\u00fdva\u0165 Izrael na pok\u00e1nie a uverenie v Mesi\u00e1\u0161a a nastan\u00fa ve\u013ek\u00e9 obr\u00e1tenia v Izraeli. (Zjv 7, 4-9)<\/li>\n<li>SZ proroctv\u00e1, \u010di 11 kapitola Zjavenia hovor\u00ed o Bo\u017eom chr\u00e1me &#8211; meranie sv\u00e4tyne hovor\u00ed o Bo\u017eom vlastn\u00edckom n\u00e1roku na toto miesto.<\/li>\n<li>Ned\u00e1vne celosvetov\u00e9 modlitby \u017eidov na sviatok Pur\u00edm za pr\u00edchod Mesi\u00e1\u0161a<\/li>\n<\/ul>\n<p>https:\/\/gloria.tv\/post\/i1S9troT8KdJ1pPxT3HKUfhwH<\/p>\n<ul>\n<li>V bl\u00edzkosti Jaffovej br\u00e1ny je nain\u0161talovan\u00fd ka\u017ed\u00fdch 10-15 m BLUE BEAM, ktor\u00fd je nasmerovan\u00fd na star\u00e9 mesto (bud\u00faci chr\u00e1mov\u00fd komplex)<\/li>\n<\/ul>\n<p>Uk\u00e1\u017eka technol\u00f3gie Blue Beam:<\/p>\n<p><iframe loading=\"lazy\" title=\"China Celebrate New Year 2022 Full Video | \ud83c\udde8\ud83c\uddf3 Beijing New Year Celebration Video \ud83d\ude2e\ud83d\ude2e\ud83d\udca5\" width=\"640\" height=\"480\" src=\"https:\/\/www.youtube.com\/embed\/Qa3gyFgf5LU?feature=oembed\" frameborder=\"0\" allow=\"accelerometer; autoplay; clipboard-write; encrypted-media; gyroscope; picture-in-picture; web-share\" referrerpolicy=\"strict-origin-when-cross-origin\" allowfullscreen><\/iframe><\/p>\n<ul>\n<li>Rok 2017, Trump ustanovuje Jeruzalem hlavn\u00fdm mestom Izraela a naria\u010fuje stavbu chr\u00e1mu. Synhedrin a najvy\u0161\u0161\u00ed \u017eidovsk\u00ed predstavitelia d\u00e1vaj\u00fa Trumpa na rove\u0148 M\u00e9dsko -Perzsk\u00e9ho kr\u00e1\u013ea K\u00fdrosa. K\u00fdros v roku 539. pred Kristom dovolil \u017eidom n\u00e1vrat z Babylonsk\u00e9ho zajatia a vybudoval chr\u00e1m a Jeruzalem po Babylonskom zajat\u00ed. Tak ako K\u00fdros, tak aj Trump zni\u010d\u00ed zanedlho Babylon&#8230;<\/li>\n<\/ul>\n<p><img decoding=\"async\" loading=\"lazy\" class=\"alignnone size-full wp-image-2524\" src=\"https:\/\/obratenykatolik.sk\/wp-content\/uploads\/Trump1.jpg\" alt=\"\" width=\"320\" height=\"180\" srcset=\"https:\/\/obratenykatolik.sk\/wp-content\/uploads\/Trump1.jpg 320w, https:\/\/obratenykatolik.sk\/wp-content\/uploads\/Trump1-300x169.jpg 300w\" sizes=\"(max-width: 320px) 100vw, 320px\" \/><\/p>\n<p><img decoding=\"async\" loading=\"lazy\" class=\"alignnone size-full wp-image-2525\" src=\"https:\/\/obratenykatolik.sk\/wp-content\/uploads\/rBVaVV5LwMOAWNIBAAJJ7iR-YPw003.jpg\" alt=\"\" width=\"800\" height=\"800\" srcset=\"https:\/\/obratenykatolik.sk\/wp-content\/uploads\/rBVaVV5LwMOAWNIBAAJJ7iR-YPw003.jpg 800w, https:\/\/obratenykatolik.sk\/wp-content\/uploads\/rBVaVV5LwMOAWNIBAAJJ7iR-YPw003-300x300.jpg 300w, https:\/\/obratenykatolik.sk\/wp-content\/uploads\/rBVaVV5LwMOAWNIBAAJJ7iR-YPw003-150x150.jpg 150w, https:\/\/obratenykatolik.sk\/wp-content\/uploads\/rBVaVV5LwMOAWNIBAAJJ7iR-YPw003-768x768.jpg 768w\" sizes=\"(max-width: 800px) 100vw, 800px\" \/><\/p>\n<p><img decoding=\"async\" loading=\"lazy\" class=\"alignnone size-full wp-image-2526\" src=\"https:\/\/obratenykatolik.sk\/wp-content\/uploads\/Jared-Kushner-jeruzalem-800x561-1.jpg\" alt=\"\" width=\"800\" height=\"561\" srcset=\"https:\/\/obratenykatolik.sk\/wp-content\/uploads\/Jared-Kushner-jeruzalem-800x561-1.jpg 800w, https:\/\/obratenykatolik.sk\/wp-content\/uploads\/Jared-Kushner-jeruzalem-800x561-1-300x210.jpg 300w, https:\/\/obratenykatolik.sk\/wp-content\/uploads\/Jared-Kushner-jeruzalem-800x561-1-768x539.jpg 768w\" sizes=\"(max-width: 800px) 100vw, 800px\" \/><\/p>\n<p><img decoding=\"async\" loading=\"lazy\" class=\"alignnone size-large wp-image-2533\" src=\"https:\/\/obratenykatolik.sk\/wp-content\/uploads\/PM-Netanyahu-Brazilian-Pres.-Bolsonaro-in-the-Western-Wall-Tunnels-1024x703.jpg\" alt=\"\" width=\"640\" height=\"439\" srcset=\"https:\/\/obratenykatolik.sk\/wp-content\/uploads\/PM-Netanyahu-Brazilian-Pres.-Bolsonaro-in-the-Western-Wall-Tunnels-1024x703.jpg 1024w, https:\/\/obratenykatolik.sk\/wp-content\/uploads\/PM-Netanyahu-Brazilian-Pres.-Bolsonaro-in-the-Western-Wall-Tunnels-300x206.jpg 300w, https:\/\/obratenykatolik.sk\/wp-content\/uploads\/PM-Netanyahu-Brazilian-Pres.-Bolsonaro-in-the-Western-Wall-Tunnels-768x528.jpg 768w, https:\/\/obratenykatolik.sk\/wp-content\/uploads\/PM-Netanyahu-Brazilian-Pres.-Bolsonaro-in-the-Western-Wall-Tunnels-1536x1055.jpg 1536w, https:\/\/obratenykatolik.sk\/wp-content\/uploads\/PM-Netanyahu-Brazilian-Pres.-Bolsonaro-in-the-Western-Wall-Tunnels.jpg 1600w\" sizes=\"(max-width: 640px) 100vw, 640px\" \/><\/p>\n<ul>\n<li>21.3.2019 &#8211; Mike Pompeo v podzem\u00ed pod z\u00e1padn\u00fdm m\u00farom chr\u00e1mu, po uznan\u00ed Jeruzalema za hlavn\u00e9 mesto podpisuje dokumenty za Trumpa&#8230;<\/li>\n<\/ul>\n<p><img decoding=\"async\" loading=\"lazy\" class=\"alignnone size-full wp-image-2527\" src=\"https:\/\/obratenykatolik.sk\/wp-content\/uploads\/1073479444_0-274-4870-2908_1000x541_80_0_0_803695518eb10947d6e76d2ef9980a6b.jpg\" alt=\"\" width=\"1000\" height=\"541\" srcset=\"https:\/\/obratenykatolik.sk\/wp-content\/uploads\/1073479444_0-274-4870-2908_1000x541_80_0_0_803695518eb10947d6e76d2ef9980a6b.jpg 1000w, https:\/\/obratenykatolik.sk\/wp-content\/uploads\/1073479444_0-274-4870-2908_1000x541_80_0_0_803695518eb10947d6e76d2ef9980a6b-300x162.jpg 300w, https:\/\/obratenykatolik.sk\/wp-content\/uploads\/1073479444_0-274-4870-2908_1000x541_80_0_0_803695518eb10947d6e76d2ef9980a6b-768x415.jpg 768w\" sizes=\"(max-width: 1000px) 100vw, 1000px\" \/><\/p>\n<p><img decoding=\"async\" loading=\"lazy\" class=\"alignnone size-large wp-image-2528\" src=\"https:\/\/obratenykatolik.sk\/wp-content\/uploads\/maxresdefault-1024x576.jpg\" alt=\"\" width=\"640\" height=\"360\" srcset=\"https:\/\/obratenykatolik.sk\/wp-content\/uploads\/maxresdefault-1024x576.jpg 1024w, https:\/\/obratenykatolik.sk\/wp-content\/uploads\/maxresdefault-300x169.jpg 300w, https:\/\/obratenykatolik.sk\/wp-content\/uploads\/maxresdefault-768x432.jpg 768w, https:\/\/obratenykatolik.sk\/wp-content\/uploads\/maxresdefault.jpg 1280w\" sizes=\"(max-width: 640px) 100vw, 640px\" \/><\/p>\n<ul>\n<li>poh\u013ead zhora na me\u0161itu. Me\u0161ita bude zb\u00faran\u00e1.<\/li>\n<\/ul>\n<p><img decoding=\"async\" loading=\"lazy\" class=\"alignnone size-large wp-image-2531\" src=\"https:\/\/obratenykatolik.sk\/wp-content\/uploads\/1200px-Jerusalem-20132-Aerial-Temple_Mount-south_exposure-1024x769.jpg\" alt=\"\" width=\"640\" height=\"481\" srcset=\"https:\/\/obratenykatolik.sk\/wp-content\/uploads\/1200px-Jerusalem-20132-Aerial-Temple_Mount-south_exposure-1024x769.jpg 1024w, https:\/\/obratenykatolik.sk\/wp-content\/uploads\/1200px-Jerusalem-20132-Aerial-Temple_Mount-south_exposure-300x225.jpg 300w, https:\/\/obratenykatolik.sk\/wp-content\/uploads\/1200px-Jerusalem-20132-Aerial-Temple_Mount-south_exposure-768x577.jpg 768w, https:\/\/obratenykatolik.sk\/wp-content\/uploads\/1200px-Jerusalem-20132-Aerial-Temple_Mount-south_exposure.jpg 1200w\" sizes=\"(max-width: 640px) 100vw, 640px\" \/><\/p>\n<ul>\n<li>Pod\u013ea Moj\u017ei\u0161ov\u00fdch instrukci\u00ed s\u00fa u\u017e pripraven\u00e9 v\u0161etky chr\u00e1mov\u00e9 predmety a n\u00e1\u010dinie, nacvi\u010den\u00ed k\u0148azi, nacvi\u010den\u00e9 obete&#8230; \u010cerven\u00e1 jalovica bola u\u017e obetovan\u00e1 (viac o tom v mp3 k\u00e1zeni zo 6.1.2019 &#8211; Aktualiz\u00e1cia znamen\u00ed \u010dias)&#8230; Na videu je Menorah pripraven\u00fd pre tret\u00ed chr\u00e1m.<\/li>\n<\/ul>\n<p><iframe loading=\"lazy\" title=\"The Golden Menorah of the Third Holy Temple\" width=\"640\" height=\"360\" src=\"https:\/\/www.youtube.com\/embed\/-lDgc086WB4?feature=oembed\" frameborder=\"0\" allow=\"accelerometer; autoplay; clipboard-write; encrypted-media; gyroscope; picture-in-picture\" allowfullscreen><\/iframe><\/p>\n<ul>\n<li>video zo d\u0148a 13.2.2021 &#8211; video ukazuje stavenisko Jeruzalemsk\u00e9ho chr\u00e1mu. Video je dlh\u00e9, sta\u010d\u00ed si klikn\u00fa\u0165 a pozrie\u0165 kr\u00e1tke \u010dasov\u00e9 \u00faseky v min\u00fatach 2:00, 10:00; 15:48; 21:15<\/li>\n<\/ul>\n<p><iframe loading=\"lazy\" title=\"\u0421\u0422\u0420\u041e\u0418\u0422\u0415\u041b\u042c\u0421\u0422\u0412\u041e \u0418\u041b\u0418 \u041f\u041e\u0414\u0413\u041e\u0422\u041e\u0412\u041a\u0410 !!!\" width=\"640\" height=\"360\" src=\"https:\/\/www.youtube.com\/embed\/3UIK_19tFbU?feature=oembed\" frameborder=\"0\" allow=\"accelerometer; autoplay; clipboard-write; encrypted-media; gyroscope; picture-in-picture\" allowfullscreen><\/iframe><\/p>\n<ul>\n<li>Robili sa pr\u00edpravn\u00e9 pr\u00e1ce na spevnenie z\u00e1padn\u00e9ho m\u00faru, k obnove chr\u00e1mu, ktor\u00e9 by mali by\u0165 5.2.2021 ukon\u010den\u00e9. <span class=\"gmail-d2edcug0 gmail-hpfvmrgz gmail-qv66sw1b gmail-c1et5uql gmail-rrkovp55 gmail-a8c37x1j gmail-keod5gw0 gmail-nxhoafnm gmail-aigsh9s9 gmail-d3f4x2em gmail-fe6kdd0r gmail-mau55g9w gmail-c8b282yb gmail-iv3no6db gmail-jq4qci2q gmail-a3bd9o3v gmail-knj5qynh gmail-oo9gr5id gmail-hzawbc8m\" dir=\"auto\">Autority Palest\u00edny sa s\u0165a\u017eovali na za\u010datie v\u00fdstavby chr\u00e1mu. <\/span>N\u00e1sledne p<span class=\"gmail-d2edcug0 gmail-hpfvmrgz gmail-qv66sw1b gmail-c1et5uql gmail-rrkovp55 gmail-a8c37x1j gmail-keod5gw0 gmail-nxhoafnm gmail-aigsh9s9 gmail-d3f4x2em gmail-fe6kdd0r gmail-mau55g9w gmail-c8b282yb gmail-iv3no6db gmail-jq4qci2q gmail-a3bd9o3v gmail-knj5qynh gmail-oo9gr5id gmail-hzawbc8m\" dir=\"auto\">redseda ofici\u00e1lnej Palest\u00ednskej samospr\u00e1vy po\u017eiadal medzin\u00e1rodn\u00e9 spolo\u010denstvo o zastavenie pr\u00e1c na obnove chr\u00e1mu, ktor\u00e9 zahr\u0148uj\u00fa zb\u00faranie existuj\u00facej me\u0161ity. \u010c<\/span>l\u00e1nky z nov\u00edn a vide\u00e1 boli v \u010dase pr\u00e1c r\u00fdchlo mazan\u00e9. V \u010dase pr\u00e1c na z\u00e1padnom m\u00fare LIVE kamera M\u00faru n\u00e1rekov ukazovala z\u00e1znam, ako keby sa tam ni\u010d nedialo.<\/li>\n<\/ul>\n<p><iframe loading=\"lazy\" title=\"\u0412 \u0421\u041c\u0418 \u0412\u0410\u041c \u042d\u0422\u041e\u0413\u041e \u041d\u0415 \u041f\u041e\u041a\u0410\u0416\u0423\u0422\" width=\"640\" height=\"360\" src=\"https:\/\/www.youtube.com\/embed\/2Lvi7Ve0-lE?feature=oembed\" frameborder=\"0\" allow=\"accelerometer; autoplay; clipboard-write; encrypted-media; gyroscope; picture-in-picture\" allowfullscreen><\/iframe><\/p>\n<div style=\"width: 240px;\" class=\"wp-video\"><!--[if lt IE 9]><script>document.createElement('video');<\/script><![endif]-->\n<video class=\"wp-video-shortcode\" id=\"video-2606-1\" width=\"240\" height=\"426\" preload=\"metadata\" controls=\"controls\"><source type=\"video\/mp4\" src=\"https:\/\/obratenykatolik.sk\/wp-content\/uploads\/145493574_106719714775583_7686152311499852003_n.mp4?_=1\" \/><a href=\"https:\/\/obratenykatolik.sk\/wp-content\/uploads\/145493574_106719714775583_7686152311499852003_n.mp4\">https:\/\/obratenykatolik.sk\/wp-content\/uploads\/145493574_106719714775583_7686152311499852003_n.mp4<\/a><\/video><\/div>\n<ul>\n<li>stavebn\u00e9 pr\u00e1ce s\u00fa s\u00fa\u010das\u0165ou chr\u00e1mu<\/li>\n<\/ul>\n<p><img decoding=\"async\" loading=\"lazy\" class=\"alignnone size-full wp-image-2507\" src=\"https:\/\/obratenykatolik.sk\/wp-content\/uploads\/148060071_3717308405019734_6877474335295374187_n.jpg\" alt=\"\" width=\"960\" height=\"720\" srcset=\"https:\/\/obratenykatolik.sk\/wp-content\/uploads\/148060071_3717308405019734_6877474335295374187_n.jpg 960w, https:\/\/obratenykatolik.sk\/wp-content\/uploads\/148060071_3717308405019734_6877474335295374187_n-300x225.jpg 300w, https:\/\/obratenykatolik.sk\/wp-content\/uploads\/148060071_3717308405019734_6877474335295374187_n-768x576.jpg 768w\" sizes=\"(max-width: 960px) 100vw, 960px\" \/><\/p>\n<ul>\n<li>Pod chr\u00e1movou horou sa robila pr\u00e1ca, alebo e\u0161te robia pr\u00e1ce. Moslimovia sa s\u0165a\u017eovali na otrasy v me\u0161ite. Akoko\u013evek to na internete naz\u00fdvaj\u00fa &#8211; st\u00e1le s\u00fa to len pr\u00e1ce na obnove chr\u00e1mu.<\/li>\n<li>Toto video je na Yotube pridan\u00e9 27. janu\u00e1ra 2020. Video je zo spr\u00e1v z 19.12.2019, \u010di\u017ee u\u017e pred rokom pr\u00e1ce na za\u010dat\u00ed obnovy be\u017eali.<\/li>\n<\/ul>\n<p><iframe loading=\"lazy\" title=\"Israel is building \u201cthe alleged Temple\u201d under the Al-Aqsa Mosque, says official PA TV reporter\" width=\"640\" height=\"360\" src=\"https:\/\/www.youtube.com\/embed\/ASq-9tXcSUU?feature=oembed\" frameborder=\"0\" allow=\"accelerometer; autoplay; clipboard-write; encrypted-media; gyroscope; picture-in-picture\" allowfullscreen><\/iframe><\/p>\n<ul>\n<li>11.2.2021 Okrem pr\u00e1c na stavbe chr\u00e1mu sa kope aj metro z Tel Avivu (tam je medzin\u00e1rodn\u00e9 letisko) do Jeruzalema, metro kon\u010d\u00ed v starom meste. D\u00f4vod stavby metra &#8211;\u00a0 aby sa mohli n\u00e1rody pr\u00eds\u0165 do chr\u00e1mu modli\u0165. Kone\u010dn\u00e1 stanica metra v Jeruzaleme bude nies\u0165 Trumpovo meno.<\/li>\n<li>Lokaliz\u00e1cia p\u00f4vodn\u00e9ho chr\u00e1mu a viac inform\u00e1ci\u00ed sa d\u00e1 n\u00e1s\u0165 na str\u00e1nke Chr\u00e1mov\u00e9ho in\u0161tit\u00fatu:<\/li>\n<\/ul>\n<blockquote class=\"wp-embedded-content\" data-secret=\"5v1xRsgC2e\"><p><a href=\"https:\/\/templeinstitute.org\/\">Home<\/a><\/p><\/blockquote>\n<p><iframe class=\"wp-embedded-content\" sandbox=\"allow-scripts\" security=\"restricted\" style=\"position: absolute; clip: rect(1px, 1px, 1px, 1px);\" title=\"&#8220;Home&#8221; &#8212; Temple Institute\" src=\"https:\/\/templeinstitute.org\/embed\/#?secret=5v1xRsgC2e\" data-secret=\"5v1xRsgC2e\" width=\"600\" height=\"338\" frameborder=\"0\" marginwidth=\"0\" marginheight=\"0\" scrolling=\"no\"><\/iframe><\/p>\n<p>&nbsp;<\/p>\n<ul>\n<li>V mp3 k\u00e1zni zo 17.1.2021- v Aktualiz\u00e1cii znamen\u00ed \u010dias je pop\u00edsan\u00e9, \u010do sa stane v najbli\u017e\u0161ie obdobie<\/li>\n<\/ul>\n","protected":false},"excerpt":{"rendered":"<p>Za\u010dali sa pr\u00e1ce na obnove Jeruzalemsk\u00e9ho chr\u00e1mu Ka\u017ed\u00e1 stavba sa za\u010d\u00edna budovan\u00edm z\u00e1kladov. Pr\u00e1ce na z\u00e1kladoch bud\u00faceho Jeruzalemsk\u00e9ho chr\u00e1mu sa u\u017e za\u010dali Doplnen\u00e9 10.5. 2021 ve\u010der &#8211; hor\u00ed me\u0161ita pri me\u0161ite na chr\u00e1movej hore https:\/\/www.facebook.com\/TheJerusalemPost\/videos\/242519934293099\/ doplnen\u00e9 5.3.2021 Z\u00e1kladn\u00e9 kamene bud\u00faceho &hellip; <a href=\"https:\/\/obratenykatolik.sk\/?page_id=2606\">Pokra\u010dova\u0165 v \u010d\u00edtan\u00ed <span class=\"meta-nav\">&rarr;<\/span><\/a><\/p>\n","protected":false},"author":1,"featured_media":0,"parent":0,"menu_order":0,"comment_status":"closed","ping_status":"closed","template":"","meta":[],"_links":{"self":[{"href":"https:\/\/obratenykatolik.sk\/index.php?rest_route=\/wp\/v2\/pages\/2606"}],"collection":[{"href":"https:\/\/obratenykatolik.sk\/index.php?rest_route=\/wp\/v2\/pages"}],"about":[{"href":"https:\/\/obratenykatolik.sk\/index.php?rest_route=\/wp\/v2\/types\/page"}],"author":[{"embeddable":true,"href":"https:\/\/obratenykatolik.sk\/index.php?rest_route=\/wp\/v2\/users\/1"}],"replies":[{"embeddable":true,"href":"https:\/\/obratenykatolik.sk\/index.php?rest_route=%2Fwp%2Fv2%2Fcomments&post=2606"}],"version-history":[{"count":12,"href":"https:\/\/obratenykatolik.sk\/index.php?rest_route=\/wp\/v2\/pages\/2606\/revisions"}],"predecessor-version":[{"id":2857,"href":"https:\/\/obratenykatolik.sk\/index.php?rest_route=\/wp\/v2\/pages\/2606\/revisions\/2857"}],"wp:attachment":[{"href":"https:\/\/obratenykatolik.sk\/index.php?rest_route=%2Fwp%2Fv2%2Fmedia&parent=2606"}],"curies":[{"name":"wp","href":"https:\/\/api.w.org\/{rel}","templated":true}]}}