{"id":2,"date":"2012-01-31T09:36:27","date_gmt":"2012-01-31T09:36:27","guid":{"rendered":"http:\/\/obratenykatolik.sk\/?page_id=2"},"modified":"2018-02-04T16:44:27","modified_gmt":"2018-02-04T16:44:27","slug":"ukazka-strany","status":"publish","type":"page","link":"https:\/\/obratenykatolik.sk\/?page_id=2","title":{"rendered":"Duch Assisi"},"content":{"rendered":"<p>D\u0148a 27.10 1986 zavolal p\u00e1pe\u017e J\u00e1n Pavol II na modlitby za mier v\u0161etky mo\u017en\u00e9 n\u00e1bo\u017eenstv\u00e1 a \u201eizmy\u201c do Assisi.\u00a0 Tieto stretnutia potom pokra\u010dovali \u010falej. Stretnutia sa volaj\u00fa Duch Assisi.<\/p>\n<p>O\u00a0\u010do tam \u0161lo? O\u00a0hl\u00e1sanie evanjelia t\u00fdmto n\u00e1bo\u017eenstv\u00e1m? V\u00f4bec nie.<\/p>\n<p>P\u00e1pe\u017e dal n\u00e1bo\u017eenstv\u00e1m katol\u00edcke kostoly a\u00a0miestnosti. Z\u00a0miestnost\u00ed dal poodstra\u0148ova\u0165 v\u0161etky kres\u0165ansk\u00e9 symboly (vtedy pre m\u0148a ako katol\u00edka to bol d\u00f4kaz popierania jedin\u00e9ho Boha). Tie, ktor\u00e9 sa nedali odstr\u00e1ni\u0165, poprikr\u00fdvali ich. Ka\u017ed\u00e9 n\u00e1bo\u017eenstvo malo pridelen\u00e9 svoj kostol, alebo miestnos\u0165, v\u00a0ktorom si vykon\u00e1valo svoje obrady. To znamen\u00e1 ak tam boli kres\u0165ansk\u00e9 n\u00e1bo\u017eenstv\u00e1, tak tam mali svoje bohoslu\u017eby. Ostatn\u00e9 n\u00e1bo\u017eenstv\u00e1 si tam tie\u017e vykon\u00e1vali svoje obrady. To znamen\u00e1, \u017ee \u0161amani tam vz\u00fdvali d\u00e9monov, hinduisti okiadzali \u0160ivu&#8230;<\/p>\n<p>Biblia cel\u00e9ho Star\u00e9ho Z\u00e1kona jasne hovor\u00ed, \u017ee kto never\u00ed v\u00a0Boha m\u00e1 za svojich bohov d\u00e9monov, teda zl\u00fdch duchov. \u00a0Ostatn\u00e9 n\u00e1bo\u017eenstv\u00e1 ako hinduizmus, \u0161intoizmus, budhizmus, \u0161amani, zoroastristi, animisti&#8230; obetovali v\u00a0katol\u00edckych priestoroch obete d\u00e9monom. Viete si predstavi\u0165, \u017ee by vo va\u0161om kostole si Budhisti, alebo hinduisti, alebo \u0161amani, alebo animisti si vykon\u00e1vali svoje obrady, okiadzanie, mantrovanie, \u017ee by vz\u00fdvali d\u00e9monov?<\/p>\n<p>Budhisti pri svojom vz\u00fdvan\u00ed d\u00e9monov postavili sochu Budhu na bohost\u00e1nok. Ke\u010f\u017ee t\u00fato ohavnos\u0165 \u2013 vz\u00fdvanie d\u00e9monov v\u00a0katol\u00edckych kostoloch pod doh\u013eadom verejnosti m\u00e1 na svedom\u00ed J\u00e1n Pavol II, mal z\u00a0toho kona\u0165 pok\u00e1nie . Verejne vyzna\u0165 tento hriech a viac to u\u017e nerobi\u0165. No opak je pravdou. Tieto stretnutia n\u00e1bo\u017eenstiev pokra\u010duj\u00fa na\u010falej.<\/p>\n<p>Posledn\u00e9 stretnutie na 25 v\u00fdro\u010die Ducha Assisi konal Benedikt XVI.\u00a0 27 okt\u00f3bra 2011. Heslo stretnutia bolo: <strong>P\u00fatnici pravdy, p\u00fatnici pokoja<\/strong><\/p>\n<p>O\u00a0tom, \u017ee tam ne\u0161lo o\u00a0zvestovanie evanjelia, \u017ee tam ne\u0161lo o\u00a0ohl\u00e1senie jedine\u010dnosti Je\u017ei\u0161a Krista si m\u00f4\u017eete prelistova\u0165 na r\u00f4znych web str\u00e1nkach. R\u00e1dio Vatik\u00e1n to na svojej str\u00e1nke cituje \u00favodn\u00e9 slov\u00e1 katol\u00edckeho kardin\u00e1la Turksona:<\/p>\n<p><a href=\"http:\/\/www.radiovaticana.org\/slo\/articolo.asp?c=532720\">http:\/\/www.radiovaticana.org\/slo\/articolo.asp?c=532720<\/a><\/p>\n<p><em>\u201eMy, poch\u00e1dzaj\u00faci z r\u00f4znych n\u00e1bo\u017eensk\u00fdch trad\u00edci\u00ed a odli\u0161n\u00fdch \u010dast\u00ed sveta, chceme obnovi\u0165 a posilni\u0165 na\u0161e \u00fasilie pri h\u013eadan\u00ed pravdy, o ktor\u00fa sa ka\u017ed\u00fd z n\u00e1s \u2013 <strong>pod\u013ea svojej vlastnej trad\u00edcie<\/strong> \u2013 neust\u00e1le usiluje. Pri\u0161li sme sem aj preto, aby sme sved\u010dili o ve\u013ekej snahe n\u00e1bo\u017eenstva o dobro, vytv\u00e1ranie pokoja, zmierenie t\u00fdch, ktor\u00ed bojuj\u00fa a o prinavr\u00e1tenie \u010dloveka do harm\u00f3nie so stvorenstvom.\u201c<\/em><\/p>\n<p>Katol\u00edcke m\u00e9di\u00e1 po slovensku neust\u00e1le ospravedl\u0148uj\u00fa tento p\u00e1pe\u017eov krok pred \u013eudom a\u00a0zneu\u017e\u00edvaj\u00fa na to Je\u017ei\u0161ove slov\u00e1:<\/p>\n<p>\u201eM\u00e1m aj in\u00e9 ovce, ktor\u00e9 nie s\u00fa z tohto ov\u010dinca. Aj tie mus\u00edm privies\u0165\u201c (Jn 10,16).<\/p>\n<p>Priebehy stretnut\u00ed aj v\u0161etko okolo toho nikde ani len n\u00e1znakom nedali najavo tieto Je\u017ei\u0161ove slov\u00e1. Nikde ani len nenazna\u010dili n\u00e1bo\u017eenstv\u00e1m, \u017ee jedin\u00e1 cesta k\u00a0pravde, jedin\u00e1 cesta k\u00a0Bohu je Je\u017ei\u0161 Kristus. Nikde sa ani len nenazna\u010dovalo, \u017ee d\u00e9monsk\u00e9 n\u00e1bo\u017eenstv\u00e1 chc\u00fa privies\u0165 k\u00a0Bohu. V\u017edy sa tam ka\u017ed\u00e9 n\u00e1bo\u017eenstvo modlilo za mier svojim sp\u00f4sobom. Teda kres\u0165ania sa modlili za mier k\u00a0Bohu a\u00a0n\u00e1bo\u017eenstv\u00e1 popieraj\u00face Boha sa modlili za mier k\u00a0d\u00e9monom.<\/p>\n<p><strong>\u00a0(2Kor 6:14)<\/strong><\/p>\n<p><em>Ne\u0165ahajte jarmo s neveriacimi! Ve\u010f ak\u00fa \u00fa\u010das\u0165 m\u00e1 spravodlivos\u0165 na nepr\u00e1vosti?! Alebo \u010do m\u00e1 spolo\u010dn\u00e9 svetlo s tmou?!<strong><\/strong> Ak\u00e1 zhoda je medzi Kristom a Beliarom?! <strong>(diablom)<\/strong> Ak\u00fd podiel m\u00e1 veriaci s neveriacim?!<strong><\/strong> A ako s\u00favis\u00ed Bo\u017e\u00ed chr\u00e1m s modlami?! A vy ste chr\u00e1m \u017eiv\u00e9ho Boha, ako hovor\u00ed Boh: <strong>\u201eBudem v nich preb\u00fdva\u0165 a medzi nimi chodi\u0165, budem ich Bohom a oni bud\u00fa moj\u00edm \u013eudom.<\/strong><strong> A preto vyjdite spomedzi nich, odde\u013ete sa, hovor\u00ed P\u00e1n, a ne\u010dist\u00e9ho sa nedot\u00fdkajte; a ja v\u00e1s prijmem<\/strong><strong> <\/strong><strong>a budem va\u0161\u00edm Otcom a vy budete mojimi synmi a dc\u00e9rami, hovor\u00ed v\u0161emoh\u00faci P\u00e1n.\u201c<\/strong><\/em><strong><\/strong><\/p>\n<p><strong>(Zjv 18:4 [SSV])<\/strong><\/p>\n<p><em>A po\u010dul som in\u00fd hlas vola\u0165 z neba: \u201eVyjdite z neho, m\u00f4j \u013eud, aby ste nemali \u00fa\u010das\u0165 na jeho hriechoch a aby sa v\u00e1m nedostalo z jeho r\u00e1n<\/em><strong><\/strong><\/p>\n<p>Benedikt XVI. na \u00a0Nov\u00fd rok 2011 v s\u00favislosti s Assisk\u00fdm stretnut\u00edm povedal:<\/p>\n<p>\u201eKto je na ceste k Bohu, nem\u00f4\u017ee neodovzd\u00e1va\u0165 pokoj, a kto vytv\u00e1ra pokoj, nem\u00f4\u017ee sa nepribli\u017eova\u0165 k Bohu.\u201c<\/p>\n<p>Ako m\u00f4\u017eu by\u013e \u013eudia vyzn\u00e1vaj\u00faci d\u00e9monov na ceste k\u00a0Bohu, ke\u010f im o\u00a0\u0148om ani slovka nepovedal? Ako uveria v\u00a0Boha, ak sa im neohl\u00e1si evanjelium? Najviac \u013eudom zbo\u017e\u0148ovan\u00ed p\u00e1pe\u017ei celej hist\u00f3rie mali jedine\u010dn\u00fa mo\u017enos\u0165 ohl\u00e1si\u0165 t\u00fdmto n\u00e1bo\u017eenstv\u00e1m evanjelium.<\/p>\n<p><strong>(Rim 10:17 [SSV])<\/strong><\/p>\n<p><em>Teda viera je z hl\u00e1sania a hl\u00e1sanie skrze Kristovo slovo.<\/em><strong><\/strong><\/p>\n<p>Ako m\u00f4\u017ee by\u0165 pod\u013ea p\u00e1pe\u017ea pokoj cesta k\u00a0Bohu? Jedin\u00e1 cesta k\u00a0Bohu je viera, je Je\u017ei\u0161 Kristus:<\/p>\n<p><strong>(Jn 14:6 [SSV])<\/strong><\/p>\n<p><em>Je\u017ei\u0161 mu odpovedal: \u201eJa som cesta, pravda a \u017eivot. Nik nepr\u00edde k Otcovi, iba cezo m\u0148a.<\/em><strong><\/strong><\/p>\n<p>Nasleduj\u00face slov\u00e1 s\u00fa z\u00a0tejto str\u00e1nky:<\/p>\n<p><a href=\"http:\/\/www.minorite.cz\/minorite-v-cr\/aktuality\/ze-sveta\/assisi-mesto-sv-frantiska.html\">http:\/\/www.minorite.cz\/minorite-v-cr\/aktuality\/ze-sveta\/assisi-mesto-sv-frantiska.html<\/a><\/p>\n<p>Po modlitb\u011b And\u011bl P\u00e1n\u011b &#8211; na Nov\u00fd rok 2011 &#8211; pape\u017e Benedikt XVI. \u0159ekl:<\/p>\n<p><em>\u201eV poselstv\u00ed k leto\u0161n\u00edmu Sv\u011btov\u00e9mu dni m\u00edru jsem pouk\u00e1zal na to, \u017ee velk\u00e1 n\u00e1bo\u017eenstv\u00ed mohou b\u00fdt d\u016fle\u017eit\u00fdm faktorem jednoty a pokoje pro lidskou rodinu, a p\u0159ipomn\u011bl jsem v t\u00e9to souvislosti, \u017ee na tento rok 2011 p\u0159ipadne 25. v\u00fdro\u010d\u00ed Sv\u011btov\u00e9ho dne modliteb za pokoj, kter\u00fd svolal do Assisi v roce 1986 ctihodn\u00fd Jan Pavel II. Proto se tento rok v \u0159\u00edjnu vyd\u00e1m jako poutn\u00edk do m\u011bsta svat\u00e9ho Franti\u0161ka a zvu na tuto pou\u0165 v\u0161echny bratry k\u0159es\u0165any r\u016fzn\u00fdch vyzn\u00e1n\u00ed, p\u0159edstavitele sv\u011btov\u00fdch n\u00e1bo\u017eensk\u00fdch tradic a v duchu i v\u0161echny lidi dobr\u00e9 v\u016fle, abychom si <strong>p\u0159ipomenuli toto velk\u00e9 historick\u00e9 gesto m\u00e9ho p\u0159edch\u016fdce a slavnostn\u011b obnovili z\u00e1vazek v\u011b\u0159\u00edc\u00edch v\u0161ech n\u00e1bo\u017eenstv\u00ed \u017e\u00edt vlastn\u00ed n\u00e1bo\u017eenskou v\u00edru jako slu\u017ebu m\u00edru.<\/strong> Kdo je na cest\u011b k\u00a0Bohu, nem\u016f\u017ee nep\u0159ed\u00e1vat pokoj, kdo vytv\u00e1\u0159\u00ed pokoj, nem\u016f\u017ee se nep\u0159ibli\u017eovat k Bohu. Vyb\u00edz\u00edm v\u00e1s, abyste u\u017e od nyn\u011bj\u0161ka prov\u00e1zeli tuto iniciativu svoj\u00ed modlitbou.&#8220; <\/em><\/p>\n<p>Hrubo vyzna\u010den\u00e9 slov\u00e1 jasne hovoria \u017ee tu nejde o\u00a0hl\u00e1sanie evanjelia, alebo Je\u017ei\u0161a Krista, ale o\u00a0to, aby si ka\u017ed\u00e9 n\u00e1bo\u017eenstvo \u017eilo svoju vlastn\u00fa vieru.<\/p>\n<p>Jasn\u00fd d\u00f4kaz \u017ee stretnutiami v\u00a0Assisi nejde Benedikt obraca\u0165\u00a0 \u013eud\u00ed na vieru v\u00a0Je\u017ei\u0161a Krista, ohl\u00e1si\u0165 im evanjelium.<\/p>\n<p>Podobne sa postavila k\u00a0r\u00f4znym n\u00e1bo\u017eenstv\u00e1m\u00a0 aj Matka Tereza.<\/p>\n<p>Vy\u0165ahovala \u013eud\u00ed z\u00a0odpadkov, dala im poste\u013e, izbu, ale do ve\u010dnosti ich nevyprevadila. \u017divot na zemi spravila Indom lep\u0161\u00edm ale poslala ich do pekla. Tak\u00e1 je krut\u00e1 pravda. Citujem:<\/p>\n<p><em>\u201eNa Matku Terezu sa v\u0161ak, hlavne v z\u00e1vere jej \u017eivota, zniesla i obrovsk\u00e1 vlna kritiky, a to zo v\u0161etk\u00fdch str\u00e1n. Niektor\u00ed katol\u00edci jej vy\u010d\u00edtali, \u017ee chudobn\u00fdm pom\u00e1ha len po materi\u00e1lnej str\u00e1nke, ale ich du\u0161iam sa nevenuje. Je pravda, \u017ee sama Tereza nieko\u013ekokr\u00e1t povedala, \u017ee <strong>chce pom\u00e1ha\u0165 \u013eu\u010fom, aby sa stali lep\u0161\u00edmi katol\u00edkmi, budhistami, moslimami, hinduistami&#8230;.proste lep\u0161\u00edmi v tom, \u010do sami veria.\u201c<\/strong><\/em><\/p>\n<p><strong>Zdroj: <\/strong><a href=\"http:\/\/www.katolici.szm.com\/ZIVOTOPISY\/September\/Tereza-z-Kalkaty.html\"><strong>http:\/\/www.katolici.szm.com\/ZIVOTOPISY\/September\/Tereza-z-Kalkaty.html<\/strong><\/a><\/p>\n<p><strong>V\u00a0\u010dom spo\u010d\u00edva hriech Assisi?<\/strong><\/p>\n<p>&#8211;\u00a0\u00a0\u00a0\u00a0\u00a0\u00a0\u00a0\u00a0\u00a0 P\u00e1pe\u017ei neohl\u00e1sili evanjelium<\/p>\n<p>&#8211;\u00a0\u00a0\u00a0\u00a0\u00a0\u00a0\u00a0\u00a0\u00a0 Pova\u017euj\u00fa v\u0161etkyn\u00e1bo\u017eenstv\u00e1 za rovnocenn\u00fa cestu ku sp\u00e1se (bez toho, aby spoznali Krista)<\/p>\n<p>&#8211;\u00a0\u00a0\u00a0\u00a0\u00a0\u00a0\u00a0\u00a0\u00a0 Zapreli Je\u017ei\u0161a Krista ako jedin\u00fa cestu k sp\u00e1se<\/p>\n<p>&#8211;\u00a0\u00a0\u00a0\u00a0\u00a0\u00a0\u00a0\u00a0\u00a0 U\u010denie Je\u017ei\u0161a Krista d\u00e1vaj\u00fa na rove\u0148 s\u00a0d\u00e9monmi<\/p>\n<p>&#8211;\u00a0\u00a0\u00a0\u00a0\u00a0\u00a0\u00a0\u00a0\u00a0 Nebesk\u00e9ho Otca pova\u017euj\u00fa za Otca kres\u0165anov aj otca d\u00e9monsk\u00fdch n\u00e1bo\u017eenstiev<\/p>\n<p>&nbsp;<\/p>\n<p>S\u00fahrnn\u00e9 video\u00a0 stretnuti v\u00a0Assisi je na tejto str\u00e1nke:<\/p>\n<p><a href=\"http:\/\/www.youtube.com\/watch?v=KazMzS5Ejks\">http:\/\/www.youtube.com\/watch?v=KazMzS5Ejks<\/a><\/p>\n<p>Ja som mal mo\u017enos\u0165 vidie\u0165 pred rokom hodinov\u00e9 video z\u00a0tohto stretnutia. Pr\u00e1ve toto video ma prin\u00fatilo sk\u00fama\u0165 kto je p\u00e1pe\u017e, \u010di n\u00e1uka katol\u00edckej cirkvi je v\u00a0s\u00falade s\u00a0Bo\u017eou n\u00e1ukou.<\/p>\n","protected":false},"excerpt":{"rendered":"<p>D\u0148a 27.10 1986 zavolal p\u00e1pe\u017e J\u00e1n Pavol II na modlitby za mier v\u0161etky mo\u017en\u00e9 n\u00e1bo\u017eenstv\u00e1 a \u201eizmy\u201c do Assisi.\u00a0 Tieto stretnutia potom pokra\u010dovali \u010falej. Stretnutia sa volaj\u00fa Duch Assisi. O\u00a0\u010do tam \u0161lo? O\u00a0hl\u00e1sanie evanjelia t\u00fdmto n\u00e1bo\u017eenstv\u00e1m? V\u00f4bec nie. P\u00e1pe\u017e dal &hellip; <a href=\"https:\/\/obratenykatolik.sk\/?page_id=2\">Pokra\u010dova\u0165 v \u010d\u00edtan\u00ed <span class=\"meta-nav\">&rarr;<\/span><\/a><\/p>\n","protected":false},"author":1,"featured_media":0,"parent":0,"menu_order":0,"comment_status":"closed","ping_status":"closed","template":"","meta":[],"_links":{"self":[{"href":"https:\/\/obratenykatolik.sk\/index.php?rest_route=\/wp\/v2\/pages\/2"}],"collection":[{"href":"https:\/\/obratenykatolik.sk\/index.php?rest_route=\/wp\/v2\/pages"}],"about":[{"href":"https:\/\/obratenykatolik.sk\/index.php?rest_route=\/wp\/v2\/types\/page"}],"author":[{"embeddable":true,"href":"https:\/\/obratenykatolik.sk\/index.php?rest_route=\/wp\/v2\/users\/1"}],"replies":[{"embeddable":true,"href":"https:\/\/obratenykatolik.sk\/index.php?rest_route=%2Fwp%2Fv2%2Fcomments&post=2"}],"version-history":[{"count":8,"href":"https:\/\/obratenykatolik.sk\/index.php?rest_route=\/wp\/v2\/pages\/2\/revisions"}],"predecessor-version":[{"id":1533,"href":"https:\/\/obratenykatolik.sk\/index.php?rest_route=\/wp\/v2\/pages\/2\/revisions\/1533"}],"wp:attachment":[{"href":"https:\/\/obratenykatolik.sk\/index.php?rest_route=%2Fwp%2Fv2%2Fmedia&parent=2"}],"curies":[{"name":"wp","href":"https:\/\/api.w.org\/{rel}","templated":true}]}}