{"id":149,"date":"2012-04-09T21:38:36","date_gmt":"2012-04-09T21:38:36","guid":{"rendered":"http:\/\/obratenykatolik.sk\/?page_id=149"},"modified":"2018-02-04T16:48:07","modified_gmt":"2018-02-04T16:48:07","slug":"sekcia-12","status":"publish","type":"page","link":"https:\/\/obratenykatolik.sk\/?page_id=149","title":{"rendered":"Ktor\u00e1 cirkev je t\u00e1 prav\u00e1?"},"content":{"rendered":"<p>V\u0161eobecne je zn\u00e1me, \u017ee existuje mnoho cirkv\u00ed. Ktor\u00e1 je potom t\u00e1 prav\u00e1?<\/p>\n<p>Pod\u013ea Ministerstva kult\u00fary SR za cirkev na Slovensku je pova\u017eovan\u00e1 ka\u017ed\u00e1 cirkev, ktor\u00e1 d\u00e1 \u010destn\u00e9 vyhl\u00e1senie \u017ee m\u00e1 viac \u00a0ako 20\u00a0000 plnolet\u00fdch \u010dlenov. Takto je cirkev schv\u00e1len\u00e1 \u0161t\u00e1tom ako cirkev. Toto je ale krit\u00e9rium \u0161t\u00e1tu.<\/p>\n<p><strong>Bo\u017eie krit\u00e9rium v\u00a0stru\u010dnosti zhrniem do tejto formul\u00e1cie:<\/strong><\/p>\n<p><strong>Ka\u017ed\u00e1 cirkev, ktor\u00e1 ohlasuje evanjelium \u2013 radostn\u00fa zves\u0165 o\u00a0sp\u00e1se a ktorej u\u010denie a autorita je zalo\u017een\u00e1, podriaden\u00e1 Bo\u017eiemu Slovu je prav\u00e1, teda patr\u00ed do Kristovho tela.<br \/>\n<\/strong><\/p>\n<p><strong>\u00a0<\/strong><\/p>\n<p><strong>\u010co je cirkev<\/strong><\/p>\n<p>Biblia hovor\u00ed, \u017ee Cirkev s\u00a0ve\u013ek\u00fdm \u201eC\u201c je len jedna a\u00a0t\u00e1 je spolo\u010denstvom spasen\u00fdch \u013eud\u00ed.\u00a0 T\u00e1to Cirkev je postaven\u00e1 na skale, na uholnom kameni ktor\u00fdm je iba Je\u017ei\u0161 Kristus\u00a0 a t\u00fato Cirkev pekeln\u00e9 br\u00e1ny neprem\u00f4\u017eu. (1Pt 2, 4-10) Pr\u00edklad:<strong><br \/>\n<\/strong><\/p>\n<p><strong>(Kol 1:18 [SSV])<\/strong><\/p>\n<p><em>On je hlavou tela, <strong>Cirkvi<\/strong>. On je po\u010diatok, prvoroden\u00fd z m\u0155tvych, aby on mal vo v\u0161etkom prvenstvo.<\/em><strong><em><\/em><\/strong><\/p>\n<p><strong>(Gal 1:13 [SSV])<\/strong><\/p>\n<p><em>Ve\u010f ste po\u010duli, ako som si kedysi po\u010d\u00ednal v \u017eidovstve: \u017ee som ve\u013emi prenasledoval Bo\u017eiu <strong>Cirkev <\/strong>a nivo\u010dil som ju.<\/em><strong><em><\/em><\/strong><\/p>\n<p>\u017diadna cirkev, ktor\u00e1 je vo svete nem\u00e1 pr\u00e1vo si d\u00e1va\u0165 ve\u013ek\u00e9 \u201eC\u201c ku n\u00e1zvu svojej cirkvi, lebo toto \u201eC\u201c patr\u00ed\u00a0 iba duchovnej jednote Kristovho tela.<\/p>\n<p>&nbsp;<\/p>\n<p><strong>Cirkev Kristovu tvor\u00ed ve\u013ek\u00e9 mno\u017estvo cirkv\u00ed s\u00a0mal\u00fdm \u201ec\u201c. S\u00fa to mal\u00e9 spolo\u010denstv\u00e1 spasen\u00fdch \u013eud\u00ed ako napr\u00edklad dom\u00e1ce spolo\u010denstv\u00e1 :<\/strong><\/p>\n<p><strong>(Rim 16:5 [SSV])<\/strong><\/p>\n<p><em>Pozdravte aj <strong>cirkev<\/strong> v ich dome.<\/em><\/p>\n<p><strong>(Kol 4:15 [SSV])<\/strong><\/p>\n<p><em>Pozdravte bratov v Laodicei aj Nymfu a <strong>cirkev<\/strong> v jej dome.<\/em><strong><em><\/em><\/strong><\/p>\n<p><strong>\u00a0<\/strong><\/p>\n<p><strong>Cirkev to je aj spolo\u010denstvo v\u00a0dedine, meste:<br \/>\n<\/strong><\/p>\n<p><strong>(Sk 15:41 [SSV])<\/strong><\/p>\n<p><em>Chodil po S\u00fdrii a Cil\u00edcii a posil\u0148oval <strong>cirkvi.<\/strong><\/em><strong><em><\/em><\/strong><\/p>\n<p><strong>(Sk 18:22 [SSV])<\/strong><\/p>\n<p><em>Ke\u010f pri\u0161iel do C\u00e9zarey, vyst\u00fapil, pozdravil <strong>cirkev<\/strong> a odi\u0161iel do Antiochie.<\/em><strong><em><\/em><\/strong><\/p>\n<p><strong>(Zjv 3:1 [SSV])<\/strong><\/p>\n<p><em>Anjelovi sardskej <strong>cirkvi<\/strong> nap\u00ed\u0161: Toto hovor\u00ed Ten, \u010do m\u00e1 sedem Bo\u017e\u00edch duchov a sedem hviezd: Pozn\u00e1m tvoje skutky; \u017ee m\u00e1\u0161 meno, akoby si \u017eil, ale si m\u0155tvy.<\/em><strong><em><\/em><\/strong><\/p>\n<p>Pokia\u013e ale h\u013ead\u00e1te dokonal\u00fa cirkev, tak ju nen\u00e1jdete. Boh toti\u017e ned\u00e1va \u017eiadnej\u00a0 cirkvi pln\u00fa m\u00fadros\u0165 poznania Bo\u017eieho zjavenia, aby sa \u017eiadna cirkev nehrala na Boha, alebo nerobila sa mu rovn\u00fdm.\u00a0 Aby si nejak\u00e1 cirkev nemyslela \u017ee je ona t\u00e1 jedin\u00e1, prav\u00e1 a\u00a0neomyln\u00e1. Preto\u017ee neomyln\u00fd je len Boh.<\/p>\n<p>Cirkev je definovan\u00e1 t\u00fdmto ver\u0161om:<\/p>\n<p><span style=\"color: #ff0000;\">Mt 18:20 Lebo kde s\u00fa dvaja alebo traja zhroma\u017eden\u00ed v mojom mene, tam som ja medzi nimi.\u201c<\/span><br \/>\nTo znamen\u00e1, \u017ee ak niekto, kto uveril evanjeliu a e\u0161te nechod\u00ed na zhroma\u017edenia spasen\u00e9ho Bo\u017eieho \u013eudu, e\u0161te netvor\u00ed cirkev.<\/p>\n<p><strong>Je Katol\u00edcka cirkev cirkvou pod\u013ea Bo\u017e\u00edch krit\u00e9ri\u00ed?<\/strong><\/p>\n<p>Katol\u00edcka cirkev hovor\u00ed o\u00a0sebe, \u017ee ona je t\u00e1 prav\u00e1. D\u00e1va si ve\u013ek\u00e9 \u201eC\u201c ku slovu cirkev.<\/p>\n<p>Nepr\u00e1vom si d\u00e1va ve\u013ek\u00e9 \u201eC\u201c lebo nesp\u013a\u0148a po\u017eiadavku v\u0161eobecnej Kristovej Cirkvi, do ktorej patria v\u0161etci spasen\u00ed. Katol\u00edcka cirkev pod\u013ea jej n\u00e1uky je spolo\u010denstvo pokrsten\u00fdch a\u00a0registrovan\u00fdch v\u00a0katol\u00edckej cirkvi. Teda nie je v\u0161eobecn\u00e1 ako to o\u00a0sebe tvrd\u00ed, lebo nezah\u0155\u0148a pod seba v\u0161etk\u00fdch \u010dlenov z\u00a0in\u00fdch cirkv\u00ed.<\/p>\n<p>O\u00a0spolo\u010denstve spasen\u00fdch nie je v\u00a0u\u010den\u00ed Katol\u00edckej cirkvi ani zmienka, ke\u010f sa definuje slovo cirkev.<\/p>\n<p>A\u00a0vyst\u00e1va ot\u00e1zka \u2013 je pod\u013ea Biblick\u00fdch krit\u00e9ri\u00ed nejak\u00fd \u010dlen katol\u00edckej cirkvi spasen\u00fd? M\u00f4\u017ee niekto poveda\u0165 o\u00a0sebe, \u017ee je spasen\u00fd a\u00a0na\u010falej sa z\u00fa\u010dast\u0148uje modl\u00e1rstva?<\/p>\n<p>Katol\u00edcka cirkev o\u00a0sebe vyhlasuje, \u017ee m\u00e1 plnos\u0165 poznania, preto je t\u00e1 prav\u00e1. Nem\u00e1 plnos\u0165 poznania, preto\u017ee z\u00e1klad svojho u\u010denia e\u0161te nem\u00e1 st\u00e1le uzavret\u00fd. St\u00e1le prib\u00fadaj\u00fa nejak\u00e9 dogmy, u\u010denie. Teda nem\u00f4\u017ee ma\u0165 plnos\u0165 poznania, lebo k \u00a0jej z\u00e1kladn\u00e9mu u\u010deniu st\u00e1le nie\u010do prib\u00fada. Jej u\u010denie je zlo\u017een\u00e9 z\u00a0Biblie, Trad\u00edcie a\u00a0z\u00a0toho, \u010do Magist\u00e9rium cirkvi uzn\u00e1 za vhodn\u00e9. No posledn\u00fdm, kto sa vyjadr\u00ed, schv\u00e1li\/neschv\u00e1li \u010domu maj\u00fa katol\u00edci veri\u0165\u00a0 je Magist\u00e9rium cirkvi na \u010dele s\u00a0p\u00e1pe\u017eom. P\u00e1pe\u017eova n\u00e1uka je viac ako Bo\u017eia n\u00e1uka. P\u00e1pe\u017eove \u013eudsk\u00e9 slovo je viac ako ve\u010dn\u00e9 Bo\u017eie slovo.<\/p>\n<p>Plnos\u0165 poznania je zjaven\u00e9 jedine v\u00a0Biblii, alebo inak\u0161ie povedan\u00e9 \u2013 v\u0161etko podstatn\u00e9 a\u00a0potrebn\u00e9 pre to, aby sme uverili v\u00a0Je\u017ei\u0161a Krista, \u017ee je Bo\u017e\u00ed syn n\u00e1m Boh zjavil v\u00a0Biblii.<\/p>\n<p>Pravos\u0165 Katol\u00edckej cirkvi zlyh\u00e1va v\u00a0jednom zo z\u00e1kladn\u00fdch krit\u00e9ri\u00ed ur\u010dovania pravosti a\u00a0to je ten, <span style=\"text-decoration: underline;\">\u017ee neohlasuje evanjelium<\/span> , ani vo svojej n\u00e1uke nem\u00e1 zakomponovan\u00e9 ohlasovanie evanjelia &#8211;\u00a0 teda radostnej zvesti o\u00a0sp\u00e1se. Katol\u00edcka cirkev si sama vymyslela svoje \u201eevanjelium\u201c, svoju cestu na dosiahnutie sp\u00e1sy. <span style=\"text-decoration: underline;\">Hl\u00e1sa in\u00e9 evanjelium. <\/span>(Gal 1:8-12) Teda pod\u013ea tohto z\u00e1kladn\u00e9ho krit\u00e9ria nemo\u017eno poveda\u0165, \u017ee Katol\u00edcka cirkev je prav\u00e1, dokonca ani nem\u00e1 pr\u00e1vo nazva\u0165 sa cirkvou. T\u00fdch bodov je ale viac, za ktor\u00e9 nemo\u017eno katol\u00edcku cirkev pova\u017eova\u0165 za cirkev. Pod\u013ea Biblie \u2013 Bo\u017eieho slova nesp\u013a\u0148a Katol\u00edcka cirkev Bo\u017eie pravidlo pre zaradenie sa do spolo\u010denstva Kristovej Cirkvi. Jednoducho, v\u00fdsti\u017ene a\u00a0\u017eia\u013e pravdivo povedan\u00e9 \u2013 Katol\u00edcka cirkev nie je cirkev. Je to \u0161t\u00e1tna<strong> <\/strong>organiz\u00e1cia.<strong> <\/strong><\/p>\n<p>&nbsp;<\/p>\n<p><strong>Kam sa zaradi\u0165?<\/strong><\/p>\n<p><strong>\u010clenstvo v\u00a0akejko\u013evek cirkvi nikomu nezaru\u010d\u00ed spasenie \u2013 ve\u010dn\u00fd \u017eivot. Spasenie je vecou osobn\u00e9ho rozhodnutia sa uveri\u0165 dielu\u00a0 Je\u017ei\u0161a Krista. Spasen\u00fd \u010dlovek potrebuje k\u00a0svojej osobnej form\u00e1cii spolo\u010denstvo, \u010di\u017ee cirkev=zbor, aby bol vyu\u010den\u00fd Bo\u017e\u00edm pravd\u00e1m a\u00a0aby mu pomohlo duchovne r\u00e1s\u0165 a formova\u0165 sa. <\/strong><\/p>\n<p>Spasen\u00fd \u010dlovek sa m\u00e1 zaradi\u0165 do spolo\u010denstva spasen\u00fdch \u013eud\u00ed. Autoritou ka\u017ed\u00e9ho spasen\u00e9ho \u010dloveka &#8211; kres\u0165ana je Biblia. Mal by sa zaradi\u0165 do cirkvi, spolo\u010denstva, v\u00a0ktorom autorita nestoj\u00ed na \u010dlovekovi, ale na Biblii, Bo\u017eom zjaven\u00ed.<\/p>\n<p>Ak m\u00e1te v\u00a0meste, dedine nejak\u00fa cirkev, alebo spolo\u010denstvo nabl\u00edzku, sk\u00famajte, \u010di jej u\u010denie a\u00a0autorita je pod\u013ea Bo\u017eieho slova. Ak \u00e1no, m\u00f4\u017eete sa k\u00a0nej zaradi\u0165.<\/p>\n<p>My Oravci, hlavne na dedin\u00e1ch nem\u00e1me na v\u00fdber. Ako jedin\u00e1 mo\u017enos\u0165\u00a0 zatia\u013e je vytv\u00e1ra\u0165 mal\u00e9 cirkvi \u2013 dom\u00e1ce spolo\u010denstv\u00e1, v\u00a0ktor\u00fdch autoritou bude Biblia. Kde sa bude \u010d\u00edta\u0165 a\u00a0sk\u00fama\u0165 Biblia \u00a0(Sk 17,11).<\/p>\n<p>Ke\u010f som sk\u00famal a\u00a0h\u013eadal, ktor\u00e1 cirkev m\u00e1 najbli\u017e\u0161ie k\u00a0pravde, ke\u010f moje srdce t\u00fa\u017eilo po\u010du\u0165 \u010do naj\u010distej\u0161ie Bo\u017eie slovo, natrafil som na mno\u017estvo web str\u00e1nok, ktor\u00e9 maj\u00fa na svojich str\u00e1nkach Biblick\u00e9 k\u00e1zne, vyu\u010dovania. Na niektor\u00fdch str\u00e1nkach mi sta\u010dilo pre\u010d\u00edta\u0165 si \u010domu veria, a\u00a0hne\u010f som zistil, \u017ee ich u\u010denie nie je celkom pod\u013ea Biblie a\u00a0\u010falej som ich nesk\u00famal.\u00a0 Niektor\u00e9 str\u00e1nky som dlh\u0161ie sk\u00famal, \u010d\u00edtal, po\u010d\u00faval. K\u00a0tak\u00e9mu najvernej\u0161iemu Biblick\u00e9mu u\u010deniu m\u00f4\u017eem po mojom sk\u00faman\u00ed zaradi\u0165\u00a0 str\u00e1nku a spolo\u010denstvo NKZ (nez\u00e1visl\u00e9 kres\u0165ansk\u00e9 zhroma\u017edenie), kde je mno\u017estvo k\u00e1zn\u00ed\u00a0 a\u00a0vyu\u010dovan\u00ed. Adresa web str\u00e1nky je v\u00a0sekcii <strong>Linky<\/strong>.<\/p>\n","protected":false},"excerpt":{"rendered":"<p>V\u0161eobecne je zn\u00e1me, \u017ee existuje mnoho cirkv\u00ed. Ktor\u00e1 je potom t\u00e1 prav\u00e1? Pod\u013ea Ministerstva kult\u00fary SR za cirkev na Slovensku je pova\u017eovan\u00e1 ka\u017ed\u00e1 cirkev, ktor\u00e1 d\u00e1 \u010destn\u00e9 vyhl\u00e1senie \u017ee m\u00e1 viac \u00a0ako 20\u00a0000 plnolet\u00fdch \u010dlenov. Takto je cirkev schv\u00e1len\u00e1 \u0161t\u00e1tom &hellip; <a href=\"https:\/\/obratenykatolik.sk\/?page_id=149\">Pokra\u010dova\u0165 v \u010d\u00edtan\u00ed <span class=\"meta-nav\">&rarr;<\/span><\/a><\/p>\n","protected":false},"author":1,"featured_media":0,"parent":0,"menu_order":0,"comment_status":"closed","ping_status":"closed","template":"","meta":[],"_links":{"self":[{"href":"https:\/\/obratenykatolik.sk\/index.php?rest_route=\/wp\/v2\/pages\/149"}],"collection":[{"href":"https:\/\/obratenykatolik.sk\/index.php?rest_route=\/wp\/v2\/pages"}],"about":[{"href":"https:\/\/obratenykatolik.sk\/index.php?rest_route=\/wp\/v2\/types\/page"}],"author":[{"embeddable":true,"href":"https:\/\/obratenykatolik.sk\/index.php?rest_route=\/wp\/v2\/users\/1"}],"replies":[{"embeddable":true,"href":"https:\/\/obratenykatolik.sk\/index.php?rest_route=%2Fwp%2Fv2%2Fcomments&post=149"}],"version-history":[{"count":10,"href":"https:\/\/obratenykatolik.sk\/index.php?rest_route=\/wp\/v2\/pages\/149\/revisions"}],"predecessor-version":[{"id":1550,"href":"https:\/\/obratenykatolik.sk\/index.php?rest_route=\/wp\/v2\/pages\/149\/revisions\/1550"}],"wp:attachment":[{"href":"https:\/\/obratenykatolik.sk\/index.php?rest_route=%2Fwp%2Fv2%2Fmedia&parent=149"}],"curies":[{"name":"wp","href":"https:\/\/api.w.org\/{rel}","templated":true}]}}