{"id":1283,"date":"2016-11-25T14:26:06","date_gmt":"2016-11-25T14:26:06","guid":{"rendered":"http:\/\/obratenykatolik.sk\/?page_id=1283"},"modified":"2018-02-04T16:58:41","modified_gmt":"2018-02-04T16:58:41","slug":"pater-chiniqui","status":"publish","type":"page","link":"https:\/\/obratenykatolik.sk\/?page_id=1283","title":{"rendered":"P\u00e1ter Chiniqui"},"content":{"rendered":"<h4>Kniha P\u00e1ter Chiniquy, b\u00fdval\u00fd R\u00edmskokatol\u00edcky k\u0148az obr\u00e1ten\u00fd na Biblick\u00fa vieru.<\/h4>\n<p><a href=\"https:\/\/obratenykatolik.sk\/wp-content\/uploads\/Pater_Chiniguy.pdf\">Pater_Chiniquy<\/a><\/p>\n<p>Kniha popisuje R\u00edmskokatol\u00edcku cirkev v\u00a0Kanade a\u00a0USA po\u010das koloniz\u00e1cie v\u00a019. a\u00a020. storo\u010d\u00ed. Autor sa s\u00fastre\u010fuje predov\u0161etk\u00fdm na zobrazenie mocnej ruky R\u00edmskokatol\u00edckych k\u0148azov nad oby\u010dajn\u00fdm \u010dlovekom skrze o\u010distcov\u00fd ohe\u0148. A\u00a0na\u00a0v\u0161emocn\u00fa autoritu biskupov, v\u00a0ktor\u00fdch v\u00f4li bolo v\u0161etko. \u010ealej autor popisuje ako sa R\u00edmskokatol\u00edcke autority, ale aj k\u0148azi vo\u010di sebe spr\u00e1vali (aj dnes spr\u00e1vaj\u00fa) vo\u010di k\u0148azom, ktor\u00ed chc\u00fa kona\u0165 nie\u010do navy\u0161e. Ich dielo zneva\u017euj\u00fa, vysmievaj\u00fa sa mu a\u00a0klad\u00fa mu v\u0161elijak\u00e9 prek\u00e1\u017eky, len aby nevyt\u0155\u010dali z\u00a0radu.<\/p>\n<p>P\u00e1ter Chiniquy v\u00a0Kanade, ale aj po svete zalo\u017eil spolky striezlivosti&#8230; E\u0161te ako R\u00edmskokatol\u00edcky k\u0148az bol zo z\u00e1visti nespravodlivo obvinen\u00fd z\u00a0klamstiev, ktor\u00e9 na\u0148ho vymyslel biskup a\u00a0k\u0148azi. Vtedy jeho obh\u00e1jcom bol Abrah\u00e1m Lincoln, bud\u00faci prezident \u00a0USA.<\/p>\n<p>Roz\u0161iroval Biblie medzi oby\u010dajn\u00fdm \u013eudom a\u00a0u\u010dil ich \u010d\u00edta\u0165 a\u00a0rozm\u00fd\u0161\u013ea\u0165 nad Bo\u017e\u00edm slovom, ktor\u00e9 sa mu nakoniec odhalilo v\u00a0plnej pravde a\u00a0v\u010faka jeho obr\u00e1teniu sa potom obr\u00e1tila takmer cel\u00e1 jeho farnos\u0165 ku kres\u0165anstvu a\u00a0nesk\u00f4r aj in\u00e9 katol\u00edcke farnosti po okol\u00ed. Tak sa p\u00e1ter stal v\u00a0o\u010diach biskupov a k\u0148azov odpadl\u00edkom a\u00a0R\u00edmskokatol\u00edcky z\u00e1kon tak\u00fdchto odpadl\u00edkov prikazoval zabi\u0165. No v\u017edy z\u00e1zra\u010dn\u00fdm sp\u00f4sobom ho Boh vyslobodil z\u00a0mnoh\u00fdch ukame\u0148ovan\u00ed, alebo pripravovan\u00fdch vr\u00e1\u017ed R\u00edmskych k\u0148azov a\u00a0R\u00edmskych katol\u00edkov.<\/p>\n<p>Ve\u013emi p\u00fatav\u00e9 \u010d\u00edtanie, ktor\u00e9 napriek mno\u017estvu str\u00e1n sa d\u00e1 pre\u010d\u00edta\u0165 na jeden d\u00fa\u0161ok.<\/p>\n<p>Ja u\u017e len dod\u00e1vam, \u017ee tento obraz R\u00edmskokatol\u00edckej vl\u00e1dy sa po II Vatik\u00e1nskom koncile zmenil na nevidite\u013en\u00fa taktiku humanizmu a\u00a0ekumenizmu. No to, \u010do sa robilo vtedy v\u00a0semin\u00e1roch, \u010do robili k\u0148azi, biskupi, to sa e\u0161te tie\u017e aj dnes prejavuje, ale u\u017e v\u00a0men\u0161ej miere.<\/p>\n<p>Kie\u017e by toto svedectvo otvorilo o\u010di k\u0148azom a\u00a0uvideli tak hriechy ich n\u00e1bo\u017eenstva, ktor\u00e9 poch\u00e1dza z\u00a0\u013eudsk\u00fdch v\u00fdmyslov a\u00a0nie od Boha a tak sa zriekli R\u00edmskej totality. A\u00a0kie\u017e by Bo\u017eie slovo , ktor\u00e9 \u010d\u00edtaj\u00fa denne v\u00a0kostoloch a\u00a0v\u00a0brevi\u00e1ri osvietilo ich mysle a\u00a0zachr\u00e1nilo ich vo viere a\u00a0v\u00a0d\u00f4vere jedine v\u00a0Krista Je\u017ei\u0161a. \u00a0V\u00a0modlitb\u00e1ch za tento \u00famysel<\/p>\n<p>Ras\u0165o<\/p>\n","protected":false},"excerpt":{"rendered":"<p>Kniha P\u00e1ter Chiniquy, b\u00fdval\u00fd R\u00edmskokatol\u00edcky k\u0148az obr\u00e1ten\u00fd na Biblick\u00fa vieru. Pater_Chiniquy Kniha popisuje R\u00edmskokatol\u00edcku cirkev v\u00a0Kanade a\u00a0USA po\u010das koloniz\u00e1cie v\u00a019. a\u00a020. storo\u010d\u00ed. Autor sa s\u00fastre\u010fuje predov\u0161etk\u00fdm na zobrazenie mocnej ruky R\u00edmskokatol\u00edckych k\u0148azov nad oby\u010dajn\u00fdm \u010dlovekom skrze o\u010distcov\u00fd ohe\u0148. A\u00a0na\u00a0v\u0161emocn\u00fa autoritu &hellip; <a href=\"https:\/\/obratenykatolik.sk\/?page_id=1283\">Pokra\u010dova\u0165 v \u010d\u00edtan\u00ed <span class=\"meta-nav\">&rarr;<\/span><\/a><\/p>\n","protected":false},"author":1,"featured_media":0,"parent":0,"menu_order":0,"comment_status":"closed","ping_status":"closed","template":"","meta":[],"_links":{"self":[{"href":"https:\/\/obratenykatolik.sk\/index.php?rest_route=\/wp\/v2\/pages\/1283"}],"collection":[{"href":"https:\/\/obratenykatolik.sk\/index.php?rest_route=\/wp\/v2\/pages"}],"about":[{"href":"https:\/\/obratenykatolik.sk\/index.php?rest_route=\/wp\/v2\/types\/page"}],"author":[{"embeddable":true,"href":"https:\/\/obratenykatolik.sk\/index.php?rest_route=\/wp\/v2\/users\/1"}],"replies":[{"embeddable":true,"href":"https:\/\/obratenykatolik.sk\/index.php?rest_route=%2Fwp%2Fv2%2Fcomments&post=1283"}],"version-history":[{"count":5,"href":"https:\/\/obratenykatolik.sk\/index.php?rest_route=\/wp\/v2\/pages\/1283\/revisions"}],"predecessor-version":[{"id":1583,"href":"https:\/\/obratenykatolik.sk\/index.php?rest_route=\/wp\/v2\/pages\/1283\/revisions\/1583"}],"wp:attachment":[{"href":"https:\/\/obratenykatolik.sk\/index.php?rest_route=%2Fwp%2Fv2%2Fmedia&parent=1283"}],"curies":[{"name":"wp","href":"https:\/\/api.w.org\/{rel}","templated":true}]}}